{"id":3853,"date":"2021-08-31T12:28:31","date_gmt":"2021-08-31T10:28:31","guid":{"rendered":"https:\/\/simply-delicious.nl\/?page_id=3853"},"modified":"2021-08-31T12:49:45","modified_gmt":"2021-08-31T10:49:45","slug":"privacy-statement","status":"publish","type":"page","link":"https:\/\/www.geha-laverman.com\/fr\/privacy-statement\/","title":{"rendered":"D\u00e9claration de confidentialit\u00e9"},"content":{"rendered":"<div data-elementor-type=\"wp-page\" data-elementor-id=\"3853\" class=\"elementor elementor-3853\" data-elementor-post-type=\"page\">\n\t\t\t\t\t\t<section class=\"elementor-section elementor-top-section elementor-element elementor-element-762386e elementor-section-boxed elementor-section-height-default elementor-section-height-default\" data-id=\"762386e\" data-element_type=\"section\" data-e-type=\"section\" data-settings=\"{&quot;jet_parallax_layout_list&quot;:[]}\">\n\t\t\t\t\t\t<div class=\"elementor-container elementor-column-gap-default\">\n\t\t\t\t\t<div class=\"elementor-column elementor-col-100 elementor-top-column elementor-element elementor-element-c767fac\" data-id=\"c767fac\" data-element_type=\"column\" data-e-type=\"column\">\n\t\t\t<div class=\"elementor-widget-wrap elementor-element-populated\">\n\t\t\t\t\t\t<div class=\"elementor-element elementor-element-3f9d190 elementor-widget elementor-widget-heading\" data-id=\"3f9d190\" data-element_type=\"widget\" data-e-type=\"widget\" data-widget_type=\"heading.default\">\n\t\t\t\t<div class=\"elementor-widget-container\">\n\t\t\t\t\t<h2 class=\"elementor-heading-title elementor-size-default\">D\u00e9claration de confidentialit\u00e9<\/h2>\t\t\t\t<\/div>\n\t\t\t\t<\/div>\n\t\t\t\t<div class=\"elementor-element elementor-element-81d710f elementor-widget elementor-widget-heading\" data-id=\"81d710f\" data-element_type=\"widget\" data-e-type=\"widget\" data-widget_type=\"heading.default\">\n\t\t\t\t<div class=\"elementor-widget-container\">\n\t\t\t\t\t<h3 class=\"elementor-heading-title elementor-size-default\">1. G\u00e9n\u00e9ralit\u00e9s<\/h3>\t\t\t\t<\/div>\n\t\t\t\t<\/div>\n\t\t\t\t<div class=\"elementor-element elementor-element-5aac4fc elementor-widget elementor-widget-text-editor\" data-id=\"5aac4fc\" data-element_type=\"widget\" data-e-type=\"widget\" data-widget_type=\"text-editor.default\">\n\t\t\t\t<div class=\"elementor-widget-container\">\n\t\t\t\t\t\t\t\t\t<p>Geha Laverman BV traite les donn\u00e9es personnelles des visiteurs de son site web avec le plus grand soin.<br \/>Les donn\u00e9es collect\u00e9es par Geha Laverman BV sont utilis\u00e9es pour pouvoir conclure et ex\u00e9cuter les accords relatifs \u00e0 nos services, g\u00e9rer les relations qui en d\u00e9coulent, maintenir le contact, pouvoir vous fournir un bon service, tenir des statistiques web et respecter les obligations l\u00e9gales auxquelles Geha Laverman BV est soumis. Vous pouvez, par exemple, penser aux donn\u00e9es suivantes : votre nom, votre organisation, votre fonction, votre adresse, votre num\u00e9ro de t\u00e9l\u00e9phone et votre adresse \u00e9lectronique.<\/p><p>Nous respectons la vie priv\u00e9e de nos clients. Les donn\u00e9es personnelles sont trait\u00e9es d'une mani\u00e8re conforme aux exigences de la loi sur la protection des donn\u00e9es et du r\u00e8glement g\u00e9n\u00e9ral sur la protection des donn\u00e9es.<br \/><br \/>Geha Laverman BV traite avec soin les informations personnelles que vous lui communiquez. Ceci s'applique \u00e9galement aux informations que vous fournissez \u00e0 Geha Laverman BV via le site web. Les informations personnelles que vous nous communiquez sont toujours trait\u00e9es de mani\u00e8re confidentielle.<\/p>\t\t\t\t\t\t\t\t<\/div>\n\t\t\t\t<\/div>\n\t\t\t\t<div class=\"elementor-element elementor-element-041eca2 elementor-widget elementor-widget-heading\" data-id=\"041eca2\" data-element_type=\"widget\" data-e-type=\"widget\" data-widget_type=\"heading.default\">\n\t\t\t\t<div class=\"elementor-widget-container\">\n\t\t\t\t\t<h3 class=\"elementor-heading-title elementor-size-default\">2. Utilisation des donn\u00e9es<\/h3>\t\t\t\t<\/div>\n\t\t\t\t<\/div>\n\t\t\t\t<div class=\"elementor-element elementor-element-9e495d4 elementor-widget elementor-widget-text-editor\" data-id=\"9e495d4\" data-element_type=\"widget\" data-e-type=\"widget\" data-widget_type=\"text-editor.default\">\n\t\t\t\t<div class=\"elementor-widget-container\">\n\t\t\t\t\t\t\t\t\t<p>Nous utilisons les donn\u00e9es que vous avez saisies sur notre site web pour r\u00e9pondre \u00e0 votre requ\u00eate, votre demande ou votre commande.<br \/>Les donn\u00e9es parviendront \u00e0 Geha Laverman BV Dans le cas susmentionn\u00e9, vos donn\u00e9es ne seront trait\u00e9es que pour \u00e9tablir votre identit\u00e9 et emp\u00eacher toute utilisation abusive par des tiers, ainsi que pour vous contacter et rester en contact avec vous.<\/p>\t\t\t\t\t\t\t\t<\/div>\n\t\t\t\t<\/div>\n\t\t\t\t<div class=\"elementor-element elementor-element-4500880 elementor-widget elementor-widget-heading\" data-id=\"4500880\" data-element_type=\"widget\" data-e-type=\"widget\" data-widget_type=\"heading.default\">\n\t\t\t\t<div class=\"elementor-widget-container\">\n\t\t\t\t\t<h3 class=\"elementor-heading-title elementor-size-default\">3. Base<\/h3>\t\t\t\t<\/div>\n\t\t\t\t<\/div>\n\t\t\t\t<div class=\"elementor-element elementor-element-cec2856 elementor-widget elementor-widget-text-editor\" data-id=\"cec2856\" data-element_type=\"widget\" data-e-type=\"widget\" data-widget_type=\"text-editor.default\">\n\t\t\t\t<div class=\"elementor-widget-container\">\n\t\t\t\t\t\t\t\t\t<p>Geha Laverman BV traite vos donn\u00e9es personnelles sur la base des fondements juridiques suivants : votre consentement (que vous pouvez \u00e9galement r\u00e9voquer en nous contactant) ; en ex\u00e9cution d'un accord auquel vous \u00eates partie (par exemple, dans le cadre de la prestation de nos services) ; pour respecter une obligation l\u00e9gale qui nous incombe ; pour repr\u00e9senter notre int\u00e9r\u00eat l\u00e9gitime ou celui d'un tiers.<br \/><br \/>Par exemple, notre int\u00e9r\u00eat est d'am\u00e9liorer le site web en d\u00e9terminant quelles informations sont les plus pertinentes pour les visiteurs.<\/p>\t\t\t\t\t\t\t\t<\/div>\n\t\t\t\t<\/div>\n\t\t\t\t<div class=\"elementor-element elementor-element-fc75ec9 elementor-widget elementor-widget-heading\" data-id=\"fc75ec9\" data-element_type=\"widget\" data-e-type=\"widget\" data-widget_type=\"heading.default\">\n\t\t\t\t<div class=\"elementor-widget-container\">\n\t\t\t\t\t<h3 class=\"elementor-heading-title elementor-size-default\">4. Transmission<\/h3>\t\t\t\t<\/div>\n\t\t\t\t<\/div>\n\t\t\t\t<div class=\"elementor-element elementor-element-532b84d elementor-widget elementor-widget-text-editor\" data-id=\"532b84d\" data-element_type=\"widget\" data-e-type=\"widget\" data-widget_type=\"text-editor.default\">\n\t\t\t\t<div class=\"elementor-widget-container\">\n\t\t\t\t\t\t\t\t\t<p>Nous ne mettons pas les informations personnelles \u00e0 la disposition de tiers. Dans le cadre de ses activit\u00e9s, Geha Laverman BV fait appel \u00e0 des tiers qui lui fournissent des services. Un accord de traitement a \u00e9t\u00e9 conclu avec ces parties, dans lequel la s\u00e9curit\u00e9 de vos donn\u00e9es personnelles est garantie. <br \/>Geha Laverman BV ne divulgue des informations personnelles que si elle y est oblig\u00e9e, par exemple dans le cadre de la pr\u00e9vention ou de la d\u00e9tection d'infractions p\u00e9nales. Les informations personnelles ne seront pas communiqu\u00e9es \u00e0 des tiers \u00e0 des fins de marketing direct.<\/p>\t\t\t\t\t\t\t\t<\/div>\n\t\t\t\t<\/div>\n\t\t\t\t<div class=\"elementor-element elementor-element-213fabb elementor-widget elementor-widget-heading\" data-id=\"213fabb\" data-element_type=\"widget\" data-e-type=\"widget\" data-widget_type=\"heading.default\">\n\t\t\t\t<div class=\"elementor-widget-container\">\n\t\t\t\t\t<h3 class=\"elementor-heading-title elementor-size-default\">5. S\u00e9curit\u00e9<\/h3>\t\t\t\t<\/div>\n\t\t\t\t<\/div>\n\t\t\t\t<div class=\"elementor-element elementor-element-b0c9f2a elementor-widget elementor-widget-text-editor\" data-id=\"b0c9f2a\" data-element_type=\"widget\" data-e-type=\"widget\" data-widget_type=\"text-editor.default\">\n\t\t\t\t<div class=\"elementor-widget-container\">\n\t\t\t\t\t\t\t\t\t<p>Pour emp\u00eacher tout acc\u00e8s non autoris\u00e9 \u00e0 vos donn\u00e9es personnelles, Geha Laverman BV a pris diverses mesures de s\u00e9curit\u00e9 techniques et organisationnelles, y compris des mesures contre l'acc\u00e8s non autoris\u00e9, l'utilisation non autoris\u00e9e, la modification non autoris\u00e9e, la destruction ill\u00e9gale et involontaire et la perte involontaire. Toutes les informations personnelles sont trait\u00e9es de mani\u00e8re confidentielle et sont stock\u00e9es sur des serveurs s\u00e9curis\u00e9s.<\/p>\t\t\t\t\t\t\t\t<\/div>\n\t\t\t\t<\/div>\n\t\t\t\t<div class=\"elementor-element elementor-element-1827e2b elementor-widget elementor-widget-heading\" data-id=\"1827e2b\" data-element_type=\"widget\" data-e-type=\"widget\" data-widget_type=\"heading.default\">\n\t\t\t\t<div class=\"elementor-widget-container\">\n\t\t\t\t\t<h3 class=\"elementor-heading-title elementor-size-default\">6. Gauche<\/h3>\t\t\t\t<\/div>\n\t\t\t\t<\/div>\n\t\t\t\t<div class=\"elementor-element elementor-element-8d000b4 elementor-widget elementor-widget-text-editor\" data-id=\"8d000b4\" data-element_type=\"widget\" data-e-type=\"widget\" data-widget_type=\"text-editor.default\">\n\t\t\t\t<div class=\"elementor-widget-container\">\n\t\t\t\t\t\t\t\t\t<p>Le site web de Geha Laverman BV contient des liens vers des sites web d'autres organisations. Geha Laverman BV n'est pas responsable du contenu de ces sites web. Geha Laverman BV n'est pas non plus responsable de la protection de la vie priv\u00e9e sur ces sites Web ou des services qui peuvent \u00eatre offerts par l'interm\u00e9diaire de ces sites Web.<\/p>\t\t\t\t\t\t\t\t<\/div>\n\t\t\t\t<\/div>\n\t\t\t\t<div class=\"elementor-element elementor-element-ced7670 elementor-widget elementor-widget-heading\" data-id=\"ced7670\" data-element_type=\"widget\" data-e-type=\"widget\" data-widget_type=\"heading.default\">\n\t\t\t\t<div class=\"elementor-widget-container\">\n\t\t\t\t\t<h3 class=\"elementor-heading-title elementor-size-default\">7. Utilisation de cookies<\/h3>\t\t\t\t<\/div>\n\t\t\t\t<\/div>\n\t\t\t\t<div class=\"elementor-element elementor-element-4125a5b elementor-widget elementor-widget-text-editor\" data-id=\"4125a5b\" data-element_type=\"widget\" data-e-type=\"widget\" data-widget_type=\"text-editor.default\">\n\t\t\t\t<div class=\"elementor-widget-container\">\n\t\t\t\t\t\t\t\t\t<p>Le site web de Geha Laverman BV utilise des cookies. Un cookie est un petit fichier simple envoy\u00e9 avec les pages de ce site web et stock\u00e9 par votre navigateur sur le disque dur de votre ordinateur.<\/p><p>Vous pouvez d\u00e9sactiver ces cookies via votre navigateur, mais cela peut nuire au fonctionnement de notre site web. Vous ne pouvez supprimer les cookies que vous-m\u00eame, car ils sont stock\u00e9s sur votre ordinateur. Veuillez consulter le manuel de votre navigateur.<br \/><br \/>Sur notre site web, un cookie est install\u00e9 par la soci\u00e9t\u00e9 am\u00e9ricaine Google, dans le cadre du service \"Analytics\". Nous utilisons Google Analytics pour analyser et am\u00e9liorer le comportement des internautes sur notre site web. Nous utilisons \u00e9galement Google Analytics pour analyser les publicit\u00e9s en ligne telles que Google Adwords. Google peut transmettre ces informations \u00e0 des tiers si Google en a l'obligation l\u00e9gale ou dans la mesure o\u00f9 des tiers traitent ces informations pour le compte de Google. Nous n'avons aucune influence sur ce point. Nous n'avons pas autoris\u00e9 Google \u00e0 utiliser les informations obtenues dans le cadre d'Analytics pour d'autres services Google. Les informations obtenues, y compris l'adresse de votre ordinateur (adresse IP), sont stock\u00e9es par Google. Pour plus d'informations, consultez les r\u00e8gles de confidentialit\u00e9 de Google et de Google Analytics.<br \/><br \/>Si vous avez des questions ou des commentaires sur la politique de notre site en mati\u00e8re de cookies, veuillez vous adresser \u00e0 <a href=\"https:\/\/www.geha-laverman.com\/fr\/contact\/\">contact<\/a> avec nous via notre site web.<\/p>\t\t\t\t\t\t\t\t<\/div>\n\t\t\t\t<\/div>\n\t\t\t\t<div class=\"elementor-element elementor-element-8a8bdee elementor-widget elementor-widget-heading\" data-id=\"8a8bdee\" data-element_type=\"widget\" data-e-type=\"widget\" data-widget_type=\"heading.default\">\n\t\t\t\t<div class=\"elementor-widget-container\">\n\t\t\t\t\t<h3 class=\"elementor-heading-title elementor-size-default\">8. P\u00e9riode de conservation<\/h3>\t\t\t\t<\/div>\n\t\t\t\t<\/div>\n\t\t\t\t<div class=\"elementor-element elementor-element-0b72038 elementor-widget elementor-widget-text-editor\" data-id=\"0b72038\" data-element_type=\"widget\" data-e-type=\"widget\" data-widget_type=\"text-editor.default\">\n\t\t\t\t<div class=\"elementor-widget-container\">\n\t\t\t\t\t\t\t\t\t<p>Vos donn\u00e9es personnelles ne seront pas conserv\u00e9es plus longtemps que ce qui est strictement n\u00e9cessaire \u00e0 une bonne gestion. Geha Laverman BV utilise une p\u00e9riode de deux ans apr\u00e8s le dernier contact, apr\u00e8s quoi les donn\u00e9es seront d\u00e9truites. La loi peut prescrire une p\u00e9riode de conservation diff\u00e9rente. Dans ce cas, Geha Laverman BV se conformera \u00e0 la p\u00e9riode de conservation l\u00e9gale prescrite.<\/p>\t\t\t\t\t\t\t\t<\/div>\n\t\t\t\t<\/div>\n\t\t\t\t<div class=\"elementor-element elementor-element-7329949 elementor-widget elementor-widget-heading\" data-id=\"7329949\" data-element_type=\"widget\" data-e-type=\"widget\" data-widget_type=\"heading.default\">\n\t\t\t\t<div class=\"elementor-widget-container\">\n\t\t\t\t\t<h3 class=\"elementor-heading-title elementor-size-default\">9. Vos droits en tant que personne concern\u00e9e<\/h3>\t\t\t\t<\/div>\n\t\t\t\t<\/div>\n\t\t\t\t<div class=\"elementor-element elementor-element-2426a38 elementor-widget elementor-widget-text-editor\" data-id=\"2426a38\" data-element_type=\"widget\" data-e-type=\"widget\" data-widget_type=\"text-editor.default\">\n\t\t\t\t<div class=\"elementor-widget-container\">\n\t\t\t\t\t\t\t\t\t<p>Droit \u00e0 l'information : le droit de savoir si des donn\u00e9es \u00e0 caract\u00e8re personnel vous concernant sont trait\u00e9es, lesquelles et dans quel but.<br \/><br \/>Droit de consultation : droit de consulter et de copier ces donn\u00e9es dans la mesure o\u00f9 cela ne porte pas atteinte \u00e0 la vie priv\u00e9e d'une autre personne. Le droit de copie est soumis \u00e0 un montant de 5 euros par copie et, s'il s'agit de plus de 100 pages, \u00e0 un montant de 22,50 euros, payable d'avance. Geha Laverman BV indiquera quelles sont les donn\u00e9es \u00e0 caract\u00e8re personnel concern\u00e9es, quel est le but de l'utilisation, quelle est l'origine des donn\u00e9es si et dans la mesure o\u00f9 elle est connue.<br \/><br \/>Droit de rectification et d'effacement : droit de rectifier, de compl\u00e9ter ou d'effacer les donn\u00e9es si n\u00e9cessaire. Le droit de demander l'effacement (partiel) de vos donn\u00e9es ne peut \u00eatre exerc\u00e9 que si la conservation des donn\u00e9es ne pr\u00e9sente pas d'int\u00e9r\u00eat significatif pour une autre personne et si les donn\u00e9es ne doivent pas \u00eatre conserv\u00e9es en vertu d'une disposition l\u00e9gale.<br \/><br \/>Le droit d'opposition : le droit de s'opposer au traitement de vos donn\u00e9es dans certains cas.<br \/><br \/>Si vous souhaitez exercer vos droits, vous pouvez l'indiquer par \u00e9crit\/par e-mail \u00e0 Geha Laverman BV. Si votre demande est rejet\u00e9e, vous en serez inform\u00e9. Vous recevrez une notification \u00e9crite de Geha Laverman BV dans les 4 semaines suivant la r\u00e9ception de votre demande. <\/p><p>De m\u00eame, si vous avez une plainte concernant le traitement de vos donn\u00e9es personnelles, vous pouvez contacter Geha Laverman BV et Geha Laverman BV essaiera de trouver une solution avec vous.<br \/><br \/>Nos coordonn\u00e9es actuelles sont disponibles sur le site web de Geha Laverman BV. Si vous envoyez \u00e0 Geha Laverman BV un message concernant ce r\u00e8glement ou tout autre sujet connexe, veuillez mentionner \"D\u00e9claration de confidentialit\u00e9\" dans l'objet du message.<\/p>\t\t\t\t\t\t\t\t<\/div>\n\t\t\t\t<\/div>\n\t\t\t\t<div class=\"elementor-element elementor-element-5c7c7db elementor-widget elementor-widget-heading\" data-id=\"5c7c7db\" data-element_type=\"widget\" data-e-type=\"widget\" data-widget_type=\"heading.default\">\n\t\t\t\t<div class=\"elementor-widget-container\">\n\t\t\t\t\t<h3 class=\"elementor-heading-title elementor-size-default\">10. Modification de la d\u00e9claration de confidentialit\u00e9<\/h3>\t\t\t\t<\/div>\n\t\t\t\t<\/div>\n\t\t\t\t<div class=\"elementor-element elementor-element-b93be08 elementor-widget elementor-widget-text-editor\" data-id=\"b93be08\" data-element_type=\"widget\" data-e-type=\"widget\" data-widget_type=\"text-editor.default\">\n\t\t\t\t<div class=\"elementor-widget-container\">\n\t\t\t\t\t\t\t\t\t<p>Geha Laverman BV se r\u00e9serve le droit de modifier cette politique de confidentialit\u00e9. <br \/>Cette d\u00e9claration de confidentialit\u00e9 peut \u00eatre consult\u00e9e en ligne.<\/p>\t\t\t\t\t\t\t\t<\/div>\n\t\t\t\t<\/div>\n\t\t\t\t\t<\/div>\n\t\t<\/div>\n\t\t\t\t\t<\/div>\n\t\t<\/section>\n\t\t\t\t<\/div>","protected":false},"excerpt":{"rendered":"<p>Privacy Statement 1. Algemeen Geha Laverman BV behandelt persoonsgegevens van bezoekers van haar website met de grootst mogelijke zorgvuldigheid.De gegevens die Geha Laverman BV verzamelt worden gebruikt voor het mogen aangaan en uitvoeren van de overeenkomsten met betrekking tot onze diensten, het beheren van de daaruit voortvloeiende relaties, het onderhouden van contact, om u op [&hellip;]<\/p>\n","protected":false},"author":1,"featured_media":0,"parent":0,"menu_order":0,"comment_status":"closed","ping_status":"closed","template":"","meta":{"footnotes":""},"class_list":["post-3853","page","type-page","status-publish","hentry"],"yoast_head":"<!-- This site is optimized with the Yoast SEO Premium plugin v27.1 (Yoast SEO v27.1.1) - https:\/\/yoast.com\/product\/yoast-seo-premium-wordpress\/ -->\n<title>Privacy Statement - Geha Laverman<\/title>\n<meta name=\"robots\" content=\"index, follow, max-snippet:-1, max-image-preview:large, max-video-preview:-1\" \/>\n<link rel=\"canonical\" href=\"https:\/\/www.geha-laverman.com\/fr\/privacy-statement\/\" \/>\n<meta property=\"og:locale\" content=\"fr_FR\" \/>\n<meta property=\"og:type\" content=\"article\" \/>\n<meta property=\"og:title\" content=\"Privacy Statement\" \/>\n<meta property=\"og:description\" content=\"Privacy Statement 1. Algemeen Geha Laverman BV behandelt persoonsgegevens van bezoekers van haar website met de grootst mogelijke zorgvuldigheid.De\" \/>\n<meta property=\"og:url\" content=\"https:\/\/www.geha-laverman.com\/fr\/privacy-statement\/\" \/>\n<meta property=\"og:site_name\" content=\"Geha Laverman\" \/>\n<meta property=\"article:modified_time\" content=\"2021-08-31T10:49:45+00:00\" \/>\n<meta name=\"twitter:card\" content=\"summary_large_image\" \/>\n<meta name=\"twitter:label1\" content=\"Est. reading time\" \/>\n\t<meta name=\"twitter:data1\" content=\"5 minutes\" \/>\n<script type=\"application\/ld+json\" class=\"yoast-schema-graph\">{\"@context\":\"https:\/\/schema.org\",\"@graph\":[{\"@type\":\"WebPage\",\"@id\":\"https:\/\/www.geha-laverman.com\/privacy-statement\/\",\"url\":\"https:\/\/www.geha-laverman.com\/privacy-statement\/\",\"name\":\"Privacy Statement - Geha Laverman\",\"isPartOf\":{\"@id\":\"https:\/\/www.geha-laverman.com\/#website\"},\"datePublished\":\"2021-08-31T10:28:31+00:00\",\"dateModified\":\"2021-08-31T10:49:45+00:00\",\"breadcrumb\":{\"@id\":\"https:\/\/www.geha-laverman.com\/privacy-statement\/#breadcrumb\"},\"inLanguage\":\"fr-FR\",\"potentialAction\":[{\"@type\":\"ReadAction\",\"target\":[\"https:\/\/www.geha-laverman.com\/privacy-statement\/\"]}]},{\"@type\":\"BreadcrumbList\",\"@id\":\"https:\/\/www.geha-laverman.com\/privacy-statement\/#breadcrumb\",\"itemListElement\":[{\"@type\":\"ListItem\",\"position\":1,\"name\":\"Home\",\"item\":\"https:\/\/www.geha-laverman.com\/\"},{\"@type\":\"ListItem\",\"position\":2,\"name\":\"Privacy Statement\"}]},{\"@type\":\"WebSite\",\"@id\":\"https:\/\/www.geha-laverman.com\/#website\",\"url\":\"https:\/\/www.geha-laverman.com\/\",\"name\":\"Geha Laverman\",\"description\":\"| Hardox Wearparts Center\",\"publisher\":{\"@id\":\"https:\/\/www.geha-laverman.com\/#organization\"},\"potentialAction\":[{\"@type\":\"SearchAction\",\"target\":{\"@type\":\"EntryPoint\",\"urlTemplate\":\"https:\/\/www.geha-laverman.com\/?s={search_term_string}\"},\"query-input\":{\"@type\":\"PropertyValueSpecification\",\"valueRequired\":true,\"valueName\":\"search_term_string\"}}],\"inLanguage\":\"fr-FR\"},{\"@type\":\"Organization\",\"@id\":\"https:\/\/www.geha-laverman.com\/#organization\",\"name\":\"Geha Laverman\",\"url\":\"https:\/\/www.geha-laverman.com\/\",\"logo\":{\"@type\":\"ImageObject\",\"inLanguage\":\"fr-FR\",\"@id\":\"https:\/\/www.geha-laverman.com\/#\/schema\/logo\/image\/\",\"url\":\"https:\/\/www.geha-laverman.com\/wp-content\/uploads\/2021\/05\/GehaLavermanLogo-1.svg\",\"contentUrl\":\"https:\/\/www.geha-laverman.com\/wp-content\/uploads\/2021\/05\/GehaLavermanLogo-1.svg\",\"width\":271,\"height\":119,\"caption\":\"Geha Laverman\"},\"image\":{\"@id\":\"https:\/\/www.geha-laverman.com\/#\/schema\/logo\/image\/\"}}]}<\/script>\n<!-- \/ Yoast SEO Premium plugin. -->","yoast_head_json":{"title":"D\u00e9claration de confidentialit\u00e9 - Geha Laverman","robots":{"index":"index","follow":"follow","max-snippet":"max-snippet:-1","max-image-preview":"max-image-preview:large","max-video-preview":"max-video-preview:-1"},"canonical":"https:\/\/www.geha-laverman.com\/fr\/privacy-statement\/","og_locale":"fr_FR","og_type":"article","og_title":"Privacy Statement","og_description":"Privacy Statement 1. Algemeen Geha Laverman BV behandelt persoonsgegevens van bezoekers van haar website met de grootst mogelijke zorgvuldigheid.De","og_url":"https:\/\/www.geha-laverman.com\/fr\/privacy-statement\/","og_site_name":"Geha Laverman","article_modified_time":"2021-08-31T10:49:45+00:00","twitter_card":"summary_large_image","twitter_misc":{"Est. reading time":"5 minutes"},"schema":{"@context":"https:\/\/schema.org","@graph":[{"@type":"WebPage","@id":"https:\/\/www.geha-laverman.com\/privacy-statement\/","url":"https:\/\/www.geha-laverman.com\/privacy-statement\/","name":"D\u00e9claration de confidentialit\u00e9 - Geha Laverman","isPartOf":{"@id":"https:\/\/www.geha-laverman.com\/#website"},"datePublished":"2021-08-31T10:28:31+00:00","dateModified":"2021-08-31T10:49:45+00:00","breadcrumb":{"@id":"https:\/\/www.geha-laverman.com\/privacy-statement\/#breadcrumb"},"inLanguage":"fr-FR","potentialAction":[{"@type":"ReadAction","target":["https:\/\/www.geha-laverman.com\/privacy-statement\/"]}]},{"@type":"BreadcrumbList","@id":"https:\/\/www.geha-laverman.com\/privacy-statement\/#breadcrumb","itemListElement":[{"@type":"ListItem","position":1,"name":"Home","item":"https:\/\/www.geha-laverman.com\/"},{"@type":"ListItem","position":2,"name":"Privacy Statement"}]},{"@type":"WebSite","@id":"https:\/\/www.geha-laverman.com\/#website","url":"https:\/\/www.geha-laverman.com\/","name":"Geha Laverman","description":"| Centre de pi\u00e8ces d'usure Hardox","publisher":{"@id":"https:\/\/www.geha-laverman.com\/#organization"},"potentialAction":[{"@type":"SearchAction","target":{"@type":"EntryPoint","urlTemplate":"https:\/\/www.geha-laverman.com\/?s={search_term_string}"},"query-input":{"@type":"PropertyValueSpecification","valueRequired":true,"valueName":"search_term_string"}}],"inLanguage":"fr-FR"},{"@type":"Organization","@id":"https:\/\/www.geha-laverman.com\/#organization","name":"Geha Laverman","url":"https:\/\/www.geha-laverman.com\/","logo":{"@type":"ImageObject","inLanguage":"fr-FR","@id":"https:\/\/www.geha-laverman.com\/#\/schema\/logo\/image\/","url":"https:\/\/www.geha-laverman.com\/wp-content\/uploads\/2021\/05\/GehaLavermanLogo-1.svg","contentUrl":"https:\/\/www.geha-laverman.com\/wp-content\/uploads\/2021\/05\/GehaLavermanLogo-1.svg","width":271,"height":119,"caption":"Geha Laverman"},"image":{"@id":"https:\/\/www.geha-laverman.com\/#\/schema\/logo\/image\/"}}]}},"_links":{"self":[{"href":"https:\/\/www.geha-laverman.com\/fr\/wp-json\/wp\/v2\/pages\/3853","targetHints":{"allow":["GET"]}}],"collection":[{"href":"https:\/\/www.geha-laverman.com\/fr\/wp-json\/wp\/v2\/pages"}],"about":[{"href":"https:\/\/www.geha-laverman.com\/fr\/wp-json\/wp\/v2\/types\/page"}],"author":[{"embeddable":true,"href":"https:\/\/www.geha-laverman.com\/fr\/wp-json\/wp\/v2\/users\/1"}],"replies":[{"embeddable":true,"href":"https:\/\/www.geha-laverman.com\/fr\/wp-json\/wp\/v2\/comments?post=3853"}],"version-history":[{"count":17,"href":"https:\/\/www.geha-laverman.com\/fr\/wp-json\/wp\/v2\/pages\/3853\/revisions"}],"predecessor-version":[{"id":3871,"href":"https:\/\/www.geha-laverman.com\/fr\/wp-json\/wp\/v2\/pages\/3853\/revisions\/3871"}],"wp:attachment":[{"href":"https:\/\/www.geha-laverman.com\/fr\/wp-json\/wp\/v2\/media?parent=3853"}],"curies":[{"name":"wp","href":"https:\/\/api.w.org\/{rel}","templated":true}]}}