{"id":3642,"date":"2021-08-18T14:01:41","date_gmt":"2021-08-18T12:01:41","guid":{"rendered":"https:\/\/simply-delicious.nl\/?page_id=3642"},"modified":"2021-08-18T14:09:59","modified_gmt":"2021-08-18T12:09:59","slug":"construction-mecanique","status":"publish","type":"page","link":"https:\/\/www.geha-laverman.com\/fr\/branches\/machinebouw\/","title":{"rendered":"CONSTRUCTION MECANIQUE"},"content":{"rendered":"<div data-elementor-type=\"wp-page\" data-elementor-id=\"3642\" class=\"elementor elementor-3642\" data-elementor-post-type=\"page\">\n\t\t\t\t\t\t<section class=\"elementor-section elementor-top-section elementor-element elementor-element-4531e06 elementor-section-full_width elementor-section-stretched elementor-section-height-default elementor-section-height-default\" data-id=\"4531e06\" data-element_type=\"section\" data-e-type=\"section\" data-settings=\"{&quot;stretch_section&quot;:&quot;section-stretched&quot;,&quot;jet_parallax_layout_list&quot;:[]}\">\n\t\t\t\t\t\t<div class=\"elementor-container elementor-column-gap-no\">\n\t\t\t\t\t<div class=\"elementor-column elementor-col-100 elementor-top-column elementor-element elementor-element-1072df5\" data-id=\"1072df5\" data-element_type=\"column\" data-e-type=\"column\">\n\t\t\t<div class=\"elementor-widget-wrap elementor-element-populated\">\n\t\t\t\t\t\t<div class=\"elementor-element elementor-element-b31f04c elementor--h-position-center elementor--v-position-middle elementor-arrows-position-inside elementor-pagination-position-inside elementor-widget elementor-widget-slides\" data-id=\"b31f04c\" data-element_type=\"widget\" data-e-type=\"widget\" data-settings=\"{&quot;navigation&quot;:&quot;both&quot;,&quot;autoplay&quot;:&quot;yes&quot;,&quot;pause_on_hover&quot;:&quot;yes&quot;,&quot;pause_on_interaction&quot;:&quot;yes&quot;,&quot;autoplay_speed&quot;:5000,&quot;infinite&quot;:&quot;yes&quot;,&quot;transition&quot;:&quot;slide&quot;,&quot;transition_speed&quot;:500}\" data-widget_type=\"slides.default\">\n\t\t\t\t<div class=\"elementor-widget-container\">\n\t\t\t\t\t\t\t\t\t<div class=\"elementor-swiper\">\n\t\t\t\t\t<div class=\"elementor-slides-wrapper elementor-main-swiper swiper\" role=\"region\" aria-roledescription=\"carousel\" aria-label=\"Diapositives\" dir=\"ltr\" data-animation=\"fadeInUp\" data-no-translation-aria-label=\"\">\n\t\t\t\t<div class=\"swiper-wrapper elementor-slides\">\n\t\t\t\t\t\t\t\t\t\t<div class=\"elementor-repeater-item-b4d18d8 swiper-slide\" role=\"group\" aria-roledescription=\"slide\"><div class=\"swiper-slide-bg elementor-ken-burns elementor-ken-burns--in\" role=\"img\" aria-label=\"Geha_Laverman_Machinebouw\"><\/div><div class=\"swiper-slide-inner\" ><div class=\"swiper-slide-contents\"><div class=\"elementor-slide-heading\">CONSTRUCTION MECANIQUE<\/div><\/div><\/div><\/div>\t\t\t\t<\/div>\n\t\t\t\t\t\t\t<\/div>\n\t\t\t\t<\/div>\n\t\t\t\t\t\t\t\t<\/div>\n\t\t\t\t<\/div>\n\t\t\t\t\t<\/div>\n\t\t<\/div>\n\t\t\t\t\t<\/div>\n\t\t<\/section>\n\t\t\t\t<section class=\"elementor-section elementor-top-section elementor-element elementor-element-0b40b1a elementor-section-boxed elementor-section-height-default elementor-section-height-default\" data-id=\"0b40b1a\" data-element_type=\"section\" data-e-type=\"section\" data-settings=\"{&quot;jet_parallax_layout_list&quot;:[]}\">\n\t\t\t\t\t\t<div class=\"elementor-container elementor-column-gap-default\">\n\t\t\t\t\t<div class=\"elementor-column elementor-col-50 elementor-top-column elementor-element elementor-element-63f54ea\" data-id=\"63f54ea\" data-element_type=\"column\" data-e-type=\"column\">\n\t\t\t<div class=\"elementor-widget-wrap elementor-element-populated\">\n\t\t\t\t\t\t<div class=\"elementor-element elementor-element-542f360 elementor-widget elementor-widget-text-editor\" data-id=\"542f360\" data-element_type=\"widget\" data-e-type=\"widget\" data-widget_type=\"text-editor.default\">\n\t\t\t\t<div class=\"elementor-widget-container\">\n\t\t\t\t\t\t\t\t\t<p>Geha Laverman fournit des pi\u00e8ces d\u2019usure de grande qualit\u00e9 aux entreprises de construction m\u00e9canique et aux entreprises de construction dans tous les secteurs possibles. Elle est donc tr\u00e8s utile lorsqu\u2019il faut choisir le bon mat\u00e9riau pour la pi\u00e8ce d\u2019usure sp\u00e9cifique d\u2019une machine. Les grands \u00e9quipementiers sont des clients traditionnels de Geha Laverman.<\/p><p>En font par exemple partie les usines m\u00e9caniques qui s\u2019occupent du d\u00e9veloppement et de la production de pi\u00e8ces d\u2019\u00e9quipement pour les machines de dragage ou agricoles, mais aussi les constructeurs d\u2019installations compl\u00e8tes de recyclage et de syst\u00e8mes de transport. En outre, de nombreuses entreprises de maintenance et de r\u00e9paration s\u2019adressent aussi \u00e0 Geha Laverman.<br \/>Voici quelques-unes des pi\u00e8ces du programme de livraison pour la construction m\u00e9canique : plaques de rev\u00eatement, lames, pales d\u2019h\u00e9lice, tubes, t\u00f4les de fond, cha\u00eenes transporteuses, etc.<\/p><p><a href=\"https:\/\/www.geha-laverman.com\/fr\/programme-de-livraison\/\">Notre programme de livraison<\/a><\/p>\t\t\t\t\t\t\t\t<\/div>\n\t\t\t\t<\/div>\n\t\t\t\t\t<\/div>\n\t\t<\/div>\n\t\t\t\t<div class=\"elementor-column elementor-col-50 elementor-top-column elementor-element elementor-element-53ab3ab\" data-id=\"53ab3ab\" data-element_type=\"column\" data-e-type=\"column\">\n\t\t\t<div class=\"elementor-widget-wrap elementor-element-populated\">\n\t\t\t\t\t\t<div class=\"elementor-element elementor-element-5ef6ba7 elementor-widget elementor-widget-image-carousel\" data-id=\"5ef6ba7\" data-element_type=\"widget\" data-e-type=\"widget\" data-settings=\"{&quot;slides_to_show&quot;:&quot;1&quot;,&quot;navigation&quot;:&quot;none&quot;,&quot;autoplay&quot;:&quot;yes&quot;,&quot;pause_on_hover&quot;:&quot;yes&quot;,&quot;pause_on_interaction&quot;:&quot;yes&quot;,&quot;autoplay_speed&quot;:5000,&quot;infinite&quot;:&quot;yes&quot;,&quot;effect&quot;:&quot;slide&quot;,&quot;speed&quot;:500}\" data-widget_type=\"image-carousel.default\">\n\t\t\t\t<div class=\"elementor-widget-container\">\n\t\t\t\t\t\t\t<div class=\"elementor-image-carousel-wrapper swiper\" role=\"region\" aria-roledescription=\"carousel\" aria-label=\"Carrousel d\u2019images\" dir=\"ltr\" data-no-translation-aria-label=\"\">\n\t\t\t<div class=\"elementor-image-carousel swiper-wrapper\" aria-live=\"off\">\n\t\t\t\t\t\t\t\t<div class=\"swiper-slide\" role=\"group\" aria-roledescription=\"slide\" aria-label=\"1 sur 2\" data-no-translation-aria-label=\"\"><figure class=\"swiper-slide-inner\"><img decoding=\"async\" class=\"swiper-slide-image\" src=\"https:\/\/www.geha-laverman.com\/wp-content\/uploads\/2021\/08\/BOR00812-1024x683.jpg\" alt=\"Machines Geha_Laverman\" \/><\/figure><\/div><div class=\"swiper-slide\" role=\"group\" aria-roledescription=\"slide\" aria-label=\"2 sur 2\" data-no-translation-aria-label=\"\"><figure class=\"swiper-slide-inner\"><img decoding=\"async\" class=\"swiper-slide-image\" src=\"https:\/\/www.geha-laverman.com\/wp-content\/uploads\/2021\/08\/BOR00829-1024x683.jpg\" alt=\"Machines Geha_Laverman\" \/><\/figure><\/div>\t\t\t<\/div>\n\t\t\t\t\t\t\t\n\t\t\t\t\t\t\t\t\t<\/div>\n\t\t\t\t\t\t<\/div>\n\t\t\t\t<\/div>\n\t\t\t\t\t<\/div>\n\t\t<\/div>\n\t\t\t\t\t<\/div>\n\t\t<\/section>\n\t\t\t\t<\/div>","protected":false},"excerpt":{"rendered":"<p>MACHINEBOUW Geha Laverman levert zijn hoogwaardige slijtdelen voor de machinebouw- en constructiebedrijven binnen alle mogelijke branches. Is daar bij behulpzaam bij het kiezen van de juiste materiaal voor een specifieke slijtstuk van een machine. Grote OEM\u2019s zijn vaste klant bij Geha Laverman. Daartoe behoren bijvoorbeeld machinefabrieken die zich bezighouden met ontwikkeling en productie van uitrustingstukken [&hellip;]<\/p>\n","protected":false},"author":1,"featured_media":0,"parent":3514,"menu_order":0,"comment_status":"closed","ping_status":"closed","template":"","meta":{"footnotes":""},"class_list":["post-3642","page","type-page","status-publish","hentry"],"yoast_head":"<!-- This site is optimized with the Yoast SEO Premium plugin v27.1 (Yoast SEO v27.1.1) - https:\/\/yoast.com\/product\/yoast-seo-premium-wordpress\/ -->\n<title>MACHINEBOUW - Geha Laverman<\/title>\n<meta name=\"robots\" content=\"index, follow, max-snippet:-1, max-image-preview:large, max-video-preview:-1\" \/>\n<link rel=\"canonical\" href=\"https:\/\/www.geha-laverman.com\/fr\/secteurs\/construction-mecanique\/\" \/>\n<meta property=\"og:locale\" content=\"fr_FR\" \/>\n<meta property=\"og:type\" content=\"article\" \/>\n<meta property=\"og:title\" content=\"MACHINEBOUW\" \/>\n<meta property=\"og:description\" content=\"MACHINEBOUW Geha Laverman levert zijn hoogwaardige slijtdelen voor de machinebouw- en constructiebedrijven binnen alle mogelijke branches. Is daar bij\" \/>\n<meta property=\"og:url\" content=\"https:\/\/www.geha-laverman.com\/fr\/secteurs\/construction-mecanique\/\" \/>\n<meta property=\"og:site_name\" content=\"Geha Laverman\" \/>\n<meta property=\"article:modified_time\" content=\"2021-08-18T12:09:59+00:00\" \/>\n<meta property=\"og:image\" content=\"https:\/\/www.geha-laverman.com\/wp-content\/uploads\/2021\/08\/BOR00812-1024x683.jpg\" \/>\n<meta name=\"twitter:card\" content=\"summary_large_image\" \/>\n<meta name=\"twitter:label1\" content=\"Est. reading time\" \/>\n\t<meta name=\"twitter:data1\" content=\"2 minutes\" \/>\n<script type=\"application\/ld+json\" class=\"yoast-schema-graph\">{\"@context\":\"https:\/\/schema.org\",\"@graph\":[{\"@type\":\"WebPage\",\"@id\":\"https:\/\/www.geha-laverman.com\/branches\/machinebouw\/\",\"url\":\"https:\/\/www.geha-laverman.com\/branches\/machinebouw\/\",\"name\":\"MACHINEBOUW - Geha Laverman\",\"isPartOf\":{\"@id\":\"https:\/\/www.geha-laverman.com\/#website\"},\"primaryImageOfPage\":{\"@id\":\"https:\/\/www.geha-laverman.com\/branches\/machinebouw\/#primaryimage\"},\"image\":{\"@id\":\"https:\/\/www.geha-laverman.com\/branches\/machinebouw\/#primaryimage\"},\"thumbnailUrl\":\"https:\/\/www.geha-laverman.com\/wp-content\/uploads\/2021\/08\/BOR00812-1024x683.jpg\",\"datePublished\":\"2021-08-18T12:01:41+00:00\",\"dateModified\":\"2021-08-18T12:09:59+00:00\",\"breadcrumb\":{\"@id\":\"https:\/\/www.geha-laverman.com\/branches\/machinebouw\/#breadcrumb\"},\"inLanguage\":\"fr-FR\",\"potentialAction\":[{\"@type\":\"ReadAction\",\"target\":[\"https:\/\/www.geha-laverman.com\/branches\/machinebouw\/\"]}]},{\"@type\":\"ImageObject\",\"inLanguage\":\"fr-FR\",\"@id\":\"https:\/\/www.geha-laverman.com\/branches\/machinebouw\/#primaryimage\",\"url\":\"https:\/\/www.geha-laverman.com\/wp-content\/uploads\/2021\/08\/BOR00812-1024x683.jpg\",\"contentUrl\":\"https:\/\/www.geha-laverman.com\/wp-content\/uploads\/2021\/08\/BOR00812-1024x683.jpg\"},{\"@type\":\"BreadcrumbList\",\"@id\":\"https:\/\/www.geha-laverman.com\/branches\/machinebouw\/#breadcrumb\",\"itemListElement\":[{\"@type\":\"ListItem\",\"position\":1,\"name\":\"Home\",\"item\":\"https:\/\/www.geha-laverman.com\/\"},{\"@type\":\"ListItem\",\"position\":2,\"name\":\"Branches\",\"item\":\"https:\/\/www.geha-laverman.com\/branches\/\"},{\"@type\":\"ListItem\",\"position\":3,\"name\":\"MACHINEBOUW\"}]},{\"@type\":\"WebSite\",\"@id\":\"https:\/\/www.geha-laverman.com\/#website\",\"url\":\"https:\/\/www.geha-laverman.com\/\",\"name\":\"Geha Laverman\",\"description\":\"| Hardox Wearparts Center\",\"publisher\":{\"@id\":\"https:\/\/www.geha-laverman.com\/#organization\"},\"potentialAction\":[{\"@type\":\"SearchAction\",\"target\":{\"@type\":\"EntryPoint\",\"urlTemplate\":\"https:\/\/www.geha-laverman.com\/?s={search_term_string}\"},\"query-input\":{\"@type\":\"PropertyValueSpecification\",\"valueRequired\":true,\"valueName\":\"search_term_string\"}}],\"inLanguage\":\"fr-FR\"},{\"@type\":\"Organization\",\"@id\":\"https:\/\/www.geha-laverman.com\/#organization\",\"name\":\"Geha Laverman\",\"url\":\"https:\/\/www.geha-laverman.com\/\",\"logo\":{\"@type\":\"ImageObject\",\"inLanguage\":\"fr-FR\",\"@id\":\"https:\/\/www.geha-laverman.com\/#\/schema\/logo\/image\/\",\"url\":\"https:\/\/www.geha-laverman.com\/wp-content\/uploads\/2021\/05\/GehaLavermanLogo-1.svg\",\"contentUrl\":\"https:\/\/www.geha-laverman.com\/wp-content\/uploads\/2021\/05\/GehaLavermanLogo-1.svg\",\"width\":271,\"height\":119,\"caption\":\"Geha Laverman\"},\"image\":{\"@id\":\"https:\/\/www.geha-laverman.com\/#\/schema\/logo\/image\/\"}}]}<\/script>\n<!-- \/ Yoast SEO Premium plugin. -->","yoast_head_json":{"title":"Construction Mecanique- Geha Laverman","robots":{"index":"index","follow":"follow","max-snippet":"max-snippet:-1","max-image-preview":"max-image-preview:large","max-video-preview":"max-video-preview:-1"},"canonical":"https:\/\/www.geha-laverman.com\/fr\/secteurs\/construction-mecanique\/","og_locale":"fr_FR","og_type":"article","og_title":"MACHINEBOUW","og_description":"MACHINEBOUW Geha Laverman levert zijn hoogwaardige slijtdelen voor de machinebouw- en constructiebedrijven binnen alle mogelijke branches. Is daar bij","og_url":"https:\/\/www.geha-laverman.com\/fr\/secteurs\/construction-mecanique\/","og_site_name":"Geha Laverman","article_modified_time":"2021-08-18T12:09:59+00:00","og_image":[{"url":"https:\/\/www.geha-laverman.com\/wp-content\/uploads\/2021\/08\/BOR00812-1024x683.jpg","type":"","width":"","height":""}],"twitter_card":"summary_large_image","twitter_misc":{"Est. reading time":"2 minutes"},"schema":{"@context":"https:\/\/schema.org","@graph":[{"@type":"WebPage","@id":"https:\/\/www.geha-laverman.com\/branches\/machinebouw\/","url":"https:\/\/www.geha-laverman.com\/branches\/machinebouw\/","name":"Construction Mecanique- Geha Laverman","isPartOf":{"@id":"https:\/\/www.geha-laverman.com\/#website"},"primaryImageOfPage":{"@id":"https:\/\/www.geha-laverman.com\/branches\/machinebouw\/#primaryimage"},"image":{"@id":"https:\/\/www.geha-laverman.com\/branches\/machinebouw\/#primaryimage"},"thumbnailUrl":"https:\/\/www.geha-laverman.com\/wp-content\/uploads\/2021\/08\/BOR00812-1024x683.jpg","datePublished":"2021-08-18T12:01:41+00:00","dateModified":"2021-08-18T12:09:59+00:00","breadcrumb":{"@id":"https:\/\/www.geha-laverman.com\/branches\/machinebouw\/#breadcrumb"},"inLanguage":"fr-FR","potentialAction":[{"@type":"ReadAction","target":["https:\/\/www.geha-laverman.com\/branches\/machinebouw\/"]}]},{"@type":"ImageObject","inLanguage":"fr-FR","@id":"https:\/\/www.geha-laverman.com\/branches\/machinebouw\/#primaryimage","url":"https:\/\/www.geha-laverman.com\/wp-content\/uploads\/2021\/08\/BOR00812-1024x683.jpg","contentUrl":"https:\/\/www.geha-laverman.com\/wp-content\/uploads\/2021\/08\/BOR00812-1024x683.jpg"},{"@type":"BreadcrumbList","@id":"https:\/\/www.geha-laverman.com\/branches\/machinebouw\/#breadcrumb","itemListElement":[{"@type":"ListItem","position":1,"name":"Home","item":"https:\/\/www.geha-laverman.com\/"},{"@type":"ListItem","position":2,"name":"Branches","item":"https:\/\/www.geha-laverman.com\/branches\/"},{"@type":"ListItem","position":3,"name":"MACHINEBOUW"}]},{"@type":"WebSite","@id":"https:\/\/www.geha-laverman.com\/#website","url":"https:\/\/www.geha-laverman.com\/","name":"Geha Laverman","description":"| Centre de pi\u00e8ces d'usure Hardox","publisher":{"@id":"https:\/\/www.geha-laverman.com\/#organization"},"potentialAction":[{"@type":"SearchAction","target":{"@type":"EntryPoint","urlTemplate":"https:\/\/www.geha-laverman.com\/?s={search_term_string}"},"query-input":{"@type":"PropertyValueSpecification","valueRequired":true,"valueName":"search_term_string"}}],"inLanguage":"fr-FR"},{"@type":"Organization","@id":"https:\/\/www.geha-laverman.com\/#organization","name":"Geha Laverman","url":"https:\/\/www.geha-laverman.com\/","logo":{"@type":"ImageObject","inLanguage":"fr-FR","@id":"https:\/\/www.geha-laverman.com\/#\/schema\/logo\/image\/","url":"https:\/\/www.geha-laverman.com\/wp-content\/uploads\/2021\/05\/GehaLavermanLogo-1.svg","contentUrl":"https:\/\/www.geha-laverman.com\/wp-content\/uploads\/2021\/05\/GehaLavermanLogo-1.svg","width":271,"height":119,"caption":"Geha Laverman"},"image":{"@id":"https:\/\/www.geha-laverman.com\/#\/schema\/logo\/image\/"}}]}},"_links":{"self":[{"href":"https:\/\/www.geha-laverman.com\/fr\/wp-json\/wp\/v2\/pages\/3642","targetHints":{"allow":["GET"]}}],"collection":[{"href":"https:\/\/www.geha-laverman.com\/fr\/wp-json\/wp\/v2\/pages"}],"about":[{"href":"https:\/\/www.geha-laverman.com\/fr\/wp-json\/wp\/v2\/types\/page"}],"author":[{"embeddable":true,"href":"https:\/\/www.geha-laverman.com\/fr\/wp-json\/wp\/v2\/users\/1"}],"replies":[{"embeddable":true,"href":"https:\/\/www.geha-laverman.com\/fr\/wp-json\/wp\/v2\/comments?post=3642"}],"version-history":[{"count":7,"href":"https:\/\/www.geha-laverman.com\/fr\/wp-json\/wp\/v2\/pages\/3642\/revisions"}],"predecessor-version":[{"id":3652,"href":"https:\/\/www.geha-laverman.com\/fr\/wp-json\/wp\/v2\/pages\/3642\/revisions\/3652"}],"up":[{"embeddable":true,"href":"https:\/\/www.geha-laverman.com\/fr\/wp-json\/wp\/v2\/pages\/3514"}],"wp:attachment":[{"href":"https:\/\/www.geha-laverman.com\/fr\/wp-json\/wp\/v2\/media?parent=3642"}],"curies":[{"name":"wp","href":"https:\/\/api.w.org\/{rel}","templated":true}]}}