{"id":3576,"date":"2021-08-17T22:17:18","date_gmt":"2021-08-17T20:17:18","guid":{"rendered":"https:\/\/simply-delicious.nl\/?page_id=3576"},"modified":"2021-08-17T22:24:32","modified_gmt":"2021-08-17T20:24:32","slug":"recycliage","status":"publish","type":"page","link":"https:\/\/www.geha-laverman.com\/fr\/branches\/recycling\/","title":{"rendered":"RECYCLAGE"},"content":{"rendered":"<div data-elementor-type=\"wp-page\" data-elementor-id=\"3576\" class=\"elementor elementor-3576\" data-elementor-post-type=\"page\">\n\t\t\t\t\t\t<section class=\"elementor-section elementor-top-section elementor-element elementor-element-4531e06 elementor-section-full_width elementor-section-stretched elementor-section-height-default elementor-section-height-default\" data-id=\"4531e06\" data-element_type=\"section\" data-e-type=\"section\" data-settings=\"{&quot;stretch_section&quot;:&quot;section-stretched&quot;,&quot;jet_parallax_layout_list&quot;:[]}\">\n\t\t\t\t\t\t<div class=\"elementor-container elementor-column-gap-no\">\n\t\t\t\t\t<div class=\"elementor-column elementor-col-100 elementor-top-column elementor-element elementor-element-1072df5\" data-id=\"1072df5\" data-element_type=\"column\" data-e-type=\"column\">\n\t\t\t<div class=\"elementor-widget-wrap elementor-element-populated\">\n\t\t\t\t\t\t<div class=\"elementor-element elementor-element-b31f04c elementor--h-position-center elementor--v-position-middle elementor-arrows-position-inside elementor-pagination-position-inside elementor-widget elementor-widget-slides\" data-id=\"b31f04c\" data-element_type=\"widget\" data-e-type=\"widget\" data-settings=\"{&quot;navigation&quot;:&quot;both&quot;,&quot;autoplay&quot;:&quot;yes&quot;,&quot;pause_on_hover&quot;:&quot;yes&quot;,&quot;pause_on_interaction&quot;:&quot;yes&quot;,&quot;autoplay_speed&quot;:5000,&quot;infinite&quot;:&quot;yes&quot;,&quot;transition&quot;:&quot;slide&quot;,&quot;transition_speed&quot;:500}\" data-widget_type=\"slides.default\">\n\t\t\t\t<div class=\"elementor-widget-container\">\n\t\t\t\t\t\t\t\t\t<div class=\"elementor-swiper\">\n\t\t\t\t\t<div class=\"elementor-slides-wrapper elementor-main-swiper swiper\" role=\"region\" aria-roledescription=\"carousel\" aria-label=\"Diapositives\" dir=\"ltr\" data-animation=\"fadeInUp\">\n\t\t\t\t<div class=\"swiper-wrapper elementor-slides\">\n\t\t\t\t\t\t\t\t\t\t<div class=\"elementor-repeater-item-b4d18d8 swiper-slide\" role=\"group\" aria-roledescription=\"slide\"><div class=\"swiper-slide-bg elementor-ken-burns elementor-ken-burns--in\" role=\"img\" aria-label=\"Geha-Laverman_recycling\"><\/div><div class=\"swiper-slide-inner\" ><div class=\"swiper-slide-contents\"><div class=\"elementor-slide-heading\">RECYCLAGE<\/div><\/div><\/div><\/div>\t\t\t\t<\/div>\n\t\t\t\t\t\t\t<\/div>\n\t\t\t\t<\/div>\n\t\t\t\t\t\t\t\t<\/div>\n\t\t\t\t<\/div>\n\t\t\t\t\t<\/div>\n\t\t<\/div>\n\t\t\t\t\t<\/div>\n\t\t<\/section>\n\t\t\t\t<section class=\"elementor-section elementor-top-section elementor-element elementor-element-0b40b1a elementor-section-boxed elementor-section-height-default elementor-section-height-default\" data-id=\"0b40b1a\" data-element_type=\"section\" data-e-type=\"section\" data-settings=\"{&quot;jet_parallax_layout_list&quot;:[]}\">\n\t\t\t\t\t\t<div class=\"elementor-container elementor-column-gap-default\">\n\t\t\t\t\t<div class=\"elementor-column elementor-col-50 elementor-top-column elementor-element elementor-element-63f54ea\" data-id=\"63f54ea\" data-element_type=\"column\" data-e-type=\"column\">\n\t\t\t<div class=\"elementor-widget-wrap elementor-element-populated\">\n\t\t\t\t\t\t<div class=\"elementor-element elementor-element-542f360 elementor-widget elementor-widget-text-editor\" data-id=\"542f360\" data-element_type=\"widget\" data-e-type=\"widget\" data-widget_type=\"text-editor.default\">\n\t\t\t\t<div class=\"elementor-widget-container\">\n\t\t\t\t\t\t\t\t\t<p>\nLe recyclage de mati\u00e8res premi\u00e8res est de plus en plus important. De nombreux d\u00e9chets de d\u00e9molition de b\u00e2timents, de v\u00e9hicules et d\u2019appareils se retrouvent dans l\u2019industrie et il est possible de les r\u00e9utiliser.\n<\/p>\n<p>\nTant dans les entreprises de d\u00e9molition que dans les entreprises de recyclage, on utilise des machines qui s\u00e9parent, trient, r\u00e9duisent et \u00e9vacuent efficacement les mat\u00e9riaux. Ces engins doivent comporter des pi\u00e8ces d\u2019usure dont la qualit\u00e9 est irr\u00e9prochable. La fiabilit\u00e9 et la dur\u00e9e de vie de ces pi\u00e8ces sont essentielles pour conserver le prix de revient par produit r\u00e9cup\u00e9r\u00e9 le plus bas possible.\n<\/p>\n<p>\nGeha Laverman fournit toute l\u2019expertise lors de l\u2019achat de produits r\u00e9sistants \u00e0 l\u2019usure pour de nombreux types de machines utilis\u00e9es pour d\u00e9molir, d\u00e9chiqueter et \u00e9vacuer toutes sortes de mat\u00e9riaux tels que les gravats, l\u2019asphalte, la ferraille, les d\u00e9chets de bois, le bois de taille, etc., ainsi que le rev\u00eatement r\u00e9sistant \u00e0 l\u2019usure entre autres de camions poubelles, broyeurs, d\u00e9chiqueteuses, les points de transbordement et les tr\u00e9mies, les pi\u00e8ces de fonderie et de forges, les marteaux, les lames et le criblage, etc.\n<\/p>\n<a href=\"https:\/\/www.geha-laverman.com\/fr\/programme-de-livraison\/\">Notre programme de livraison<\/a>\n\t\t\t\t\t\t\t\t<\/div>\n\t\t\t\t<\/div>\n\t\t\t\t\t<\/div>\n\t\t<\/div>\n\t\t\t\t<div class=\"elementor-column elementor-col-50 elementor-top-column elementor-element elementor-element-53ab3ab\" data-id=\"53ab3ab\" data-element_type=\"column\" data-e-type=\"column\">\n\t\t\t<div class=\"elementor-widget-wrap elementor-element-populated\">\n\t\t\t\t\t\t<div class=\"elementor-element elementor-element-5ef6ba7 elementor-widget elementor-widget-image-carousel\" data-id=\"5ef6ba7\" data-element_type=\"widget\" data-e-type=\"widget\" data-settings=\"{&quot;slides_to_show&quot;:&quot;1&quot;,&quot;navigation&quot;:&quot;none&quot;,&quot;autoplay&quot;:&quot;yes&quot;,&quot;pause_on_hover&quot;:&quot;yes&quot;,&quot;pause_on_interaction&quot;:&quot;yes&quot;,&quot;autoplay_speed&quot;:5000,&quot;infinite&quot;:&quot;yes&quot;,&quot;effect&quot;:&quot;slide&quot;,&quot;speed&quot;:500}\" data-widget_type=\"image-carousel.default\">\n\t\t\t\t<div class=\"elementor-widget-container\">\n\t\t\t\t\t\t\t<div class=\"elementor-image-carousel-wrapper swiper\" role=\"region\" aria-roledescription=\"carousel\" aria-label=\"Image du carrousel\" dir=\"ltr\">\n\t\t\t<div class=\"elementor-image-carousel swiper-wrapper\" aria-live=\"off\">\n\t\t\t\t\t\t\t\t<div class=\"swiper-slide\" role=\"group\" aria-roledescription=\"slide\" aria-label=\"1 van 3\"><figure class=\"swiper-slide-inner\"><img decoding=\"async\" class=\"swiper-slide-image\" src=\"https:\/\/www.geha-laverman.com\/wp-content\/uploads\/2021\/08\/Geha-Laverman_recycling4-1024x768.jpg\" alt=\"Geha-Laverman_recycling\" \/><\/figure><\/div><div class=\"swiper-slide\" role=\"group\" aria-roledescription=\"slide\" aria-label=\"2 van 3\"><figure class=\"swiper-slide-inner\"><img decoding=\"async\" class=\"swiper-slide-image\" src=\"https:\/\/www.geha-laverman.com\/wp-content\/uploads\/2021\/08\/Geha-Laverman_recycling5-1024x768.jpg\" alt=\"Geha-Laverman_recycling\" \/><\/figure><\/div><div class=\"swiper-slide\" role=\"group\" aria-roledescription=\"slide\" aria-label=\"3 van 3\"><figure class=\"swiper-slide-inner\"><img decoding=\"async\" class=\"swiper-slide-image\" src=\"https:\/\/www.geha-laverman.com\/wp-content\/uploads\/2021\/08\/Geha-Laverman_recycling6-1024x768.jpg\" alt=\"Geha-Laverman_recycling\" \/><\/figure><\/div>\t\t\t<\/div>\n\t\t\t\t\t\t\t\n\t\t\t\t\t\t\t\t\t<\/div>\n\t\t\t\t\t\t<\/div>\n\t\t\t\t<\/div>\n\t\t\t\t\t<\/div>\n\t\t<\/div>\n\t\t\t\t\t<\/div>\n\t\t<\/section>\n\t\t\t\t<\/div>","protected":false},"excerpt":{"rendered":"<p>RECYCLING De recycling van grondstoffen wordt steeds belangrijker. Veel sloopafval van gebouwen, voertuigen en apparaten vindt de weg terug naar de industrie en kan worden hergebruikt. Zowel bij sloopbedrijven als recyclingbedrijven worden machines ingezet die, op effici\u00ebnte wijze, materialen scheiden, sorteren, verkleinen en afvoeren. Deze werktuigen worden zwaar aangesproken op de materiaalkwaliteit van de slijtdelen. [&hellip;]<\/p>\n","protected":false},"author":1,"featured_media":0,"parent":3514,"menu_order":0,"comment_status":"closed","ping_status":"closed","template":"","meta":{"footnotes":""},"class_list":["post-3576","page","type-page","status-publish","hentry"],"yoast_head":"<!-- This site is optimized with the Yoast SEO Premium plugin v27.1 (Yoast SEO v27.1.1) - https:\/\/yoast.com\/product\/yoast-seo-premium-wordpress\/ -->\n<title>RECYCLING - Geha Laverman<\/title>\n<meta name=\"robots\" content=\"index, follow, max-snippet:-1, max-image-preview:large, max-video-preview:-1\" \/>\n<link rel=\"canonical\" href=\"https:\/\/www.geha-laverman.com\/fr\/secteurs\/recycliage\/\" \/>\n<meta property=\"og:locale\" content=\"fr_FR\" \/>\n<meta property=\"og:type\" content=\"article\" \/>\n<meta property=\"og:title\" content=\"RECYCLING\" \/>\n<meta property=\"og:description\" content=\"RECYCLING De recycling van grondstoffen wordt steeds belangrijker. Veel sloopafval van gebouwen, voertuigen en apparaten vindt de weg terug naar de\" \/>\n<meta property=\"og:url\" content=\"https:\/\/www.geha-laverman.com\/fr\/secteurs\/recycliage\/\" \/>\n<meta property=\"og:site_name\" content=\"Geha Laverman\" \/>\n<meta property=\"article:modified_time\" content=\"2021-08-17T20:24:32+00:00\" \/>\n<meta property=\"og:image\" content=\"https:\/\/www.geha-laverman.com\/wp-content\/uploads\/2021\/08\/Geha-Laverman_recycling4-1024x768.jpg\" \/>\n<meta name=\"twitter:card\" content=\"summary_large_image\" \/>\n<meta name=\"twitter:label1\" content=\"Est. reading time\" \/>\n\t<meta name=\"twitter:data1\" content=\"2 minutes\" \/>\n<script type=\"application\/ld+json\" class=\"yoast-schema-graph\">{\"@context\":\"https:\/\/schema.org\",\"@graph\":[{\"@type\":\"WebPage\",\"@id\":\"https:\/\/www.geha-laverman.com\/branches\/recycling\/\",\"url\":\"https:\/\/www.geha-laverman.com\/branches\/recycling\/\",\"name\":\"RECYCLING - Geha Laverman\",\"isPartOf\":{\"@id\":\"https:\/\/www.geha-laverman.com\/#website\"},\"primaryImageOfPage\":{\"@id\":\"https:\/\/www.geha-laverman.com\/branches\/recycling\/#primaryimage\"},\"image\":{\"@id\":\"https:\/\/www.geha-laverman.com\/branches\/recycling\/#primaryimage\"},\"thumbnailUrl\":\"https:\/\/www.geha-laverman.com\/wp-content\/uploads\/2021\/08\/Geha-Laverman_recycling4-1024x768.jpg\",\"datePublished\":\"2021-08-17T20:17:18+00:00\",\"dateModified\":\"2021-08-17T20:24:32+00:00\",\"breadcrumb\":{\"@id\":\"https:\/\/www.geha-laverman.com\/branches\/recycling\/#breadcrumb\"},\"inLanguage\":\"fr-FR\",\"potentialAction\":[{\"@type\":\"ReadAction\",\"target\":[\"https:\/\/www.geha-laverman.com\/branches\/recycling\/\"]}]},{\"@type\":\"ImageObject\",\"inLanguage\":\"fr-FR\",\"@id\":\"https:\/\/www.geha-laverman.com\/branches\/recycling\/#primaryimage\",\"url\":\"https:\/\/www.geha-laverman.com\/wp-content\/uploads\/2021\/08\/Geha-Laverman_recycling4-1024x768.jpg\",\"contentUrl\":\"https:\/\/www.geha-laverman.com\/wp-content\/uploads\/2021\/08\/Geha-Laverman_recycling4-1024x768.jpg\"},{\"@type\":\"BreadcrumbList\",\"@id\":\"https:\/\/www.geha-laverman.com\/branches\/recycling\/#breadcrumb\",\"itemListElement\":[{\"@type\":\"ListItem\",\"position\":1,\"name\":\"Home\",\"item\":\"https:\/\/www.geha-laverman.com\/\"},{\"@type\":\"ListItem\",\"position\":2,\"name\":\"Branches\",\"item\":\"https:\/\/www.geha-laverman.com\/branches\/\"},{\"@type\":\"ListItem\",\"position\":3,\"name\":\"RECYCLING\"}]},{\"@type\":\"WebSite\",\"@id\":\"https:\/\/www.geha-laverman.com\/#website\",\"url\":\"https:\/\/www.geha-laverman.com\/\",\"name\":\"Geha Laverman\",\"description\":\"| Hardox Wearparts Center\",\"publisher\":{\"@id\":\"https:\/\/www.geha-laverman.com\/#organization\"},\"potentialAction\":[{\"@type\":\"SearchAction\",\"target\":{\"@type\":\"EntryPoint\",\"urlTemplate\":\"https:\/\/www.geha-laverman.com\/?s={search_term_string}\"},\"query-input\":{\"@type\":\"PropertyValueSpecification\",\"valueRequired\":true,\"valueName\":\"search_term_string\"}}],\"inLanguage\":\"fr-FR\"},{\"@type\":\"Organization\",\"@id\":\"https:\/\/www.geha-laverman.com\/#organization\",\"name\":\"Geha Laverman\",\"url\":\"https:\/\/www.geha-laverman.com\/\",\"logo\":{\"@type\":\"ImageObject\",\"inLanguage\":\"fr-FR\",\"@id\":\"https:\/\/www.geha-laverman.com\/#\/schema\/logo\/image\/\",\"url\":\"https:\/\/www.geha-laverman.com\/wp-content\/uploads\/2021\/05\/GehaLavermanLogo-1.svg\",\"contentUrl\":\"https:\/\/www.geha-laverman.com\/wp-content\/uploads\/2021\/05\/GehaLavermanLogo-1.svg\",\"width\":271,\"height\":119,\"caption\":\"Geha Laverman\"},\"image\":{\"@id\":\"https:\/\/www.geha-laverman.com\/#\/schema\/logo\/image\/\"}}]}<\/script>\n<!-- \/ Yoast SEO Premium plugin. -->","yoast_head_json":{"title":"RECYCLAGE - Geha Laverman","robots":{"index":"index","follow":"follow","max-snippet":"max-snippet:-1","max-image-preview":"max-image-preview:large","max-video-preview":"max-video-preview:-1"},"canonical":"https:\/\/www.geha-laverman.com\/fr\/secteurs\/recycliage\/","og_locale":"fr_FR","og_type":"article","og_title":"RECYCLING","og_description":"RECYCLING De recycling van grondstoffen wordt steeds belangrijker. Veel sloopafval van gebouwen, voertuigen en apparaten vindt de weg terug naar de","og_url":"https:\/\/www.geha-laverman.com\/fr\/secteurs\/recycliage\/","og_site_name":"Geha Laverman","article_modified_time":"2021-08-17T20:24:32+00:00","og_image":[{"url":"https:\/\/www.geha-laverman.com\/wp-content\/uploads\/2021\/08\/Geha-Laverman_recycling4-1024x768.jpg","type":"","width":"","height":""}],"twitter_card":"summary_large_image","twitter_misc":{"Est. reading time":"2 minutes"},"schema":{"@context":"https:\/\/schema.org","@graph":[{"@type":"WebPage","@id":"https:\/\/www.geha-laverman.com\/branches\/recycling\/","url":"https:\/\/www.geha-laverman.com\/branches\/recycling\/","name":"RECYCLAGE - Geha Laverman","isPartOf":{"@id":"https:\/\/www.geha-laverman.com\/#website"},"primaryImageOfPage":{"@id":"https:\/\/www.geha-laverman.com\/branches\/recycling\/#primaryimage"},"image":{"@id":"https:\/\/www.geha-laverman.com\/branches\/recycling\/#primaryimage"},"thumbnailUrl":"https:\/\/www.geha-laverman.com\/wp-content\/uploads\/2021\/08\/Geha-Laverman_recycling4-1024x768.jpg","datePublished":"2021-08-17T20:17:18+00:00","dateModified":"2021-08-17T20:24:32+00:00","breadcrumb":{"@id":"https:\/\/www.geha-laverman.com\/branches\/recycling\/#breadcrumb"},"inLanguage":"fr-FR","potentialAction":[{"@type":"ReadAction","target":["https:\/\/www.geha-laverman.com\/branches\/recycling\/"]}]},{"@type":"ImageObject","inLanguage":"fr-FR","@id":"https:\/\/www.geha-laverman.com\/branches\/recycling\/#primaryimage","url":"https:\/\/www.geha-laverman.com\/wp-content\/uploads\/2021\/08\/Geha-Laverman_recycling4-1024x768.jpg","contentUrl":"https:\/\/www.geha-laverman.com\/wp-content\/uploads\/2021\/08\/Geha-Laverman_recycling4-1024x768.jpg"},{"@type":"BreadcrumbList","@id":"https:\/\/www.geha-laverman.com\/branches\/recycling\/#breadcrumb","itemListElement":[{"@type":"ListItem","position":1,"name":"Home","item":"https:\/\/www.geha-laverman.com\/"},{"@type":"ListItem","position":2,"name":"Branches","item":"https:\/\/www.geha-laverman.com\/branches\/"},{"@type":"ListItem","position":3,"name":"RECYCLING"}]},{"@type":"WebSite","@id":"https:\/\/www.geha-laverman.com\/#website","url":"https:\/\/www.geha-laverman.com\/","name":"Geha Laverman","description":"| Centre de pi\u00e8ces d'usure Hardox","publisher":{"@id":"https:\/\/www.geha-laverman.com\/#organization"},"potentialAction":[{"@type":"SearchAction","target":{"@type":"EntryPoint","urlTemplate":"https:\/\/www.geha-laverman.com\/?s={search_term_string}"},"query-input":{"@type":"PropertyValueSpecification","valueRequired":true,"valueName":"search_term_string"}}],"inLanguage":"fr-FR"},{"@type":"Organization","@id":"https:\/\/www.geha-laverman.com\/#organization","name":"Geha Laverman","url":"https:\/\/www.geha-laverman.com\/","logo":{"@type":"ImageObject","inLanguage":"fr-FR","@id":"https:\/\/www.geha-laverman.com\/#\/schema\/logo\/image\/","url":"https:\/\/www.geha-laverman.com\/wp-content\/uploads\/2021\/05\/GehaLavermanLogo-1.svg","contentUrl":"https:\/\/www.geha-laverman.com\/wp-content\/uploads\/2021\/05\/GehaLavermanLogo-1.svg","width":271,"height":119,"caption":"Geha Laverman"},"image":{"@id":"https:\/\/www.geha-laverman.com\/#\/schema\/logo\/image\/"}}]}},"_links":{"self":[{"href":"https:\/\/www.geha-laverman.com\/fr\/wp-json\/wp\/v2\/pages\/3576","targetHints":{"allow":["GET"]}}],"collection":[{"href":"https:\/\/www.geha-laverman.com\/fr\/wp-json\/wp\/v2\/pages"}],"about":[{"href":"https:\/\/www.geha-laverman.com\/fr\/wp-json\/wp\/v2\/types\/page"}],"author":[{"embeddable":true,"href":"https:\/\/www.geha-laverman.com\/fr\/wp-json\/wp\/v2\/users\/1"}],"replies":[{"embeddable":true,"href":"https:\/\/www.geha-laverman.com\/fr\/wp-json\/wp\/v2\/comments?post=3576"}],"version-history":[{"count":7,"href":"https:\/\/www.geha-laverman.com\/fr\/wp-json\/wp\/v2\/pages\/3576\/revisions"}],"predecessor-version":[{"id":3588,"href":"https:\/\/www.geha-laverman.com\/fr\/wp-json\/wp\/v2\/pages\/3576\/revisions\/3588"}],"up":[{"embeddable":true,"href":"https:\/\/www.geha-laverman.com\/fr\/wp-json\/wp\/v2\/pages\/3514"}],"wp:attachment":[{"href":"https:\/\/www.geha-laverman.com\/fr\/wp-json\/wp\/v2\/media?parent=3576"}],"curies":[{"name":"wp","href":"https:\/\/api.w.org\/{rel}","templated":true}]}}