{"id":2553,"date":"2021-05-25T15:23:48","date_gmt":"2021-05-25T13:23:48","guid":{"rendered":"http:\/\/simply-delicious.nl\/?page_id=2553"},"modified":"2022-12-01T15:05:36","modified_gmt":"2022-12-01T13:05:36","slug":"people-planet-profit","status":"publish","type":"page","link":"https:\/\/www.geha-laverman.com\/fr\/people-planet-profit\/","title":{"rendered":"People, Planet, Profit"},"content":{"rendered":"<div data-elementor-type=\"wp-page\" data-elementor-id=\"2553\" class=\"elementor elementor-2553\" data-elementor-post-type=\"page\">\n\t\t\t\t\t\t<section class=\"elementor-section elementor-top-section elementor-element elementor-element-3d476bc elementor-section-full_width elementor-section-stretched elementor-section-height-default elementor-section-height-default\" data-id=\"3d476bc\" data-element_type=\"section\" data-e-type=\"section\" data-settings=\"{&quot;stretch_section&quot;:&quot;section-stretched&quot;,&quot;jet_parallax_layout_list&quot;:[]}\">\n\t\t\t\t\t\t<div class=\"elementor-container elementor-column-gap-no\">\n\t\t\t\t\t<div class=\"elementor-column elementor-col-100 elementor-top-column elementor-element elementor-element-465e123\" data-id=\"465e123\" data-element_type=\"column\" data-e-type=\"column\">\n\t\t\t<div class=\"elementor-widget-wrap elementor-element-populated\">\n\t\t\t\t\t\t<div class=\"elementor-element elementor-element-4522927 elementor--h-position-center elementor--v-position-middle elementor-widget elementor-widget-slides\" data-id=\"4522927\" data-element_type=\"widget\" data-e-type=\"widget\" data-settings=\"{&quot;navigation&quot;:&quot;none&quot;,&quot;autoplay&quot;:&quot;yes&quot;,&quot;pause_on_hover&quot;:&quot;yes&quot;,&quot;pause_on_interaction&quot;:&quot;yes&quot;,&quot;autoplay_speed&quot;:5000,&quot;infinite&quot;:&quot;yes&quot;,&quot;transition&quot;:&quot;slide&quot;,&quot;transition_speed&quot;:500}\" data-widget_type=\"slides.default\">\n\t\t\t\t<div class=\"elementor-widget-container\">\n\t\t\t\t\t\t\t\t\t<div class=\"elementor-swiper\">\n\t\t\t\t\t<div class=\"elementor-slides-wrapper elementor-main-swiper swiper\" role=\"region\" aria-roledescription=\"carousel\" aria-label=\"Slides\" dir=\"ltr\" data-animation=\"fadeInUp\" data-no-translation-aria-label=\"\">\n\t\t\t\t<div class=\"swiper-wrapper elementor-slides\">\n\t\t\t\t\t\t\t\t\t\t<div class=\"elementor-repeater-item-686e5ad swiper-slide\" role=\"group\" aria-roledescription=\"slide\"><div class=\"swiper-slide-bg elementor-ken-burns elementor-ken-burns--out\" role=\"img\" aria-label=\"geha-laverman-people-planet-profit\"><\/div><div class=\"swiper-slide-inner\" ><div class=\"swiper-slide-contents\"><div class=\"elementor-slide-heading\">People, Planet, Profit<\/div><\/div><\/div><\/div>\t\t\t\t<\/div>\n\t\t\t\t\t\t\t<\/div>\n\t\t\t\t<\/div>\n\t\t\t\t\t\t\t\t<\/div>\n\t\t\t\t<\/div>\n\t\t\t\t\t<\/div>\n\t\t<\/div>\n\t\t\t\t\t<\/div>\n\t\t<\/section>\n\t\t\t\t<section class=\"elementor-section elementor-top-section elementor-element elementor-element-7a37be8 elementor-section-boxed elementor-section-height-default elementor-section-height-default\" data-id=\"7a37be8\" data-element_type=\"section\" data-e-type=\"section\" data-settings=\"{&quot;jet_parallax_layout_list&quot;:[]}\">\n\t\t\t\t\t\t<div class=\"elementor-container elementor-column-gap-default\">\n\t\t\t\t\t<div data-uael-partstyle=\"custom\" data-uael-partcolor=\"\" data-uael-partopacity=\"\" data-uael-partdirection=\"bottom\" data-uael-partdata=\"\" class=\"elementor-column elementor-col-100 elementor-top-column elementor-element elementor-element-ef670cf uael-particle-yes\" data-id=\"ef670cf\" data-element_type=\"column\" data-e-type=\"column\">\n\t\t\t<div class=\"elementor-widget-wrap elementor-element-populated\">\n\t\t\t\t\t\t<div class=\"elementor-element elementor-element-9714260 elementor-widget elementor-widget-heading\" data-id=\"9714260\" data-element_type=\"widget\" data-e-type=\"widget\" data-widget_type=\"heading.default\">\n\t\t\t\t<div class=\"elementor-widget-container\">\n\t\t\t\t\t<h2 class=\"elementor-heading-title elementor-size-default\">People, Planet, Profit<\/h2>\t\t\t\t<\/div>\n\t\t\t\t<\/div>\n\t\t\t\t<div class=\"elementor-element elementor-element-5d901b1 elementor-widget elementor-widget-text-editor\" data-id=\"5d901b1\" data-element_type=\"widget\" data-e-type=\"widget\" data-widget_type=\"text-editor.default\">\n\t\t\t\t<div class=\"elementor-widget-container\">\n\t\t\t\t\t\t\t\t\t<p>Chez Geha Laverman, la responsabilit\u00e9 sociale des entreprises fait partie int\u00e9grante de notre r\u00e9flexion et de nos actions. En tant qu'organisation, nous nous consid\u00e9rons comme conjointement responsables des personnes et de l'environnement et nous sommes constamment \u00e0 la recherche d'un juste \u00e9quilibre entre les effets sociaux, environnementaux et \u00e9conomiques, en bref, les trois P : <strong>PERSONNES, PLAN\u00c8TE<\/strong> et <strong>PROFIT<\/strong>.<\/p>\t\t\t\t\t\t\t\t<\/div>\n\t\t\t\t<\/div>\n\t\t\t\t<section class=\"elementor-section elementor-inner-section elementor-element elementor-element-ccba496 elementor-section-boxed elementor-section-height-default elementor-section-height-default\" data-id=\"ccba496\" data-element_type=\"section\" data-e-type=\"section\" data-settings=\"{&quot;jet_parallax_layout_list&quot;:[]}\">\n\t\t\t\t\t\t<div class=\"elementor-container elementor-column-gap-default\">\n\t\t\t\t\t<div class=\"elementor-column elementor-col-33 elementor-inner-column elementor-element elementor-element-aa51807\" data-id=\"aa51807\" data-element_type=\"column\" data-e-type=\"column\">\n\t\t\t<div class=\"elementor-widget-wrap elementor-element-populated\">\n\t\t\t\t\t\t<div class=\"elementor-element elementor-element-4dc5df9 elementor-view-default elementor-widget elementor-widget-icon\" data-id=\"4dc5df9\" data-element_type=\"widget\" data-e-type=\"widget\" data-widget_type=\"icon.default\">\n\t\t\t\t<div class=\"elementor-widget-container\">\n\t\t\t\t\t\t\t<div class=\"elementor-icon-wrapper\">\n\t\t\t<div class=\"elementor-icon\">\n\t\t\t<i aria-hidden=\"true\" class=\"fas fa-people-arrows\"><\/i>\t\t\t<\/div>\n\t\t<\/div>\n\t\t\t\t\t\t<\/div>\n\t\t\t\t<\/div>\n\t\t\t\t<div class=\"elementor-element elementor-element-44599e9 elementor-widget elementor-widget-heading\" data-id=\"44599e9\" data-element_type=\"widget\" data-e-type=\"widget\" data-widget_type=\"heading.default\">\n\t\t\t\t<div class=\"elementor-widget-container\">\n\t\t\t\t\t<h2 class=\"elementor-heading-title elementor-size-default\">People<\/h2>\t\t\t\t<\/div>\n\t\t\t\t<\/div>\n\t\t\t\t<div class=\"elementor-element elementor-element-64dd36d elementor-widget elementor-widget-text-editor\" data-id=\"64dd36d\" data-element_type=\"widget\" data-e-type=\"widget\" data-widget_type=\"text-editor.default\">\n\t\t\t\t<div class=\"elementor-widget-container\">\n\t\t\t\t\t\t\t\t\t<p>Les gens derri\u00e8re, devant et dans Geha Laverman<br \/>Le climat de travail positif combin\u00e9 au management pratiquement horizontal permettent de donner leur pleine mesure aux comp\u00e9tences professionnelles et servent de stimulant pour prester de mani\u00e8re optimale. On tient continuellement compte de l\u2019int\u00e9r\u00eat des travailleurs. Chaque id\u00e9e pouvant contribuer principalement \u00e0 l\u2019organisation est prise particuli\u00e8rement au s\u00e9rieux. Quoi qu\u2019il en soit, la confiance et le calme au sein de l\u2019organisation ont entrain\u00e9 une \u00e9norme solidarit\u00e9 entre les travailleurs.<br \/>Le fait que Geha Laverman se pr\u00e9occupe de son personnel apparait aussi dans les chiffres suivants :<br \/><br \/>L\u2019\u00e2ge moyen des 60 travailleurs est de 45 ans. Les absences pour maladie sont inf\u00e9rieures \u00e0 1% depuis 1999.<br \/>La simple combinaison du professionnalisme, de la loyaut\u00e9 et de l\u2019int\u00e9grit\u00e9 de notre personnel a donn\u00e9 une image extr\u00eamement solide de Geha Laverman.<\/p>\t\t\t\t\t\t\t\t<\/div>\n\t\t\t\t<\/div>\n\t\t\t\t\t<\/div>\n\t\t<\/div>\n\t\t\t\t<div class=\"elementor-column elementor-col-33 elementor-inner-column elementor-element elementor-element-3652ffc\" data-id=\"3652ffc\" data-element_type=\"column\" data-e-type=\"column\">\n\t\t\t<div class=\"elementor-widget-wrap elementor-element-populated\">\n\t\t\t\t\t\t<div class=\"elementor-element elementor-element-e909ff5 elementor-view-default elementor-widget elementor-widget-icon\" data-id=\"e909ff5\" data-element_type=\"widget\" data-e-type=\"widget\" data-widget_type=\"icon.default\">\n\t\t\t\t<div class=\"elementor-widget-container\">\n\t\t\t\t\t\t\t<div class=\"elementor-icon-wrapper\">\n\t\t\t<div class=\"elementor-icon\">\n\t\t\t<i aria-hidden=\"true\" class=\"fas fa-globe-americas\"><\/i>\t\t\t<\/div>\n\t\t<\/div>\n\t\t\t\t\t\t<\/div>\n\t\t\t\t<\/div>\n\t\t\t\t<div class=\"elementor-element elementor-element-db817aa elementor-widget elementor-widget-heading\" data-id=\"db817aa\" data-element_type=\"widget\" data-e-type=\"widget\" data-widget_type=\"heading.default\">\n\t\t\t\t<div class=\"elementor-widget-container\">\n\t\t\t\t\t<h2 class=\"elementor-heading-title elementor-size-default\">Planet<\/h2>\t\t\t\t<\/div>\n\t\t\t\t<\/div>\n\t\t\t\t<div class=\"elementor-element elementor-element-de6a29b elementor-widget elementor-widget-text-editor\" data-id=\"de6a29b\" data-element_type=\"widget\" data-e-type=\"widget\" data-widget_type=\"text-editor.default\">\n\t\t\t\t<div class=\"elementor-widget-container\">\n\t\t\t\t\t\t\t\t\t<p>Geha Laverman pense, conseille et contribue \u00e0 la durabilit\u00e9,<br \/>Geha Laverman est le plus grand fournisseur de pi\u00e8ces d\u2019usure d\u2019Europe et a pour objectif de laisser choisir les solutions les plus durables \u00e0 ses clients, pouvant sans exception \u00eatre reprises dans l\u2019industrie lourde et la construction. Outre la livraison sur stock de produits, Geha Laverman dispose aussi d\u2019installations de production, dans lesquelles les mati\u00e8res premi\u00e8res sont achet\u00e9es dans d\u2019excellentes usines europ\u00e9ennes pour lesquelles les 3 P sont prioritaires. L\u2019ensemble du processus de travail chez Geha Laverman est \u00e9tabli pour que tant la consommation d\u2019\u00e9nergie que les pressions sur l\u2019environnement restent limit\u00e9es au minimum. Les produits semi-finis non utilis\u00e9s et les d\u00e9chets sont propos\u00e9s au recyclage. Nous avons conclu avec les fournisseurs de produits commerciaux de Geha Laverman des accords sur la prise en charge des produits remplac\u00e9s et leur r\u00e9introduction dans le processus de production des usines.<\/p>\t\t\t\t\t\t\t\t<\/div>\n\t\t\t\t<\/div>\n\t\t\t\t\t<\/div>\n\t\t<\/div>\n\t\t\t\t<div class=\"elementor-column elementor-col-33 elementor-inner-column elementor-element elementor-element-7d4a003\" data-id=\"7d4a003\" data-element_type=\"column\" data-e-type=\"column\">\n\t\t\t<div class=\"elementor-widget-wrap elementor-element-populated\">\n\t\t\t\t\t\t<div class=\"elementor-element elementor-element-74e7ab7 elementor-view-default elementor-widget elementor-widget-icon\" data-id=\"74e7ab7\" data-element_type=\"widget\" data-e-type=\"widget\" data-widget_type=\"icon.default\">\n\t\t\t\t<div class=\"elementor-widget-container\">\n\t\t\t\t\t\t\t<div class=\"elementor-icon-wrapper\">\n\t\t\t<div class=\"elementor-icon\">\n\t\t\t<i aria-hidden=\"true\" class=\"far fa-money-bill-alt\"><\/i>\t\t\t<\/div>\n\t\t<\/div>\n\t\t\t\t\t\t<\/div>\n\t\t\t\t<\/div>\n\t\t\t\t<div class=\"elementor-element elementor-element-d552ea7 elementor-widget elementor-widget-heading\" data-id=\"d552ea7\" data-element_type=\"widget\" data-e-type=\"widget\" data-widget_type=\"heading.default\">\n\t\t\t\t<div class=\"elementor-widget-container\">\n\t\t\t\t\t<h2 class=\"elementor-heading-title elementor-size-default\">Profit<\/h2>\t\t\t\t<\/div>\n\t\t\t\t<\/div>\n\t\t\t\t<div class=\"elementor-element elementor-element-9ba7ab1 elementor-widget elementor-widget-text-editor\" data-id=\"9ba7ab1\" data-element_type=\"widget\" data-e-type=\"widget\" data-widget_type=\"text-editor.default\">\n\t\t\t\t<div class=\"elementor-widget-container\">\n\t\t\t\t\t\t\t\t\t<p>La continuit\u00e9 et la croissance de Geha Laverman<br \/>Geha et Laverman ont \u00e9t\u00e9 des entreprises ind\u00e9pendantes pendant plus de 60 ans et ont fusionn\u00e9 en 2013. Les deux entreprises ont connu s\u00e9par\u00e9ment une croissance saine et continue. De plus, il n\u2019y a pas eu de cas de licenciements dus \u00e0 de mauvaises conditions \u00e9conomiques dans aucune des deux entreprises, m\u00eame apr\u00e8s la fusion.<br \/>Geha Laverman ne vise pas l\u2019optimisation des b\u00e9n\u00e9fices, mais voit l\u2019avenir en termes de cr\u00e9ation de valeur en collaborant avec des partenaires europ\u00e9ens au niveau de l\u2019innovation.<br \/>Outre la livraison de produits, Geha Laverman conseille notamment les entreprises du recyclage en vue d\u2019optimiser leurs processus. Nous partageons ainsi les connaissances acquises sur la base de la longue exp\u00e9rience de nos sp\u00e9cialistes dans ce secteur. Des connaissances qui au final apportent au client un travail plus efficace, plus durable et plus r\u00e9mun\u00e9rateur.<\/p>\t\t\t\t\t\t\t\t<\/div>\n\t\t\t\t<\/div>\n\t\t\t\t\t<\/div>\n\t\t<\/div>\n\t\t\t\t\t<\/div>\n\t\t<\/section>\n\t\t\t\t\t<\/div>\n\t\t<\/div>\n\t\t\t\t\t<\/div>\n\t\t<\/section>\n\t\t\t\t<\/div>","protected":false},"excerpt":{"rendered":"<p>People, Planet, Profit People, Planet, Profit Bij Geha Laverman is Maatschappelijk Verantwoord Ondernemen integraal onderdeel van ons denken en doen. Als organisatie zien wij ons medeverantwoordelijk voor mens en milieu en zijn voortdurend op zoek naar de juiste balans tussen sociale, milieu en economische effecten, kortom de drie P\u2019s: PEOPLE, PLANET en PROFIT. People De [&hellip;]<\/p>\n","protected":false},"author":1,"featured_media":0,"parent":0,"menu_order":0,"comment_status":"closed","ping_status":"closed","template":"","meta":{"footnotes":""},"class_list":["post-2553","page","type-page","status-publish","hentry"],"yoast_head":"<!-- This site is optimized with the Yoast SEO Premium plugin v27.1 (Yoast SEO v27.1.1) - https:\/\/yoast.com\/product\/yoast-seo-premium-wordpress\/ -->\n<title>People, Planet, Profit - Geha Laverman<\/title>\n<meta name=\"robots\" content=\"index, follow, max-snippet:-1, max-image-preview:large, max-video-preview:-1\" \/>\n<link rel=\"canonical\" href=\"https:\/\/www.geha-laverman.com\/fr\/people-planet-profit\/\" \/>\n<meta property=\"og:locale\" content=\"fr_FR\" \/>\n<meta property=\"og:type\" content=\"article\" \/>\n<meta property=\"og:title\" content=\"People, Planet, Profit\" \/>\n<meta property=\"og:description\" content=\"People, Planet, Profit People, Planet, Profit Bij Geha Laverman is Maatschappelijk Verantwoord Ondernemen integraal onderdeel van ons denken en doen. Als\" \/>\n<meta property=\"og:url\" content=\"https:\/\/www.geha-laverman.com\/fr\/people-planet-profit\/\" \/>\n<meta property=\"og:site_name\" content=\"Geha Laverman\" \/>\n<meta property=\"article:modified_time\" content=\"2022-12-01T13:05:36+00:00\" \/>\n<meta name=\"twitter:card\" content=\"summary_large_image\" \/>\n<meta name=\"twitter:label1\" content=\"Est. reading time\" \/>\n\t<meta name=\"twitter:data1\" content=\"2 minutes\" \/>\n<script type=\"application\/ld+json\" class=\"yoast-schema-graph\">{\"@context\":\"https:\/\/schema.org\",\"@graph\":[{\"@type\":\"WebPage\",\"@id\":\"https:\/\/www.geha-laverman.com\/people-planet-profit\/\",\"url\":\"https:\/\/www.geha-laverman.com\/people-planet-profit\/\",\"name\":\"People, Planet, Profit - Geha Laverman\",\"isPartOf\":{\"@id\":\"https:\/\/www.geha-laverman.com\/#website\"},\"datePublished\":\"2021-05-25T13:23:48+00:00\",\"dateModified\":\"2022-12-01T13:05:36+00:00\",\"breadcrumb\":{\"@id\":\"https:\/\/www.geha-laverman.com\/people-planet-profit\/#breadcrumb\"},\"inLanguage\":\"fr-FR\",\"potentialAction\":[{\"@type\":\"ReadAction\",\"target\":[\"https:\/\/www.geha-laverman.com\/people-planet-profit\/\"]}]},{\"@type\":\"BreadcrumbList\",\"@id\":\"https:\/\/www.geha-laverman.com\/people-planet-profit\/#breadcrumb\",\"itemListElement\":[{\"@type\":\"ListItem\",\"position\":1,\"name\":\"Home\",\"item\":\"https:\/\/www.geha-laverman.com\/\"},{\"@type\":\"ListItem\",\"position\":2,\"name\":\"People, Planet, Profit\"}]},{\"@type\":\"WebSite\",\"@id\":\"https:\/\/www.geha-laverman.com\/#website\",\"url\":\"https:\/\/www.geha-laverman.com\/\",\"name\":\"Geha Laverman\",\"description\":\"| Hardox Wearparts Center\",\"publisher\":{\"@id\":\"https:\/\/www.geha-laverman.com\/#organization\"},\"potentialAction\":[{\"@type\":\"SearchAction\",\"target\":{\"@type\":\"EntryPoint\",\"urlTemplate\":\"https:\/\/www.geha-laverman.com\/?s={search_term_string}\"},\"query-input\":{\"@type\":\"PropertyValueSpecification\",\"valueRequired\":true,\"valueName\":\"search_term_string\"}}],\"inLanguage\":\"fr-FR\"},{\"@type\":\"Organization\",\"@id\":\"https:\/\/www.geha-laverman.com\/#organization\",\"name\":\"Geha Laverman\",\"url\":\"https:\/\/www.geha-laverman.com\/\",\"logo\":{\"@type\":\"ImageObject\",\"inLanguage\":\"fr-FR\",\"@id\":\"https:\/\/www.geha-laverman.com\/#\/schema\/logo\/image\/\",\"url\":\"https:\/\/www.geha-laverman.com\/wp-content\/uploads\/2021\/05\/GehaLavermanLogo-1.svg\",\"contentUrl\":\"https:\/\/www.geha-laverman.com\/wp-content\/uploads\/2021\/05\/GehaLavermanLogo-1.svg\",\"width\":271,\"height\":119,\"caption\":\"Geha Laverman\"},\"image\":{\"@id\":\"https:\/\/www.geha-laverman.com\/#\/schema\/logo\/image\/\"}}]}<\/script>\n<!-- \/ Yoast SEO Premium plugin. -->","yoast_head_json":{"title":"Personnes, Plan\u00e8te, Profit - Geha Laverman","robots":{"index":"index","follow":"follow","max-snippet":"max-snippet:-1","max-image-preview":"max-image-preview:large","max-video-preview":"max-video-preview:-1"},"canonical":"https:\/\/www.geha-laverman.com\/fr\/people-planet-profit\/","og_locale":"fr_FR","og_type":"article","og_title":"People, Planet, Profit","og_description":"People, Planet, Profit People, Planet, Profit Bij Geha Laverman is Maatschappelijk Verantwoord Ondernemen integraal onderdeel van ons denken en doen. Als","og_url":"https:\/\/www.geha-laverman.com\/fr\/people-planet-profit\/","og_site_name":"Geha Laverman","article_modified_time":"2022-12-01T13:05:36+00:00","twitter_card":"summary_large_image","twitter_misc":{"Est. reading time":"2 minutes"},"schema":{"@context":"https:\/\/schema.org","@graph":[{"@type":"WebPage","@id":"https:\/\/www.geha-laverman.com\/people-planet-profit\/","url":"https:\/\/www.geha-laverman.com\/people-planet-profit\/","name":"Personnes, Plan\u00e8te, Profit - Geha Laverman","isPartOf":{"@id":"https:\/\/www.geha-laverman.com\/#website"},"datePublished":"2021-05-25T13:23:48+00:00","dateModified":"2022-12-01T13:05:36+00:00","breadcrumb":{"@id":"https:\/\/www.geha-laverman.com\/people-planet-profit\/#breadcrumb"},"inLanguage":"fr-FR","potentialAction":[{"@type":"ReadAction","target":["https:\/\/www.geha-laverman.com\/people-planet-profit\/"]}]},{"@type":"BreadcrumbList","@id":"https:\/\/www.geha-laverman.com\/people-planet-profit\/#breadcrumb","itemListElement":[{"@type":"ListItem","position":1,"name":"Home","item":"https:\/\/www.geha-laverman.com\/"},{"@type":"ListItem","position":2,"name":"People, Planet, Profit"}]},{"@type":"WebSite","@id":"https:\/\/www.geha-laverman.com\/#website","url":"https:\/\/www.geha-laverman.com\/","name":"Geha Laverman","description":"| Centre de pi\u00e8ces d'usure Hardox","publisher":{"@id":"https:\/\/www.geha-laverman.com\/#organization"},"potentialAction":[{"@type":"SearchAction","target":{"@type":"EntryPoint","urlTemplate":"https:\/\/www.geha-laverman.com\/?s={search_term_string}"},"query-input":{"@type":"PropertyValueSpecification","valueRequired":true,"valueName":"search_term_string"}}],"inLanguage":"fr-FR"},{"@type":"Organization","@id":"https:\/\/www.geha-laverman.com\/#organization","name":"Geha Laverman","url":"https:\/\/www.geha-laverman.com\/","logo":{"@type":"ImageObject","inLanguage":"fr-FR","@id":"https:\/\/www.geha-laverman.com\/#\/schema\/logo\/image\/","url":"https:\/\/www.geha-laverman.com\/wp-content\/uploads\/2021\/05\/GehaLavermanLogo-1.svg","contentUrl":"https:\/\/www.geha-laverman.com\/wp-content\/uploads\/2021\/05\/GehaLavermanLogo-1.svg","width":271,"height":119,"caption":"Geha Laverman"},"image":{"@id":"https:\/\/www.geha-laverman.com\/#\/schema\/logo\/image\/"}}]}},"_links":{"self":[{"href":"https:\/\/www.geha-laverman.com\/fr\/wp-json\/wp\/v2\/pages\/2553","targetHints":{"allow":["GET"]}}],"collection":[{"href":"https:\/\/www.geha-laverman.com\/fr\/wp-json\/wp\/v2\/pages"}],"about":[{"href":"https:\/\/www.geha-laverman.com\/fr\/wp-json\/wp\/v2\/types\/page"}],"author":[{"embeddable":true,"href":"https:\/\/www.geha-laverman.com\/fr\/wp-json\/wp\/v2\/users\/1"}],"replies":[{"embeddable":true,"href":"https:\/\/www.geha-laverman.com\/fr\/wp-json\/wp\/v2\/comments?post=2553"}],"version-history":[{"count":31,"href":"https:\/\/www.geha-laverman.com\/fr\/wp-json\/wp\/v2\/pages\/2553\/revisions"}],"predecessor-version":[{"id":5002,"href":"https:\/\/www.geha-laverman.com\/fr\/wp-json\/wp\/v2\/pages\/2553\/revisions\/5002"}],"wp:attachment":[{"href":"https:\/\/www.geha-laverman.com\/fr\/wp-json\/wp\/v2\/media?parent=2553"}],"curies":[{"name":"wp","href":"https:\/\/api.w.org\/{rel}","templated":true}]}}