{"id":3853,"date":"2021-08-31T12:28:31","date_gmt":"2021-08-31T10:28:31","guid":{"rendered":"https:\/\/simply-delicious.nl\/?page_id=3853"},"modified":"2021-08-31T12:49:45","modified_gmt":"2021-08-31T10:49:45","slug":"privacy-statement","status":"publish","type":"page","link":"https:\/\/www.geha-laverman.com\/de\/privacy-statement\/","title":{"rendered":"Erkl\u00e4rung zum Datenschutz"},"content":{"rendered":"<div data-elementor-type=\"wp-page\" data-elementor-id=\"3853\" class=\"elementor elementor-3853\" data-elementor-post-type=\"page\">\n\t\t\t\t\t\t<section class=\"elementor-section elementor-top-section elementor-element elementor-element-762386e elementor-section-boxed elementor-section-height-default elementor-section-height-default\" data-id=\"762386e\" data-element_type=\"section\" data-e-type=\"section\" data-settings=\"{&quot;jet_parallax_layout_list&quot;:[]}\">\n\t\t\t\t\t\t<div class=\"elementor-container elementor-column-gap-default\">\n\t\t\t\t\t<div class=\"elementor-column elementor-col-100 elementor-top-column elementor-element elementor-element-c767fac\" data-id=\"c767fac\" data-element_type=\"column\" data-e-type=\"column\">\n\t\t\t<div class=\"elementor-widget-wrap elementor-element-populated\">\n\t\t\t\t\t\t<div class=\"elementor-element elementor-element-3f9d190 elementor-widget elementor-widget-heading\" data-id=\"3f9d190\" data-element_type=\"widget\" data-e-type=\"widget\" data-widget_type=\"heading.default\">\n\t\t\t\t<div class=\"elementor-widget-container\">\n\t\t\t\t\t<h2 class=\"elementor-heading-title elementor-size-default\">Erkl\u00e4rung zum Datenschutz<\/h2>\t\t\t\t<\/div>\n\t\t\t\t<\/div>\n\t\t\t\t<div class=\"elementor-element elementor-element-81d710f elementor-widget elementor-widget-heading\" data-id=\"81d710f\" data-element_type=\"widget\" data-e-type=\"widget\" data-widget_type=\"heading.default\">\n\t\t\t\t<div class=\"elementor-widget-container\">\n\t\t\t\t\t<h3 class=\"elementor-heading-title elementor-size-default\">1. Allgemeines<\/h3>\t\t\t\t<\/div>\n\t\t\t\t<\/div>\n\t\t\t\t<div class=\"elementor-element elementor-element-5aac4fc elementor-widget elementor-widget-text-editor\" data-id=\"5aac4fc\" data-element_type=\"widget\" data-e-type=\"widget\" data-widget_type=\"text-editor.default\">\n\t\t\t\t<div class=\"elementor-widget-container\">\n\t\t\t\t\t\t\t\t\t<p>Geha Laverman BV behandelt die pers\u00f6nlichen Daten der Besucher ihrer Website mit \u00e4u\u00dferster Sorgfalt.<br \/>Die Daten, die Geha Laverman BV sammelt, werden verwendet, um die Vertr\u00e4ge \u00fcber unsere Dienstleistungen abschlie\u00dfen und erf\u00fcllen zu k\u00f6nnen, um die sich daraus ergebenden Beziehungen zu verwalten, um den Kontakt aufrechtzuerhalten, um Ihnen einen guten Service bieten zu k\u00f6nnen, um Webstatistiken zu f\u00fchren und um die gesetzlichen Verpflichtungen, denen Geha Laverman BV unterliegt, erf\u00fcllen zu k\u00f6nnen. Sie k\u00f6nnen beispielsweise an folgende Daten denken: Name, Organisation, Position, Adresse, Telefonnummer und E-Mail-Adresse.<\/p><p>Wir respektieren die Privatsph\u00e4re unserer Kunden. Personenbezogene Daten werden in einer Weise verarbeitet, die den Anforderungen des Datenschutzgesetzes und der Allgemeinen Datenschutzverordnung entspricht.<br \/><br \/>Geha Laverman BV behandelt die pers\u00f6nlichen Daten, die Sie uns geben, mit Sorgfalt. Dies gilt auch f\u00fcr Informationen, die Sie Geha Laverman BV \u00fcber die Website zur Verf\u00fcgung stellen. Die pers\u00f6nlichen Informationen, die Sie uns geben, werden immer vertraulich behandelt.<\/p>\t\t\t\t\t\t\t\t<\/div>\n\t\t\t\t<\/div>\n\t\t\t\t<div class=\"elementor-element elementor-element-041eca2 elementor-widget elementor-widget-heading\" data-id=\"041eca2\" data-element_type=\"widget\" data-e-type=\"widget\" data-widget_type=\"heading.default\">\n\t\t\t\t<div class=\"elementor-widget-container\">\n\t\t\t\t\t<h3 class=\"elementor-heading-title elementor-size-default\">2. Verwendung der Daten<\/h3>\t\t\t\t<\/div>\n\t\t\t\t<\/div>\n\t\t\t\t<div class=\"elementor-element elementor-element-9e495d4 elementor-widget elementor-widget-text-editor\" data-id=\"9e495d4\" data-element_type=\"widget\" data-e-type=\"widget\" data-widget_type=\"text-editor.default\">\n\t\t\t\t<div class=\"elementor-widget-container\">\n\t\t\t\t\t\t\t\t\t<p>Wir verwenden die von Ihnen \u00fcber unsere Website eingegebenen Daten, um Ihre Anfrage, Ihren Antrag oder Ihre Bestellung zu beantworten.<br \/>Die Daten werden von Geha Laverman BV erhalten. In diesem Fall werden Ihre Daten nur verarbeitet, um Ihre Identit\u00e4t festzustellen und Missbrauch durch Dritte zu verhindern sowie um mit Ihnen in Kontakt zu treten und zu bleiben.<\/p>\t\t\t\t\t\t\t\t<\/div>\n\t\t\t\t<\/div>\n\t\t\t\t<div class=\"elementor-element elementor-element-4500880 elementor-widget elementor-widget-heading\" data-id=\"4500880\" data-element_type=\"widget\" data-e-type=\"widget\" data-widget_type=\"heading.default\">\n\t\t\t\t<div class=\"elementor-widget-container\">\n\t\t\t\t\t<h3 class=\"elementor-heading-title elementor-size-default\">3. Basis<\/h3>\t\t\t\t<\/div>\n\t\t\t\t<\/div>\n\t\t\t\t<div class=\"elementor-element elementor-element-cec2856 elementor-widget elementor-widget-text-editor\" data-id=\"cec2856\" data-element_type=\"widget\" data-e-type=\"widget\" data-widget_type=\"text-editor.default\">\n\t\t\t\t<div class=\"elementor-widget-container\">\n\t\t\t\t\t\t\t\t\t<p>Geha Laverman BV verarbeitet Ihre personenbezogenen Daten auf der Grundlage der folgenden Rechtsgrundlagen: Ihre Einwilligung (die Sie auch widerrufen k\u00f6nnen, indem Sie sich mit uns in Verbindung setzen); zur Erf\u00fcllung eines Vertrags, an dem Sie beteiligt sind (z. B. zur Erbringung unserer Dienstleistungen); zur Erf\u00fcllung einer uns obliegenden rechtlichen Verpflichtung; zur Wahrung unserer berechtigten Interessen oder der Interessen Dritter.<br \/><br \/>Wir wollen zum Beispiel die Website verbessern, indem wir herausfinden, welche Informationen f\u00fcr die Besucher am wichtigsten sind.<\/p>\t\t\t\t\t\t\t\t<\/div>\n\t\t\t\t<\/div>\n\t\t\t\t<div class=\"elementor-element elementor-element-fc75ec9 elementor-widget elementor-widget-heading\" data-id=\"fc75ec9\" data-element_type=\"widget\" data-e-type=\"widget\" data-widget_type=\"heading.default\">\n\t\t\t\t<div class=\"elementor-widget-container\">\n\t\t\t\t\t<h3 class=\"elementor-heading-title elementor-size-default\">4. Weiterleitung<\/h3>\t\t\t\t<\/div>\n\t\t\t\t<\/div>\n\t\t\t\t<div class=\"elementor-element elementor-element-532b84d elementor-widget elementor-widget-text-editor\" data-id=\"532b84d\" data-element_type=\"widget\" data-e-type=\"widget\" data-widget_type=\"text-editor.default\">\n\t\t\t\t<div class=\"elementor-widget-container\">\n\t\t\t\t\t\t\t\t\t<p>Wir geben keine pers\u00f6nlichen Informationen an Dritte weiter. Geha Laverman BV bedient sich bei der Durchf\u00fchrung ihrer Aktivit\u00e4ten Dritter, die f\u00fcr uns Dienstleistungen erbringen. Mit diesen Parteien wurde eine Verarbeitungsvereinbarung geschlossen, in der die Sicherheit Ihrer pers\u00f6nlichen Daten garantiert wird. <br \/>Geha Laverman BV gibt personenbezogene Daten nur weiter, wenn wir dazu verpflichtet sind, zum Beispiel im Rahmen der Verhinderung oder Aufdeckung von Straftaten. Personenbezogene Daten werden nicht an Dritte f\u00fcr Direktmarketingzwecke weitergegeben.<\/p>\t\t\t\t\t\t\t\t<\/div>\n\t\t\t\t<\/div>\n\t\t\t\t<div class=\"elementor-element elementor-element-213fabb elementor-widget elementor-widget-heading\" data-id=\"213fabb\" data-element_type=\"widget\" data-e-type=\"widget\" data-widget_type=\"heading.default\">\n\t\t\t\t<div class=\"elementor-widget-container\">\n\t\t\t\t\t<h3 class=\"elementor-heading-title elementor-size-default\">5. Sicherheit<\/h3>\t\t\t\t<\/div>\n\t\t\t\t<\/div>\n\t\t\t\t<div class=\"elementor-element elementor-element-b0c9f2a elementor-widget elementor-widget-text-editor\" data-id=\"b0c9f2a\" data-element_type=\"widget\" data-e-type=\"widget\" data-widget_type=\"text-editor.default\">\n\t\t\t\t<div class=\"elementor-widget-container\">\n\t\t\t\t\t\t\t\t\t<p>Um den unbefugten Zugriff auf Ihre pers\u00f6nlichen Daten zu verhindern, hat Geha Laverman BV verschiedene technische und organisatorische Sicherheitsma\u00dfnahmen ergriffen, darunter Ma\u00dfnahmen gegen unbefugten Zugriff, unbefugte Nutzung, unbefugte \u00c4nderung, unrechtm\u00e4\u00dfige und unbeabsichtigte Zerst\u00f6rung und unbeabsichtigten Verlust. Alle pers\u00f6nlichen Daten werden vertraulich behandelt und auf sicheren Servern gespeichert.<\/p>\t\t\t\t\t\t\t\t<\/div>\n\t\t\t\t<\/div>\n\t\t\t\t<div class=\"elementor-element elementor-element-1827e2b elementor-widget elementor-widget-heading\" data-id=\"1827e2b\" data-element_type=\"widget\" data-e-type=\"widget\" data-widget_type=\"heading.default\">\n\t\t\t\t<div class=\"elementor-widget-container\">\n\t\t\t\t\t<h3 class=\"elementor-heading-title elementor-size-default\">6. Links<\/h3>\t\t\t\t<\/div>\n\t\t\t\t<\/div>\n\t\t\t\t<div class=\"elementor-element elementor-element-8d000b4 elementor-widget elementor-widget-text-editor\" data-id=\"8d000b4\" data-element_type=\"widget\" data-e-type=\"widget\" data-widget_type=\"text-editor.default\">\n\t\t\t\t<div class=\"elementor-widget-container\">\n\t\t\t\t\t\t\t\t\t<p>Die Website von Geha Laverman BV enth\u00e4lt Links zu Websites anderer Organisationen. Geha Laverman BV ist nicht verantwortlich f\u00fcr den Inhalt dieser Websites. Geha Laverman BV ist auch nicht verantwortlich f\u00fcr den Schutz der Privatsph\u00e4re auf diesen Websites oder f\u00fcr Dienstleistungen, die \u00fcber diese Websites angeboten werden k\u00f6nnen.<\/p>\t\t\t\t\t\t\t\t<\/div>\n\t\t\t\t<\/div>\n\t\t\t\t<div class=\"elementor-element elementor-element-ced7670 elementor-widget elementor-widget-heading\" data-id=\"ced7670\" data-element_type=\"widget\" data-e-type=\"widget\" data-widget_type=\"heading.default\">\n\t\t\t\t<div class=\"elementor-widget-container\">\n\t\t\t\t\t<h3 class=\"elementor-heading-title elementor-size-default\">7. Verwendung von Cookies<\/h3>\t\t\t\t<\/div>\n\t\t\t\t<\/div>\n\t\t\t\t<div class=\"elementor-element elementor-element-4125a5b elementor-widget elementor-widget-text-editor\" data-id=\"4125a5b\" data-element_type=\"widget\" data-e-type=\"widget\" data-widget_type=\"text-editor.default\">\n\t\t\t\t<div class=\"elementor-widget-container\">\n\t\t\t\t\t\t\t\t\t<p>Die Website von Geha Laverman BV verwendet Cookies. Ein Cookie ist eine einfache kleine Datei, die mit den Seiten dieser Website gesendet und von Ihrem Browser auf der Festplatte Ihres Computers gespeichert wird.<\/p><p>Sie k\u00f6nnen diese Cookies \u00fcber Ihren Browser deaktivieren, aber dies kann die Funktion unserer Website beeintr\u00e4chtigen. Sie k\u00f6nnen Cookies nur selbst l\u00f6schen, da sie auf Ihrem Computer gespeichert werden. Bitte konsultieren Sie das Handbuch Ihres Browsers.<br \/><br \/>Auf unserer Website wird im Rahmen des Dienstes \"Analytics\" ein Cookie von dem US-amerikanischen Unternehmen Google gesetzt. Wir verwenden Google Analytics, um das Surfverhalten auf unserer Website zu analysieren und zu verbessern. Wir verwenden Google Analytics auch, um Online-Werbung wie Google Adwords zu analysieren. Google kann diese Informationen an Dritte weitergeben, wenn Google dazu gesetzlich verpflichtet ist oder soweit Dritte die Informationen im Auftrag von Google verarbeiten. Hierauf haben wir keinen Einfluss. Wir haben Google nicht autorisiert, die erhaltenen Analytics-Informationen f\u00fcr andere Google-Dienste zu nutzen. Die gewonnenen Informationen, einschlie\u00dflich der Adresse Ihres Computers (IP-Adresse), werden von Google gespeichert. Weitere Informationen finden Sie in den Datenschutzbestimmungen von Google und in den Datenschutzbestimmungen von Google Analytics.<br \/><br \/>Wenn Sie Fragen oder Anmerkungen zu den Cookie-Richtlinien unserer Website haben, wenden Sie sich bitte an <a href=\"https:\/\/www.geha-laverman.com\/de\/contact\/\">Kontakt<\/a> mit uns \u00fcber unsere Website.<\/p>\t\t\t\t\t\t\t\t<\/div>\n\t\t\t\t<\/div>\n\t\t\t\t<div class=\"elementor-element elementor-element-8a8bdee elementor-widget elementor-widget-heading\" data-id=\"8a8bdee\" data-element_type=\"widget\" data-e-type=\"widget\" data-widget_type=\"heading.default\">\n\t\t\t\t<div class=\"elementor-widget-container\">\n\t\t\t\t\t<h3 class=\"elementor-heading-title elementor-size-default\">8. Aufbewahrungsfrist<\/h3>\t\t\t\t<\/div>\n\t\t\t\t<\/div>\n\t\t\t\t<div class=\"elementor-element elementor-element-0b72038 elementor-widget elementor-widget-text-editor\" data-id=\"0b72038\" data-element_type=\"widget\" data-e-type=\"widget\" data-widget_type=\"text-editor.default\">\n\t\t\t\t<div class=\"elementor-widget-container\">\n\t\t\t\t\t\t\t\t\t<p>Ihre pers\u00f6nlichen Daten werden nicht l\u00e4nger aufbewahrt, als f\u00fcr die ordnungsgem\u00e4\u00dfe Verwaltung unbedingt erforderlich ist. Geha Laverman BV verwendet einen Zeitraum von zwei Jahren nach dem letzten Kontakt, danach werden die Daten vernichtet. Das Gesetz kann eine andere Aufbewahrungsfrist vorschreiben. Wenn dies der Fall ist, wird Geha Laverman BV die gesetzlich vorgeschriebene Aufbewahrungsfrist einhalten.<\/p>\t\t\t\t\t\t\t\t<\/div>\n\t\t\t\t<\/div>\n\t\t\t\t<div class=\"elementor-element elementor-element-7329949 elementor-widget elementor-widget-heading\" data-id=\"7329949\" data-element_type=\"widget\" data-e-type=\"widget\" data-widget_type=\"heading.default\">\n\t\t\t\t<div class=\"elementor-widget-container\">\n\t\t\t\t\t<h3 class=\"elementor-heading-title elementor-size-default\">9. Ihre Rechte als betroffene Person<\/h3>\t\t\t\t<\/div>\n\t\t\t\t<\/div>\n\t\t\t\t<div class=\"elementor-element elementor-element-2426a38 elementor-widget elementor-widget-text-editor\" data-id=\"2426a38\" data-element_type=\"widget\" data-e-type=\"widget\" data-widget_type=\"text-editor.default\">\n\t\t\t\t<div class=\"elementor-widget-container\">\n\t\t\t\t\t\t\t\t\t<p>Recht auf Information: das Recht zu erfahren, ob und welche personenbezogenen Daten \u00fcber Sie verarbeitet werden und zu welchem Zweck.<br \/><br \/>Recht auf Einsichtnahme: das Recht, diese Daten einzusehen und zu kopieren, sofern dadurch nicht die Privatsph\u00e4re einer anderen Person verletzt wird. Das Recht auf eine Kopie unterliegt einem Betrag von 5 \u20ac pro Kopie, und wenn es sich um mehr als 100 Seiten handelt, einem Betrag von 22,50 \u20ac, der im Voraus zu zahlen ist. Geha Laverman BV gibt an, um welche pers\u00f6nlichen Daten es sich handelt, den Zweck der Nutzung und die Herkunft der Daten, sofern diese bekannt ist.<br \/><br \/>Recht auf Berichtigung und L\u00f6schung: Recht auf Berichtigung, Vervollst\u00e4ndigung oder L\u00f6schung von Daten, falls erforderlich. Dem Recht, die (teilweise) L\u00f6schung Ihrer Daten zu verlangen, kann nur entsprochen werden, wenn die Aufbewahrung der Daten nicht von erheblichem Interesse f\u00fcr eine andere Person ist und die Daten nicht aufgrund einer gesetzlichen Vorschrift aufbewahrt werden m\u00fcssen.<br \/><br \/>Widerspruchsrecht: Das Recht, sich in bestimmten F\u00e4llen der Verarbeitung Ihrer Daten zu widersetzen.<br \/><br \/>Wenn Sie Ihre Rechte aus\u00fcben m\u00f6chten, k\u00f6nnen Sie dies schriftlich\/per E-Mail bei Geha Laverman BV angeben. Wenn Ihr Antrag abgelehnt wird, wird Ihnen der Grund daf\u00fcr mitgeteilt. Sie erhalten innerhalb von 4 Wochen nach Erhalt Ihres Antrags eine schriftliche Benachrichtigung von Geha Laverman BV. <\/p><p>Auch wenn Sie eine Beschwerde \u00fcber die Art und Weise haben, wie Ihre pers\u00f6nlichen Daten verarbeitet werden, k\u00f6nnen Sie sich an Geha Laverman BV wenden und Geha Laverman BV wird versuchen, gemeinsam mit Ihnen eine L\u00f6sung zu finden.<br \/><br \/>Unsere aktuellen Kontaktdaten finden Sie auf der Website von Geha Laverman BV. Wenn Sie Geha Laverman BV eine Nachricht \u00fcber diese Bestimmungen oder ein damit zusammenh\u00e4ngendes Thema schicken, geben Sie bitte in der Betreffzeile \"Datenschutzerkl\u00e4rung\" an.<\/p>\t\t\t\t\t\t\t\t<\/div>\n\t\t\t\t<\/div>\n\t\t\t\t<div class=\"elementor-element elementor-element-5c7c7db elementor-widget elementor-widget-heading\" data-id=\"5c7c7db\" data-element_type=\"widget\" data-e-type=\"widget\" data-widget_type=\"heading.default\">\n\t\t\t\t<div class=\"elementor-widget-container\">\n\t\t\t\t\t<h3 class=\"elementor-heading-title elementor-size-default\">10. \u00c4nderung der Datenschutzerkl\u00e4rung<\/h3>\t\t\t\t<\/div>\n\t\t\t\t<\/div>\n\t\t\t\t<div class=\"elementor-element elementor-element-b93be08 elementor-widget elementor-widget-text-editor\" data-id=\"b93be08\" data-element_type=\"widget\" data-e-type=\"widget\" data-widget_type=\"text-editor.default\">\n\t\t\t\t<div class=\"elementor-widget-container\">\n\t\t\t\t\t\t\t\t\t<p>Geha Laverman BV beh\u00e4lt sich das Recht vor, diese Datenschutzrichtlinie zu \u00e4ndern. <br \/>Diese Datenschutzerkl\u00e4rung kann online eingesehen werden.<\/p>\t\t\t\t\t\t\t\t<\/div>\n\t\t\t\t<\/div>\n\t\t\t\t\t<\/div>\n\t\t<\/div>\n\t\t\t\t\t<\/div>\n\t\t<\/section>\n\t\t\t\t<\/div>","protected":false},"excerpt":{"rendered":"<p>Privacy Statement 1. Algemeen Geha Laverman BV behandelt persoonsgegevens van bezoekers van haar website met de grootst mogelijke zorgvuldigheid.De gegevens die Geha Laverman BV verzamelt worden gebruikt voor het mogen aangaan en uitvoeren van de overeenkomsten met betrekking tot onze diensten, het beheren van de daaruit voortvloeiende relaties, het onderhouden van contact, om u op [&hellip;]<\/p>\n","protected":false},"author":1,"featured_media":0,"parent":0,"menu_order":0,"comment_status":"closed","ping_status":"closed","template":"","meta":{"footnotes":""},"class_list":["post-3853","page","type-page","status-publish","hentry"],"yoast_head":"<!-- This site is optimized with the Yoast SEO Premium plugin v27.1 (Yoast SEO v27.1.1) - https:\/\/yoast.com\/product\/yoast-seo-premium-wordpress\/ -->\n<title>Privacy Statement - Geha Laverman<\/title>\n<meta name=\"robots\" content=\"index, follow, max-snippet:-1, max-image-preview:large, max-video-preview:-1\" \/>\n<link rel=\"canonical\" href=\"https:\/\/www.geha-laverman.com\/de\/privacy-statement\/\" \/>\n<meta property=\"og:locale\" content=\"de_DE\" \/>\n<meta property=\"og:type\" content=\"article\" \/>\n<meta property=\"og:title\" content=\"Privacy Statement\" \/>\n<meta property=\"og:description\" content=\"Privacy Statement 1. Algemeen Geha Laverman BV behandelt persoonsgegevens van bezoekers van haar website met de grootst mogelijke zorgvuldigheid.De\" \/>\n<meta property=\"og:url\" content=\"https:\/\/www.geha-laverman.com\/de\/privacy-statement\/\" \/>\n<meta property=\"og:site_name\" content=\"Geha Laverman\" \/>\n<meta property=\"article:modified_time\" content=\"2021-08-31T10:49:45+00:00\" \/>\n<meta name=\"twitter:card\" content=\"summary_large_image\" \/>\n<meta name=\"twitter:label1\" content=\"Est. reading time\" \/>\n\t<meta name=\"twitter:data1\" content=\"5 minutes\" \/>\n<script type=\"application\/ld+json\" class=\"yoast-schema-graph\">{\"@context\":\"https:\/\/schema.org\",\"@graph\":[{\"@type\":\"WebPage\",\"@id\":\"https:\/\/www.geha-laverman.com\/privacy-statement\/\",\"url\":\"https:\/\/www.geha-laverman.com\/privacy-statement\/\",\"name\":\"Privacy Statement - Geha Laverman\",\"isPartOf\":{\"@id\":\"https:\/\/www.geha-laverman.com\/#website\"},\"datePublished\":\"2021-08-31T10:28:31+00:00\",\"dateModified\":\"2021-08-31T10:49:45+00:00\",\"breadcrumb\":{\"@id\":\"https:\/\/www.geha-laverman.com\/privacy-statement\/#breadcrumb\"},\"inLanguage\":\"de-DE\",\"potentialAction\":[{\"@type\":\"ReadAction\",\"target\":[\"https:\/\/www.geha-laverman.com\/privacy-statement\/\"]}]},{\"@type\":\"BreadcrumbList\",\"@id\":\"https:\/\/www.geha-laverman.com\/privacy-statement\/#breadcrumb\",\"itemListElement\":[{\"@type\":\"ListItem\",\"position\":1,\"name\":\"Home\",\"item\":\"https:\/\/www.geha-laverman.com\/\"},{\"@type\":\"ListItem\",\"position\":2,\"name\":\"Privacy Statement\"}]},{\"@type\":\"WebSite\",\"@id\":\"https:\/\/www.geha-laverman.com\/#website\",\"url\":\"https:\/\/www.geha-laverman.com\/\",\"name\":\"Geha Laverman\",\"description\":\"| Hardox Wearparts Center\",\"publisher\":{\"@id\":\"https:\/\/www.geha-laverman.com\/#organization\"},\"potentialAction\":[{\"@type\":\"SearchAction\",\"target\":{\"@type\":\"EntryPoint\",\"urlTemplate\":\"https:\/\/www.geha-laverman.com\/?s={search_term_string}\"},\"query-input\":{\"@type\":\"PropertyValueSpecification\",\"valueRequired\":true,\"valueName\":\"search_term_string\"}}],\"inLanguage\":\"de-DE\"},{\"@type\":\"Organization\",\"@id\":\"https:\/\/www.geha-laverman.com\/#organization\",\"name\":\"Geha Laverman\",\"url\":\"https:\/\/www.geha-laverman.com\/\",\"logo\":{\"@type\":\"ImageObject\",\"inLanguage\":\"de-DE\",\"@id\":\"https:\/\/www.geha-laverman.com\/#\/schema\/logo\/image\/\",\"url\":\"https:\/\/www.geha-laverman.com\/wp-content\/uploads\/2021\/05\/GehaLavermanLogo-1.svg\",\"contentUrl\":\"https:\/\/www.geha-laverman.com\/wp-content\/uploads\/2021\/05\/GehaLavermanLogo-1.svg\",\"width\":271,\"height\":119,\"caption\":\"Geha Laverman\"},\"image\":{\"@id\":\"https:\/\/www.geha-laverman.com\/#\/schema\/logo\/image\/\"}}]}<\/script>\n<!-- \/ Yoast SEO Premium plugin. -->","yoast_head_json":{"title":"Datenschutzerkl\u00e4rung - Geha Laverman","robots":{"index":"index","follow":"follow","max-snippet":"max-snippet:-1","max-image-preview":"max-image-preview:large","max-video-preview":"max-video-preview:-1"},"canonical":"https:\/\/www.geha-laverman.com\/de\/privacy-statement\/","og_locale":"de_DE","og_type":"article","og_title":"Privacy Statement","og_description":"Privacy Statement 1. Algemeen Geha Laverman BV behandelt persoonsgegevens van bezoekers van haar website met de grootst mogelijke zorgvuldigheid.De","og_url":"https:\/\/www.geha-laverman.com\/de\/privacy-statement\/","og_site_name":"Geha Laverman","article_modified_time":"2021-08-31T10:49:45+00:00","twitter_card":"summary_large_image","twitter_misc":{"Est. reading time":"5 minutes"},"schema":{"@context":"https:\/\/schema.org","@graph":[{"@type":"WebPage","@id":"https:\/\/www.geha-laverman.com\/privacy-statement\/","url":"https:\/\/www.geha-laverman.com\/privacy-statement\/","name":"Datenschutzerkl\u00e4rung - Geha Laverman","isPartOf":{"@id":"https:\/\/www.geha-laverman.com\/#website"},"datePublished":"2021-08-31T10:28:31+00:00","dateModified":"2021-08-31T10:49:45+00:00","breadcrumb":{"@id":"https:\/\/www.geha-laverman.com\/privacy-statement\/#breadcrumb"},"inLanguage":"de-DE","potentialAction":[{"@type":"ReadAction","target":["https:\/\/www.geha-laverman.com\/privacy-statement\/"]}]},{"@type":"BreadcrumbList","@id":"https:\/\/www.geha-laverman.com\/privacy-statement\/#breadcrumb","itemListElement":[{"@type":"ListItem","position":1,"name":"Home","item":"https:\/\/www.geha-laverman.com\/"},{"@type":"ListItem","position":2,"name":"Privacy Statement"}]},{"@type":"WebSite","@id":"https:\/\/www.geha-laverman.com\/#website","url":"https:\/\/www.geha-laverman.com\/","name":"Geha Laverman","description":"| Hardox Wearparts Center","publisher":{"@id":"https:\/\/www.geha-laverman.com\/#organization"},"potentialAction":[{"@type":"SearchAction","target":{"@type":"EntryPoint","urlTemplate":"https:\/\/www.geha-laverman.com\/?s={search_term_string}"},"query-input":{"@type":"PropertyValueSpecification","valueRequired":true,"valueName":"search_term_string"}}],"inLanguage":"de-DE"},{"@type":"Organization","@id":"https:\/\/www.geha-laverman.com\/#organization","name":"Geha Laverman","url":"https:\/\/www.geha-laverman.com\/","logo":{"@type":"ImageObject","inLanguage":"de-DE","@id":"https:\/\/www.geha-laverman.com\/#\/schema\/logo\/image\/","url":"https:\/\/www.geha-laverman.com\/wp-content\/uploads\/2021\/05\/GehaLavermanLogo-1.svg","contentUrl":"https:\/\/www.geha-laverman.com\/wp-content\/uploads\/2021\/05\/GehaLavermanLogo-1.svg","width":271,"height":119,"caption":"Geha Laverman"},"image":{"@id":"https:\/\/www.geha-laverman.com\/#\/schema\/logo\/image\/"}}]}},"_links":{"self":[{"href":"https:\/\/www.geha-laverman.com\/de\/wp-json\/wp\/v2\/pages\/3853","targetHints":{"allow":["GET"]}}],"collection":[{"href":"https:\/\/www.geha-laverman.com\/de\/wp-json\/wp\/v2\/pages"}],"about":[{"href":"https:\/\/www.geha-laverman.com\/de\/wp-json\/wp\/v2\/types\/page"}],"author":[{"embeddable":true,"href":"https:\/\/www.geha-laverman.com\/de\/wp-json\/wp\/v2\/users\/1"}],"replies":[{"embeddable":true,"href":"https:\/\/www.geha-laverman.com\/de\/wp-json\/wp\/v2\/comments?post=3853"}],"version-history":[{"count":17,"href":"https:\/\/www.geha-laverman.com\/de\/wp-json\/wp\/v2\/pages\/3853\/revisions"}],"predecessor-version":[{"id":3871,"href":"https:\/\/www.geha-laverman.com\/de\/wp-json\/wp\/v2\/pages\/3853\/revisions\/3871"}],"wp:attachment":[{"href":"https:\/\/www.geha-laverman.com\/de\/wp-json\/wp\/v2\/media?parent=3853"}],"curies":[{"name":"wp","href":"https:\/\/api.w.org\/{rel}","templated":true}]}}