{"id":3661,"date":"2021-08-18T14:14:42","date_gmt":"2021-08-18T12:14:42","guid":{"rendered":"https:\/\/simply-delicious.nl\/?page_id=3661"},"modified":"2021-08-18T14:17:25","modified_gmt":"2021-08-18T12:17:25","slug":"andere-branchen","status":"publish","type":"page","link":"https:\/\/www.geha-laverman.com\/de\/branches\/overige-branches\/","title":{"rendered":"ANDERE BRANCHEN"},"content":{"rendered":"<div data-elementor-type=\"wp-page\" data-elementor-id=\"3661\" class=\"elementor elementor-3661\" data-elementor-post-type=\"page\">\n\t\t\t\t\t\t<section class=\"elementor-section elementor-top-section elementor-element elementor-element-4531e06 elementor-section-full_width elementor-section-stretched elementor-section-height-default elementor-section-height-default\" data-id=\"4531e06\" data-element_type=\"section\" data-e-type=\"section\" data-settings=\"{&quot;stretch_section&quot;:&quot;section-stretched&quot;,&quot;jet_parallax_layout_list&quot;:[]}\">\n\t\t\t\t\t\t<div class=\"elementor-container elementor-column-gap-no\">\n\t\t\t\t\t<div class=\"elementor-column elementor-col-100 elementor-top-column elementor-element elementor-element-1072df5\" data-id=\"1072df5\" data-element_type=\"column\" data-e-type=\"column\">\n\t\t\t<div class=\"elementor-widget-wrap elementor-element-populated\">\n\t\t\t\t\t\t<div class=\"elementor-element elementor-element-b31f04c elementor--h-position-center elementor--v-position-middle elementor-arrows-position-inside elementor-pagination-position-inside elementor-widget elementor-widget-slides\" data-id=\"b31f04c\" data-element_type=\"widget\" data-e-type=\"widget\" data-settings=\"{&quot;navigation&quot;:&quot;both&quot;,&quot;autoplay&quot;:&quot;yes&quot;,&quot;pause_on_hover&quot;:&quot;yes&quot;,&quot;pause_on_interaction&quot;:&quot;yes&quot;,&quot;autoplay_speed&quot;:5000,&quot;infinite&quot;:&quot;yes&quot;,&quot;transition&quot;:&quot;slide&quot;,&quot;transition_speed&quot;:500}\" data-widget_type=\"slides.default\">\n\t\t\t\t<div class=\"elementor-widget-container\">\n\t\t\t\t\t\t\t\t\t<div class=\"elementor-swiper\">\n\t\t\t\t\t<div class=\"elementor-slides-wrapper elementor-main-swiper swiper\" role=\"region\" aria-roledescription=\"carousel\" aria-label=\"Slides\" dir=\"ltr\" data-animation=\"fadeInUp\" data-no-translation-aria-label=\"\">\n\t\t\t\t<div class=\"swiper-wrapper elementor-slides\">\n\t\t\t\t\t\t\t\t\t\t<div class=\"elementor-repeater-item-b4d18d8 swiper-slide\" role=\"group\" aria-roledescription=\"slide\"><div class=\"swiper-slide-bg elementor-ken-burns elementor-ken-burns--in\" role=\"img\" aria-label=\"Geha-Laverman_Branches\"><\/div><div class=\"swiper-slide-inner\" ><div class=\"swiper-slide-contents\"><div class=\"elementor-slide-heading\">ANDERE BRANCHEN<\/div><\/div><\/div><\/div>\t\t\t\t<\/div>\n\t\t\t\t\t\t\t<\/div>\n\t\t\t\t<\/div>\n\t\t\t\t\t\t\t\t<\/div>\n\t\t\t\t<\/div>\n\t\t\t\t\t<\/div>\n\t\t<\/div>\n\t\t\t\t\t<\/div>\n\t\t<\/section>\n\t\t\t\t<section class=\"elementor-section elementor-top-section elementor-element elementor-element-0b40b1a elementor-section-boxed elementor-section-height-default elementor-section-height-default\" data-id=\"0b40b1a\" data-element_type=\"section\" data-e-type=\"section\" data-settings=\"{&quot;jet_parallax_layout_list&quot;:[]}\">\n\t\t\t\t\t\t<div class=\"elementor-container elementor-column-gap-default\">\n\t\t\t\t\t<div class=\"elementor-column elementor-col-50 elementor-top-column elementor-element elementor-element-63f54ea\" data-id=\"63f54ea\" data-element_type=\"column\" data-e-type=\"column\">\n\t\t\t<div class=\"elementor-widget-wrap elementor-element-populated\">\n\t\t\t\t\t\t<div class=\"elementor-element elementor-element-542f360 elementor-widget elementor-widget-text-editor\" data-id=\"542f360\" data-element_type=\"widget\" data-e-type=\"widget\" data-widget_type=\"text-editor.default\">\n\t\t\t\t<div class=\"elementor-widget-container\">\n\t\t\t\t\t\t\t\t\t<p>Die Anzahl der Anwendungsgebiete der Produkte von Geha Laverman w\u00e4chst t\u00e4glich weiter. Es ist oft \u00fcberraschend zu sehen, in welchen Branchen die Produkte zu finden sind.<\/p><p>Von kleinen agrartechnischen Unternehmen bis hin zu gro\u00dfen Offshore-Konzernen. Geha Laverman ist bei der Wahl einer geeigneten L\u00f6sung hilfreich, wenn Verschlei\u00df eine Rolle spielt.<\/p><p>Kenntnisse und Erfahrungen erm\u00f6glichen es uns oft, alternative Materialien und Konstruktionen zu empfehlen. Immer mit dem Ziel vor Augen, eine optimale Standzeit der Werkzeuge zu erreichen und die Instandhaltungskosten \u00fcberschaubarer zu machen.<br \/>Viele internationale Unternehmen haben sich inzwischen f\u00fcr Geha Laverman entschieden, nicht ohne Grund.<\/p><p><a href=\"https:\/\/www.geha-laverman.com\/de\/lieferprogramm\/\">Unser Lieferprogramm<\/a><\/p>\t\t\t\t\t\t\t\t<\/div>\n\t\t\t\t<\/div>\n\t\t\t\t\t<\/div>\n\t\t<\/div>\n\t\t\t\t<div class=\"elementor-column elementor-col-50 elementor-top-column elementor-element elementor-element-53ab3ab\" data-id=\"53ab3ab\" data-element_type=\"column\" data-e-type=\"column\">\n\t\t\t<div class=\"elementor-widget-wrap elementor-element-populated\">\n\t\t\t\t\t\t<div class=\"elementor-element elementor-element-5ef6ba7 elementor-widget elementor-widget-image-carousel\" data-id=\"5ef6ba7\" data-element_type=\"widget\" data-e-type=\"widget\" data-settings=\"{&quot;slides_to_show&quot;:&quot;1&quot;,&quot;navigation&quot;:&quot;none&quot;,&quot;autoplay&quot;:&quot;yes&quot;,&quot;pause_on_hover&quot;:&quot;yes&quot;,&quot;pause_on_interaction&quot;:&quot;yes&quot;,&quot;autoplay_speed&quot;:5000,&quot;infinite&quot;:&quot;yes&quot;,&quot;effect&quot;:&quot;slide&quot;,&quot;speed&quot;:500}\" data-widget_type=\"image-carousel.default\">\n\t\t\t\t<div class=\"elementor-widget-container\">\n\t\t\t\t\t\t\t<div class=\"elementor-image-carousel-wrapper swiper\" role=\"region\" aria-roledescription=\"carousel\" aria-label=\"Image Carousel\" dir=\"ltr\" data-no-translation-aria-label=\"\">\n\t\t\t<div class=\"elementor-image-carousel swiper-wrapper\" aria-live=\"off\">\n\t\t\t\t\t\t\t\t<div class=\"swiper-slide\" role=\"group\" aria-roledescription=\"slide\" aria-label=\"1 of 2\" data-no-translation-aria-label=\"\"><figure class=\"swiper-slide-inner\"><img decoding=\"async\" class=\"swiper-slide-image\" src=\"https:\/\/www.geha-laverman.com\/wp-content\/uploads\/2021\/08\/Geha-Laverman_Branches3-768x1024.jpg\" alt=\"Geha-Laverman_Branchen\" \/><\/figure><\/div><div class=\"swiper-slide\" role=\"group\" aria-roledescription=\"slide\" aria-label=\"2 of 2\" data-no-translation-aria-label=\"\"><figure class=\"swiper-slide-inner\"><img decoding=\"async\" class=\"swiper-slide-image\" src=\"https:\/\/www.geha-laverman.com\/wp-content\/uploads\/2021\/08\/Geha-Laverman_Branches2-683x1024.jpg\" alt=\"Geha-Laverman_Branchen\" \/><\/figure><\/div>\t\t\t<\/div>\n\t\t\t\t\t\t\t\n\t\t\t\t\t\t\t\t\t<\/div>\n\t\t\t\t\t\t<\/div>\n\t\t\t\t<\/div>\n\t\t\t\t\t<\/div>\n\t\t<\/div>\n\t\t\t\t\t<\/div>\n\t\t<\/section>\n\t\t\t\t<\/div>","protected":false},"excerpt":{"rendered":"<p>OVERIGE BRANCHES Het aantal toepassingsgebieden van de Geha Laverman producten groeit nog dagelijks. Het is vaak verrassend te zien in welke branches de producten allemaal zijn terug te vinden. Van kleine agrotechniek bedrijven tot mega grote offshore concerns. Daar waar slijtage een rol speelt is Geha Laverman behulpzaam bij het kiezen van een passende oplossing. [&hellip;]<\/p>\n","protected":false},"author":1,"featured_media":0,"parent":3514,"menu_order":0,"comment_status":"closed","ping_status":"closed","template":"","meta":{"footnotes":""},"class_list":["post-3661","page","type-page","status-publish","hentry"],"yoast_head":"<!-- This site is optimized with the Yoast SEO Premium plugin v27.1 (Yoast SEO v27.1.1) - https:\/\/yoast.com\/product\/yoast-seo-premium-wordpress\/ -->\n<title>OVERIGE BRANCHES - Geha Laverman<\/title>\n<meta name=\"robots\" content=\"index, follow, max-snippet:-1, max-image-preview:large, max-video-preview:-1\" \/>\n<link rel=\"canonical\" href=\"https:\/\/www.geha-laverman.com\/de\/branchen\/andere-branchen\/\" \/>\n<meta property=\"og:locale\" content=\"de_DE\" \/>\n<meta property=\"og:type\" content=\"article\" \/>\n<meta property=\"og:title\" content=\"OVERIGE BRANCHES\" \/>\n<meta property=\"og:description\" content=\"OVERIGE BRANCHES Het aantal toepassingsgebieden van de Geha Laverman producten groeit nog dagelijks. Het is vaak verrassend te zien in welke branches de\" \/>\n<meta property=\"og:url\" content=\"https:\/\/www.geha-laverman.com\/de\/branchen\/andere-branchen\/\" \/>\n<meta property=\"og:site_name\" content=\"Geha Laverman\" \/>\n<meta property=\"article:modified_time\" content=\"2021-08-18T12:17:25+00:00\" \/>\n<meta property=\"og:image\" content=\"https:\/\/www.geha-laverman.com\/wp-content\/uploads\/2021\/08\/Geha-Laverman_Branches3-768x1024.jpg\" \/>\n<meta name=\"twitter:card\" content=\"summary_large_image\" \/>\n<meta name=\"twitter:label1\" content=\"Est. reading time\" \/>\n\t<meta name=\"twitter:data1\" content=\"2 minutes\" \/>\n<script type=\"application\/ld+json\" class=\"yoast-schema-graph\">{\"@context\":\"https:\/\/schema.org\",\"@graph\":[{\"@type\":\"WebPage\",\"@id\":\"https:\/\/www.geha-laverman.com\/branches\/overige-branches\/\",\"url\":\"https:\/\/www.geha-laverman.com\/branches\/overige-branches\/\",\"name\":\"OVERIGE BRANCHES - Geha Laverman\",\"isPartOf\":{\"@id\":\"https:\/\/www.geha-laverman.com\/#website\"},\"primaryImageOfPage\":{\"@id\":\"https:\/\/www.geha-laverman.com\/branches\/overige-branches\/#primaryimage\"},\"image\":{\"@id\":\"https:\/\/www.geha-laverman.com\/branches\/overige-branches\/#primaryimage\"},\"thumbnailUrl\":\"https:\/\/www.geha-laverman.com\/wp-content\/uploads\/2021\/08\/Geha-Laverman_Branches3-768x1024.jpg\",\"datePublished\":\"2021-08-18T12:14:42+00:00\",\"dateModified\":\"2021-08-18T12:17:25+00:00\",\"breadcrumb\":{\"@id\":\"https:\/\/www.geha-laverman.com\/branches\/overige-branches\/#breadcrumb\"},\"inLanguage\":\"de-DE\",\"potentialAction\":[{\"@type\":\"ReadAction\",\"target\":[\"https:\/\/www.geha-laverman.com\/branches\/overige-branches\/\"]}]},{\"@type\":\"ImageObject\",\"inLanguage\":\"de-DE\",\"@id\":\"https:\/\/www.geha-laverman.com\/branches\/overige-branches\/#primaryimage\",\"url\":\"https:\/\/www.geha-laverman.com\/wp-content\/uploads\/2021\/08\/Geha-Laverman_Branches3-768x1024.jpg\",\"contentUrl\":\"https:\/\/www.geha-laverman.com\/wp-content\/uploads\/2021\/08\/Geha-Laverman_Branches3-768x1024.jpg\"},{\"@type\":\"BreadcrumbList\",\"@id\":\"https:\/\/www.geha-laverman.com\/branches\/overige-branches\/#breadcrumb\",\"itemListElement\":[{\"@type\":\"ListItem\",\"position\":1,\"name\":\"Home\",\"item\":\"https:\/\/www.geha-laverman.com\/\"},{\"@type\":\"ListItem\",\"position\":2,\"name\":\"Branches\",\"item\":\"https:\/\/www.geha-laverman.com\/branches\/\"},{\"@type\":\"ListItem\",\"position\":3,\"name\":\"OVERIGE BRANCHES\"}]},{\"@type\":\"WebSite\",\"@id\":\"https:\/\/www.geha-laverman.com\/#website\",\"url\":\"https:\/\/www.geha-laverman.com\/\",\"name\":\"Geha Laverman\",\"description\":\"| Hardox Wearparts Center\",\"publisher\":{\"@id\":\"https:\/\/www.geha-laverman.com\/#organization\"},\"potentialAction\":[{\"@type\":\"SearchAction\",\"target\":{\"@type\":\"EntryPoint\",\"urlTemplate\":\"https:\/\/www.geha-laverman.com\/?s={search_term_string}\"},\"query-input\":{\"@type\":\"PropertyValueSpecification\",\"valueRequired\":true,\"valueName\":\"search_term_string\"}}],\"inLanguage\":\"de-DE\"},{\"@type\":\"Organization\",\"@id\":\"https:\/\/www.geha-laverman.com\/#organization\",\"name\":\"Geha Laverman\",\"url\":\"https:\/\/www.geha-laverman.com\/\",\"logo\":{\"@type\":\"ImageObject\",\"inLanguage\":\"de-DE\",\"@id\":\"https:\/\/www.geha-laverman.com\/#\/schema\/logo\/image\/\",\"url\":\"https:\/\/www.geha-laverman.com\/wp-content\/uploads\/2021\/05\/GehaLavermanLogo-1.svg\",\"contentUrl\":\"https:\/\/www.geha-laverman.com\/wp-content\/uploads\/2021\/05\/GehaLavermanLogo-1.svg\",\"width\":271,\"height\":119,\"caption\":\"Geha Laverman\"},\"image\":{\"@id\":\"https:\/\/www.geha-laverman.com\/#\/schema\/logo\/image\/\"}}]}<\/script>\n<!-- \/ Yoast SEO Premium plugin. -->","yoast_head_json":{"title":"ANDERE BRANCHEN - Geha Laverman","robots":{"index":"index","follow":"follow","max-snippet":"max-snippet:-1","max-image-preview":"max-image-preview:large","max-video-preview":"max-video-preview:-1"},"canonical":"https:\/\/www.geha-laverman.com\/de\/branchen\/andere-branchen\/","og_locale":"de_DE","og_type":"article","og_title":"OVERIGE BRANCHES","og_description":"OVERIGE BRANCHES Het aantal toepassingsgebieden van de Geha Laverman producten groeit nog dagelijks. Het is vaak verrassend te zien in welke branches de","og_url":"https:\/\/www.geha-laverman.com\/de\/branchen\/andere-branchen\/","og_site_name":"Geha Laverman","article_modified_time":"2021-08-18T12:17:25+00:00","og_image":[{"url":"https:\/\/www.geha-laverman.com\/wp-content\/uploads\/2021\/08\/Geha-Laverman_Branches3-768x1024.jpg","type":"","width":"","height":""}],"twitter_card":"summary_large_image","twitter_misc":{"Est. reading time":"2 minutes"},"schema":{"@context":"https:\/\/schema.org","@graph":[{"@type":"WebPage","@id":"https:\/\/www.geha-laverman.com\/branches\/overige-branches\/","url":"https:\/\/www.geha-laverman.com\/branches\/overige-branches\/","name":"ANDERE BRANCHEN - Geha Laverman","isPartOf":{"@id":"https:\/\/www.geha-laverman.com\/#website"},"primaryImageOfPage":{"@id":"https:\/\/www.geha-laverman.com\/branches\/overige-branches\/#primaryimage"},"image":{"@id":"https:\/\/www.geha-laverman.com\/branches\/overige-branches\/#primaryimage"},"thumbnailUrl":"https:\/\/www.geha-laverman.com\/wp-content\/uploads\/2021\/08\/Geha-Laverman_Branches3-768x1024.jpg","datePublished":"2021-08-18T12:14:42+00:00","dateModified":"2021-08-18T12:17:25+00:00","breadcrumb":{"@id":"https:\/\/www.geha-laverman.com\/branches\/overige-branches\/#breadcrumb"},"inLanguage":"de-DE","potentialAction":[{"@type":"ReadAction","target":["https:\/\/www.geha-laverman.com\/branches\/overige-branches\/"]}]},{"@type":"ImageObject","inLanguage":"de-DE","@id":"https:\/\/www.geha-laverman.com\/branches\/overige-branches\/#primaryimage","url":"https:\/\/www.geha-laverman.com\/wp-content\/uploads\/2021\/08\/Geha-Laverman_Branches3-768x1024.jpg","contentUrl":"https:\/\/www.geha-laverman.com\/wp-content\/uploads\/2021\/08\/Geha-Laverman_Branches3-768x1024.jpg"},{"@type":"BreadcrumbList","@id":"https:\/\/www.geha-laverman.com\/branches\/overige-branches\/#breadcrumb","itemListElement":[{"@type":"ListItem","position":1,"name":"Home","item":"https:\/\/www.geha-laverman.com\/"},{"@type":"ListItem","position":2,"name":"Branches","item":"https:\/\/www.geha-laverman.com\/branches\/"},{"@type":"ListItem","position":3,"name":"OVERIGE BRANCHES"}]},{"@type":"WebSite","@id":"https:\/\/www.geha-laverman.com\/#website","url":"https:\/\/www.geha-laverman.com\/","name":"Geha Laverman","description":"| Hardox Wearparts Center","publisher":{"@id":"https:\/\/www.geha-laverman.com\/#organization"},"potentialAction":[{"@type":"SearchAction","target":{"@type":"EntryPoint","urlTemplate":"https:\/\/www.geha-laverman.com\/?s={search_term_string}"},"query-input":{"@type":"PropertyValueSpecification","valueRequired":true,"valueName":"search_term_string"}}],"inLanguage":"de-DE"},{"@type":"Organization","@id":"https:\/\/www.geha-laverman.com\/#organization","name":"Geha Laverman","url":"https:\/\/www.geha-laverman.com\/","logo":{"@type":"ImageObject","inLanguage":"de-DE","@id":"https:\/\/www.geha-laverman.com\/#\/schema\/logo\/image\/","url":"https:\/\/www.geha-laverman.com\/wp-content\/uploads\/2021\/05\/GehaLavermanLogo-1.svg","contentUrl":"https:\/\/www.geha-laverman.com\/wp-content\/uploads\/2021\/05\/GehaLavermanLogo-1.svg","width":271,"height":119,"caption":"Geha Laverman"},"image":{"@id":"https:\/\/www.geha-laverman.com\/#\/schema\/logo\/image\/"}}]}},"_links":{"self":[{"href":"https:\/\/www.geha-laverman.com\/de\/wp-json\/wp\/v2\/pages\/3661","targetHints":{"allow":["GET"]}}],"collection":[{"href":"https:\/\/www.geha-laverman.com\/de\/wp-json\/wp\/v2\/pages"}],"about":[{"href":"https:\/\/www.geha-laverman.com\/de\/wp-json\/wp\/v2\/types\/page"}],"author":[{"embeddable":true,"href":"https:\/\/www.geha-laverman.com\/de\/wp-json\/wp\/v2\/users\/1"}],"replies":[{"embeddable":true,"href":"https:\/\/www.geha-laverman.com\/de\/wp-json\/wp\/v2\/comments?post=3661"}],"version-history":[{"count":4,"href":"https:\/\/www.geha-laverman.com\/de\/wp-json\/wp\/v2\/pages\/3661\/revisions"}],"predecessor-version":[{"id":3666,"href":"https:\/\/www.geha-laverman.com\/de\/wp-json\/wp\/v2\/pages\/3661\/revisions\/3666"}],"up":[{"embeddable":true,"href":"https:\/\/www.geha-laverman.com\/de\/wp-json\/wp\/v2\/pages\/3514"}],"wp:attachment":[{"href":"https:\/\/www.geha-laverman.com\/de\/wp-json\/wp\/v2\/media?parent=3661"}],"curies":[{"name":"wp","href":"https:\/\/api.w.org\/{rel}","templated":true}]}}