{"id":3653,"date":"2021-08-18T14:11:28","date_gmt":"2021-08-18T12:11:28","guid":{"rendered":"https:\/\/simply-delicious.nl\/?page_id=3653"},"modified":"2021-08-18T14:14:11","modified_gmt":"2021-08-18T12:14:11","slug":"offshore","status":"publish","type":"page","link":"https:\/\/www.geha-laverman.com\/de\/branches\/offshore\/","title":{"rendered":"OFFSHORE"},"content":{"rendered":"<div data-elementor-type=\"wp-page\" data-elementor-id=\"3653\" class=\"elementor elementor-3653\" data-elementor-post-type=\"page\">\n\t\t\t\t\t\t<section class=\"elementor-section elementor-top-section elementor-element elementor-element-4531e06 elementor-section-full_width elementor-section-stretched elementor-section-height-default elementor-section-height-default\" data-id=\"4531e06\" data-element_type=\"section\" data-e-type=\"section\" data-settings=\"{&quot;stretch_section&quot;:&quot;section-stretched&quot;,&quot;jet_parallax_layout_list&quot;:[]}\">\n\t\t\t\t\t\t<div class=\"elementor-container elementor-column-gap-no\">\n\t\t\t\t\t<div class=\"elementor-column elementor-col-100 elementor-top-column elementor-element elementor-element-1072df5\" data-id=\"1072df5\" data-element_type=\"column\" data-e-type=\"column\">\n\t\t\t<div class=\"elementor-widget-wrap elementor-element-populated\">\n\t\t\t\t\t\t<div class=\"elementor-element elementor-element-b31f04c elementor--h-position-center elementor--v-position-middle elementor-arrows-position-inside elementor-pagination-position-inside elementor-widget elementor-widget-slides\" data-id=\"b31f04c\" data-element_type=\"widget\" data-e-type=\"widget\" data-settings=\"{&quot;navigation&quot;:&quot;both&quot;,&quot;autoplay&quot;:&quot;yes&quot;,&quot;pause_on_hover&quot;:&quot;yes&quot;,&quot;pause_on_interaction&quot;:&quot;yes&quot;,&quot;autoplay_speed&quot;:5000,&quot;infinite&quot;:&quot;yes&quot;,&quot;transition&quot;:&quot;slide&quot;,&quot;transition_speed&quot;:500}\" data-widget_type=\"slides.default\">\n\t\t\t\t<div class=\"elementor-widget-container\">\n\t\t\t\t\t\t\t\t\t<div class=\"elementor-swiper\">\n\t\t\t\t\t<div class=\"elementor-slides-wrapper elementor-main-swiper swiper\" role=\"region\" aria-roledescription=\"carousel\" aria-label=\"Folien\" dir=\"ltr\" data-animation=\"fadeInUp\">\n\t\t\t\t<div class=\"swiper-wrapper elementor-slides\">\n\t\t\t\t\t\t\t\t\t\t<div class=\"elementor-repeater-item-b4d18d8 swiper-slide\" role=\"group\" aria-roledescription=\"slide\"><div class=\"swiper-slide-bg elementor-ken-burns elementor-ken-burns--in\" role=\"img\" aria-label=\"Geha-Laverman_offshore\"><\/div><div class=\"swiper-slide-inner\" ><div class=\"swiper-slide-contents\"><div class=\"elementor-slide-heading\">OFFSHORE<\/div><\/div><\/div><\/div>\t\t\t\t<\/div>\n\t\t\t\t\t\t\t<\/div>\n\t\t\t\t<\/div>\n\t\t\t\t\t\t\t\t<\/div>\n\t\t\t\t<\/div>\n\t\t\t\t\t<\/div>\n\t\t<\/div>\n\t\t\t\t\t<\/div>\n\t\t<\/section>\n\t\t\t\t<section class=\"elementor-section elementor-top-section elementor-element elementor-element-0b40b1a elementor-section-boxed elementor-section-height-default elementor-section-height-default\" data-id=\"0b40b1a\" data-element_type=\"section\" data-e-type=\"section\" data-settings=\"{&quot;jet_parallax_layout_list&quot;:[]}\">\n\t\t\t\t\t\t<div class=\"elementor-container elementor-column-gap-default\">\n\t\t\t\t\t<div class=\"elementor-column elementor-col-50 elementor-top-column elementor-element elementor-element-63f54ea\" data-id=\"63f54ea\" data-element_type=\"column\" data-e-type=\"column\">\n\t\t\t<div class=\"elementor-widget-wrap elementor-element-populated\">\n\t\t\t\t\t\t<div class=\"elementor-element elementor-element-542f360 elementor-widget elementor-widget-text-editor\" data-id=\"542f360\" data-element_type=\"widget\" data-e-type=\"widget\" data-widget_type=\"text-editor.default\">\n\t\t\t\t<div class=\"elementor-widget-container\">\n\t\t\t\t\t\t\t\t\t<p>Geha Laverman liefert auch verschlei\u00dffeste Produkte f\u00fcr den Schiffbau und Offshore-Unternehmen (\u00d6l und Gas). Auch gro\u00dfe Baggerbetriebe und Kranhersteller setzen Produkte von Geha Laverman erfolgreich ein.<br \/>Geha Laverman beliefert diese Industrie mit Teilen wie Schiffsb\u00f6den, Schwerlastschienen f\u00fcr Kranf\u00fchrungen und Schleusen aus verschlei\u00dffestem HARDOX. Dazu kommen auch Kettenteile f\u00fcr Antriebssysteme, z.B. f\u00fcr Ankermasten und Deckluken.<\/p><p>Die Anforderungen an diese Produkte sind nie gleich, und die verwendeten Materialien erfordern oft eine zus\u00e4tzliche Zertifizierung. Geha Laverman sorgt nat\u00fcrlich f\u00fcr jede Zertifizierung.<br \/>Zu den Komponenten im Offshore-Lieferprogramm geh\u00f6ren Schienenteile, Schiffsb\u00f6den, \u00dcberlaufpunkte, Bauteile f\u00fcr Greifer und Baggerwerkzeuge, Rohre, Ketten und Kettenr\u00e4der usw.<\/p><p><a href=\"https:\/\/www.geha-laverman.com\/de\/lieferprogramm\/\">Unser Lieferprogramm<\/a><\/p>\t\t\t\t\t\t\t\t<\/div>\n\t\t\t\t<\/div>\n\t\t\t\t\t<\/div>\n\t\t<\/div>\n\t\t\t\t<div class=\"elementor-column elementor-col-50 elementor-top-column elementor-element elementor-element-53ab3ab\" data-id=\"53ab3ab\" data-element_type=\"column\" data-e-type=\"column\">\n\t\t\t<div class=\"elementor-widget-wrap elementor-element-populated\">\n\t\t\t\t\t\t<div class=\"elementor-element elementor-element-5ef6ba7 elementor-widget elementor-widget-image-carousel\" data-id=\"5ef6ba7\" data-element_type=\"widget\" data-e-type=\"widget\" data-settings=\"{&quot;slides_to_show&quot;:&quot;1&quot;,&quot;navigation&quot;:&quot;none&quot;,&quot;autoplay&quot;:&quot;yes&quot;,&quot;pause_on_hover&quot;:&quot;yes&quot;,&quot;pause_on_interaction&quot;:&quot;yes&quot;,&quot;autoplay_speed&quot;:5000,&quot;infinite&quot;:&quot;yes&quot;,&quot;effect&quot;:&quot;slide&quot;,&quot;speed&quot;:500}\" data-widget_type=\"image-carousel.default\">\n\t\t\t\t<div class=\"elementor-widget-container\">\n\t\t\t\t\t\t\t<div class=\"elementor-image-carousel-wrapper swiper\" role=\"region\" aria-roledescription=\"carousel\" aria-label=\"Karussell-Bild\" dir=\"ltr\">\n\t\t\t<div class=\"elementor-image-carousel swiper-wrapper\" aria-live=\"off\">\n\t\t\t\t\t\t\t\t<div class=\"swiper-slide\" role=\"group\" aria-roledescription=\"slide\" aria-label=\"1 van 1\"><figure class=\"swiper-slide-inner\"><img decoding=\"async\" class=\"swiper-slide-image\" src=\"https:\/\/www.geha-laverman.com\/wp-content\/uploads\/2021\/08\/Geha-Laverman_offshore2-1024x768.jpg\" alt=\"Geha-Laverman_offshore\" \/><\/figure><\/div>\t\t\t<\/div>\n\t\t\t\t\t<\/div>\n\t\t\t\t\t\t<\/div>\n\t\t\t\t<\/div>\n\t\t\t\t\t<\/div>\n\t\t<\/div>\n\t\t\t\t\t<\/div>\n\t\t<\/section>\n\t\t\t\t<\/div>","protected":false},"excerpt":{"rendered":"<p>OFFSHORE Geha Laverman levert ook slijtvaste producten aan scheepsbouw en offshore (olie- en gasindustrie) bedrijven. Ook grote baggerbedrijven en kranenbouwers gebruiken succesvol producten van Geha Laverman.Aan deze bedrijfstak levert Geha Laverman delen zoals scheepsbodems, zware railstukken voor kraangeleidingen en sluizen uit het slijtvast HARDOX. Daarnaast ook bijvoorbeeld kettingonderdelen voor aandrijfsystemen voor ankerpalen en dekluiken. De [&hellip;]<\/p>\n","protected":false},"author":1,"featured_media":0,"parent":3514,"menu_order":0,"comment_status":"closed","ping_status":"closed","template":"","meta":{"footnotes":""},"class_list":["post-3653","page","type-page","status-publish","hentry"],"yoast_head":"<!-- This site is optimized with the Yoast SEO Premium plugin v27.1 (Yoast SEO v27.1.1) - https:\/\/yoast.com\/product\/yoast-seo-premium-wordpress\/ -->\n<title>OFFSHORE - Geha Laverman<\/title>\n<meta name=\"robots\" content=\"index, follow, max-snippet:-1, max-image-preview:large, max-video-preview:-1\" \/>\n<link rel=\"canonical\" href=\"https:\/\/www.geha-laverman.com\/de\/branchen\/offshore\/\" \/>\n<meta property=\"og:locale\" content=\"de_DE\" \/>\n<meta property=\"og:type\" content=\"article\" \/>\n<meta property=\"og:title\" content=\"OFFSHORE\" \/>\n<meta property=\"og:description\" content=\"OFFSHORE Geha Laverman levert ook slijtvaste producten aan scheepsbouw en offshore (olie- en gasindustrie) bedrijven. Ook grote baggerbedrijven en\" \/>\n<meta property=\"og:url\" content=\"https:\/\/www.geha-laverman.com\/de\/branchen\/offshore\/\" \/>\n<meta property=\"og:site_name\" content=\"Geha Laverman\" \/>\n<meta property=\"article:modified_time\" content=\"2021-08-18T12:14:11+00:00\" \/>\n<meta property=\"og:image\" content=\"https:\/\/www.geha-laverman.com\/wp-content\/uploads\/2021\/08\/Geha-Laverman_offshore2-1024x768.jpg\" \/>\n<meta name=\"twitter:card\" content=\"summary_large_image\" \/>\n<meta name=\"twitter:label1\" content=\"Est. reading time\" \/>\n\t<meta name=\"twitter:data1\" content=\"1 minute\" \/>\n<script type=\"application\/ld+json\" class=\"yoast-schema-graph\">{\"@context\":\"https:\/\/schema.org\",\"@graph\":[{\"@type\":\"WebPage\",\"@id\":\"https:\/\/www.geha-laverman.com\/branches\/offshore\/\",\"url\":\"https:\/\/www.geha-laverman.com\/branches\/offshore\/\",\"name\":\"OFFSHORE - Geha Laverman\",\"isPartOf\":{\"@id\":\"https:\/\/www.geha-laverman.com\/#website\"},\"primaryImageOfPage\":{\"@id\":\"https:\/\/www.geha-laverman.com\/branches\/offshore\/#primaryimage\"},\"image\":{\"@id\":\"https:\/\/www.geha-laverman.com\/branches\/offshore\/#primaryimage\"},\"thumbnailUrl\":\"https:\/\/www.geha-laverman.com\/wp-content\/uploads\/2021\/08\/Geha-Laverman_offshore2-1024x768.jpg\",\"datePublished\":\"2021-08-18T12:11:28+00:00\",\"dateModified\":\"2021-08-18T12:14:11+00:00\",\"breadcrumb\":{\"@id\":\"https:\/\/www.geha-laverman.com\/branches\/offshore\/#breadcrumb\"},\"inLanguage\":\"de-DE\",\"potentialAction\":[{\"@type\":\"ReadAction\",\"target\":[\"https:\/\/www.geha-laverman.com\/branches\/offshore\/\"]}]},{\"@type\":\"ImageObject\",\"inLanguage\":\"de-DE\",\"@id\":\"https:\/\/www.geha-laverman.com\/branches\/offshore\/#primaryimage\",\"url\":\"https:\/\/www.geha-laverman.com\/wp-content\/uploads\/2021\/08\/Geha-Laverman_offshore2-1024x768.jpg\",\"contentUrl\":\"https:\/\/www.geha-laverman.com\/wp-content\/uploads\/2021\/08\/Geha-Laverman_offshore2-1024x768.jpg\"},{\"@type\":\"BreadcrumbList\",\"@id\":\"https:\/\/www.geha-laverman.com\/branches\/offshore\/#breadcrumb\",\"itemListElement\":[{\"@type\":\"ListItem\",\"position\":1,\"name\":\"Home\",\"item\":\"https:\/\/www.geha-laverman.com\/\"},{\"@type\":\"ListItem\",\"position\":2,\"name\":\"Branches\",\"item\":\"https:\/\/www.geha-laverman.com\/branches\/\"},{\"@type\":\"ListItem\",\"position\":3,\"name\":\"OFFSHORE\"}]},{\"@type\":\"WebSite\",\"@id\":\"https:\/\/www.geha-laverman.com\/#website\",\"url\":\"https:\/\/www.geha-laverman.com\/\",\"name\":\"Geha Laverman\",\"description\":\"| Hardox Wearparts Center\",\"publisher\":{\"@id\":\"https:\/\/www.geha-laverman.com\/#organization\"},\"potentialAction\":[{\"@type\":\"SearchAction\",\"target\":{\"@type\":\"EntryPoint\",\"urlTemplate\":\"https:\/\/www.geha-laverman.com\/?s={search_term_string}\"},\"query-input\":{\"@type\":\"PropertyValueSpecification\",\"valueRequired\":true,\"valueName\":\"search_term_string\"}}],\"inLanguage\":\"de-DE\"},{\"@type\":\"Organization\",\"@id\":\"https:\/\/www.geha-laverman.com\/#organization\",\"name\":\"Geha Laverman\",\"url\":\"https:\/\/www.geha-laverman.com\/\",\"logo\":{\"@type\":\"ImageObject\",\"inLanguage\":\"de-DE\",\"@id\":\"https:\/\/www.geha-laverman.com\/#\/schema\/logo\/image\/\",\"url\":\"https:\/\/www.geha-laverman.com\/wp-content\/uploads\/2021\/05\/GehaLavermanLogo-1.svg\",\"contentUrl\":\"https:\/\/www.geha-laverman.com\/wp-content\/uploads\/2021\/05\/GehaLavermanLogo-1.svg\",\"width\":271,\"height\":119,\"caption\":\"Geha Laverman\"},\"image\":{\"@id\":\"https:\/\/www.geha-laverman.com\/#\/schema\/logo\/image\/\"}}]}<\/script>\n<!-- \/ Yoast SEO Premium plugin. -->","yoast_head_json":{"title":"OFFSHORE - Geha Laverman","robots":{"index":"index","follow":"follow","max-snippet":"max-snippet:-1","max-image-preview":"max-image-preview:large","max-video-preview":"max-video-preview:-1"},"canonical":"https:\/\/www.geha-laverman.com\/de\/branchen\/offshore\/","og_locale":"de_DE","og_type":"article","og_title":"OFFSHORE","og_description":"OFFSHORE Geha Laverman levert ook slijtvaste producten aan scheepsbouw en offshore (olie- en gasindustrie) bedrijven. Ook grote baggerbedrijven en","og_url":"https:\/\/www.geha-laverman.com\/de\/branchen\/offshore\/","og_site_name":"Geha Laverman","article_modified_time":"2021-08-18T12:14:11+00:00","og_image":[{"url":"https:\/\/www.geha-laverman.com\/wp-content\/uploads\/2021\/08\/Geha-Laverman_offshore2-1024x768.jpg","type":"","width":"","height":""}],"twitter_card":"summary_large_image","twitter_misc":{"Est. reading time":"1 minute"},"schema":{"@context":"https:\/\/schema.org","@graph":[{"@type":"WebPage","@id":"https:\/\/www.geha-laverman.com\/branches\/offshore\/","url":"https:\/\/www.geha-laverman.com\/branches\/offshore\/","name":"OFFSHORE - Geha Laverman","isPartOf":{"@id":"https:\/\/www.geha-laverman.com\/#website"},"primaryImageOfPage":{"@id":"https:\/\/www.geha-laverman.com\/branches\/offshore\/#primaryimage"},"image":{"@id":"https:\/\/www.geha-laverman.com\/branches\/offshore\/#primaryimage"},"thumbnailUrl":"https:\/\/www.geha-laverman.com\/wp-content\/uploads\/2021\/08\/Geha-Laverman_offshore2-1024x768.jpg","datePublished":"2021-08-18T12:11:28+00:00","dateModified":"2021-08-18T12:14:11+00:00","breadcrumb":{"@id":"https:\/\/www.geha-laverman.com\/branches\/offshore\/#breadcrumb"},"inLanguage":"de-DE","potentialAction":[{"@type":"ReadAction","target":["https:\/\/www.geha-laverman.com\/branches\/offshore\/"]}]},{"@type":"ImageObject","inLanguage":"de-DE","@id":"https:\/\/www.geha-laverman.com\/branches\/offshore\/#primaryimage","url":"https:\/\/www.geha-laverman.com\/wp-content\/uploads\/2021\/08\/Geha-Laverman_offshore2-1024x768.jpg","contentUrl":"https:\/\/www.geha-laverman.com\/wp-content\/uploads\/2021\/08\/Geha-Laverman_offshore2-1024x768.jpg"},{"@type":"BreadcrumbList","@id":"https:\/\/www.geha-laverman.com\/branches\/offshore\/#breadcrumb","itemListElement":[{"@type":"ListItem","position":1,"name":"Home","item":"https:\/\/www.geha-laverman.com\/"},{"@type":"ListItem","position":2,"name":"Branches","item":"https:\/\/www.geha-laverman.com\/branches\/"},{"@type":"ListItem","position":3,"name":"OFFSHORE"}]},{"@type":"WebSite","@id":"https:\/\/www.geha-laverman.com\/#website","url":"https:\/\/www.geha-laverman.com\/","name":"Geha Laverman","description":"| Hardox Wearparts Center","publisher":{"@id":"https:\/\/www.geha-laverman.com\/#organization"},"potentialAction":[{"@type":"SearchAction","target":{"@type":"EntryPoint","urlTemplate":"https:\/\/www.geha-laverman.com\/?s={search_term_string}"},"query-input":{"@type":"PropertyValueSpecification","valueRequired":true,"valueName":"search_term_string"}}],"inLanguage":"de-DE"},{"@type":"Organization","@id":"https:\/\/www.geha-laverman.com\/#organization","name":"Geha Laverman","url":"https:\/\/www.geha-laverman.com\/","logo":{"@type":"ImageObject","inLanguage":"de-DE","@id":"https:\/\/www.geha-laverman.com\/#\/schema\/logo\/image\/","url":"https:\/\/www.geha-laverman.com\/wp-content\/uploads\/2021\/05\/GehaLavermanLogo-1.svg","contentUrl":"https:\/\/www.geha-laverman.com\/wp-content\/uploads\/2021\/05\/GehaLavermanLogo-1.svg","width":271,"height":119,"caption":"Geha Laverman"},"image":{"@id":"https:\/\/www.geha-laverman.com\/#\/schema\/logo\/image\/"}}]}},"_links":{"self":[{"href":"https:\/\/www.geha-laverman.com\/de\/wp-json\/wp\/v2\/pages\/3653","targetHints":{"allow":["GET"]}}],"collection":[{"href":"https:\/\/www.geha-laverman.com\/de\/wp-json\/wp\/v2\/pages"}],"about":[{"href":"https:\/\/www.geha-laverman.com\/de\/wp-json\/wp\/v2\/types\/page"}],"author":[{"embeddable":true,"href":"https:\/\/www.geha-laverman.com\/de\/wp-json\/wp\/v2\/users\/1"}],"replies":[{"embeddable":true,"href":"https:\/\/www.geha-laverman.com\/de\/wp-json\/wp\/v2\/comments?post=3653"}],"version-history":[{"count":7,"href":"https:\/\/www.geha-laverman.com\/de\/wp-json\/wp\/v2\/pages\/3653\/revisions"}],"predecessor-version":[{"id":3660,"href":"https:\/\/www.geha-laverman.com\/de\/wp-json\/wp\/v2\/pages\/3653\/revisions\/3660"}],"up":[{"embeddable":true,"href":"https:\/\/www.geha-laverman.com\/de\/wp-json\/wp\/v2\/pages\/3514"}],"wp:attachment":[{"href":"https:\/\/www.geha-laverman.com\/de\/wp-json\/wp\/v2\/media?parent=3653"}],"curies":[{"name":"wp","href":"https:\/\/api.w.org\/{rel}","templated":true}]}}