{"id":3559,"date":"2021-08-17T22:02:52","date_gmt":"2021-08-17T20:02:52","guid":{"rendered":"https:\/\/simply-delicious.nl\/?page_id=3559"},"modified":"2021-09-05T13:51:53","modified_gmt":"2021-09-05T11:51:53","slug":"rohstoff-gewinnung","status":"publish","type":"page","link":"https:\/\/www.geha-laverman.com\/de\/branches\/grondstofwinning\/","title":{"rendered":"ROHSTOFFGEWINNUNG"},"content":{"rendered":"<div data-elementor-type=\"wp-page\" data-elementor-id=\"3559\" class=\"elementor elementor-3559\" data-elementor-post-type=\"page\">\n\t\t\t\t\t\t<section class=\"elementor-section elementor-top-section elementor-element elementor-element-fe34185 elementor-section-full_width elementor-section-height-default elementor-section-height-default\" data-id=\"fe34185\" data-element_type=\"section\" data-e-type=\"section\" data-settings=\"{&quot;jet_parallax_layout_list&quot;:[]}\">\n\t\t\t\t\t\t\t<div class=\"elementor-background-overlay\"><\/div>\n\t\t\t\t\t\t\t<div class=\"elementor-container elementor-column-gap-no\">\n\t\t\t\t\t<div class=\"elementor-column elementor-col-100 elementor-top-column elementor-element elementor-element-1b538b5\" data-id=\"1b538b5\" data-element_type=\"column\" data-e-type=\"column\">\n\t\t\t<div class=\"elementor-widget-wrap elementor-element-populated\">\n\t\t\t\t\t\t<div class=\"elementor-element elementor-element-22df76c elementor--h-position-center elementor--v-position-middle elementor-widget elementor-widget-slides\" data-id=\"22df76c\" data-element_type=\"widget\" data-e-type=\"widget\" data-settings=\"{&quot;navigation&quot;:&quot;none&quot;,&quot;autoplay&quot;:&quot;yes&quot;,&quot;pause_on_hover&quot;:&quot;yes&quot;,&quot;pause_on_interaction&quot;:&quot;yes&quot;,&quot;autoplay_speed&quot;:5000,&quot;infinite&quot;:&quot;yes&quot;,&quot;transition&quot;:&quot;slide&quot;,&quot;transition_speed&quot;:500}\" data-widget_type=\"slides.default\">\n\t\t\t\t<div class=\"elementor-widget-container\">\n\t\t\t\t\t\t\t\t\t<div class=\"elementor-swiper\">\n\t\t\t\t\t<div class=\"elementor-slides-wrapper elementor-main-swiper swiper\" role=\"region\" aria-roledescription=\"carousel\" aria-label=\"Folien\" dir=\"ltr\" data-animation=\"fadeInUp\">\n\t\t\t\t<div class=\"swiper-wrapper elementor-slides\">\n\t\t\t\t\t\t\t\t\t\t<div class=\"elementor-repeater-item-70ab981 swiper-slide\" role=\"group\" aria-roledescription=\"slide\"><div class=\"swiper-slide-bg\" role=\"img\" aria-label=\"Geha-Laverman-grondstofwinning-komatsu\"><\/div><div class=\"swiper-slide-inner\" ><div class=\"swiper-slide-contents\"><div class=\"elementor-slide-heading\">ROHSTOFFGEWINNUNG<\/div><\/div><\/div><\/div>\t\t\t\t<\/div>\n\t\t\t\t\t\t\t<\/div>\n\t\t\t\t<\/div>\n\t\t\t\t\t\t\t\t<\/div>\n\t\t\t\t<\/div>\n\t\t\t\t\t<\/div>\n\t\t<\/div>\n\t\t\t\t\t<\/div>\n\t\t<\/section>\n\t\t\t\t<section class=\"elementor-section elementor-top-section elementor-element elementor-element-bc68ba7 elementor-section-boxed elementor-section-height-default elementor-section-height-default\" data-id=\"bc68ba7\" data-element_type=\"section\" data-e-type=\"section\" data-settings=\"{&quot;jet_parallax_layout_list&quot;:[]}\">\n\t\t\t\t\t\t<div class=\"elementor-container elementor-column-gap-default\">\n\t\t\t\t\t<div class=\"elementor-column elementor-col-50 elementor-top-column elementor-element elementor-element-810bf99\" data-id=\"810bf99\" data-element_type=\"column\" data-e-type=\"column\">\n\t\t\t<div class=\"elementor-widget-wrap elementor-element-populated\">\n\t\t\t\t\t\t<div class=\"elementor-element elementor-element-a587155 elementor-widget elementor-widget-text-editor\" data-id=\"a587155\" data-element_type=\"widget\" data-e-type=\"widget\" data-widget_type=\"text-editor.default\">\n\t\t\t\t<div class=\"elementor-widget-container\">\n\t\t\t\t\t\t\t\t\t<p>\nBei der Rohstoffgewinnung laufen Maschinen unter extremen Bedingungen. Die Materialg\u00fcte der angebauten Verschlei\u00dfteile ist f\u00fcr Bagger von entscheidender Bedeutung.\n<\/p><p>\nImmerhin ist die Verl\u00e4sslichkeit und Langlebigkeit ein wesentlicher Faktor f\u00fcr die Herstellkosten des gewonnenen Rohstoffs.\n<\/p>\n<p>\nGeha Laverman ist ein exzellenter Partner in diesem Bereich. Sie bieten hochqualitative verschlei\u00dffeste Komponenten f\u00fcr viele Maschinen, die im Bergbau, bei der Zerkleinerung, beim Sieben, Klassifizieren und Entsorgen von verschiedenen Steinen, Erzen, Sand und Kiesprodukten zum Einsatz kommen.\n<\/p>\n&nbsp;\n\n<a style=\"\" href=\"https:\/\/www.geha-laverman.com\/de\/lieferprogramm\/\">Unser Lieferprogramm<\/a>\t\t\t\t\t\t\t\t<\/div>\n\t\t\t\t<\/div>\n\t\t\t\t\t<\/div>\n\t\t<\/div>\n\t\t\t\t<div class=\"elementor-column elementor-col-50 elementor-top-column elementor-element elementor-element-5dc4cb3\" data-id=\"5dc4cb3\" data-element_type=\"column\" data-e-type=\"column\">\n\t\t\t<div class=\"elementor-widget-wrap elementor-element-populated\">\n\t\t\t\t\t\t<div class=\"elementor-element elementor-element-5ab82b8 elementor-widget elementor-widget-image-carousel\" data-id=\"5ab82b8\" data-element_type=\"widget\" data-e-type=\"widget\" data-settings=\"{&quot;slides_to_show&quot;:&quot;1&quot;,&quot;navigation&quot;:&quot;none&quot;,&quot;autoplay&quot;:&quot;yes&quot;,&quot;pause_on_hover&quot;:&quot;yes&quot;,&quot;pause_on_interaction&quot;:&quot;yes&quot;,&quot;autoplay_speed&quot;:5000,&quot;infinite&quot;:&quot;yes&quot;,&quot;effect&quot;:&quot;slide&quot;,&quot;speed&quot;:500}\" data-widget_type=\"image-carousel.default\">\n\t\t\t\t<div class=\"elementor-widget-container\">\n\t\t\t\t\t\t\t<div class=\"elementor-image-carousel-wrapper swiper\" role=\"region\" aria-roledescription=\"carousel\" aria-label=\"Karussell-Bild\" dir=\"ltr\">\n\t\t\t<div class=\"elementor-image-carousel swiper-wrapper\" aria-live=\"off\">\n\t\t\t\t\t\t\t\t<div class=\"swiper-slide\" role=\"group\" aria-roledescription=\"slide\" aria-label=\"1 von 2\"><figure class=\"swiper-slide-inner\"><img decoding=\"async\" class=\"swiper-slide-image\" src=\"https:\/\/www.geha-laverman.com\/wp-content\/uploads\/2021\/08\/earth-mover-in-a-porphyry-rock-quarry-mining-industry-quarry_t20_x6AwzQ.jpg\" alt=\"Geha-Laverman-Ressourcengewinnung\" \/><\/figure><\/div><div class=\"swiper-slide\" role=\"group\" aria-roledescription=\"slide\" aria-label=\"2 von 2\"><figure class=\"swiper-slide-inner\"><img decoding=\"async\" class=\"swiper-slide-image\" src=\"https:\/\/www.geha-laverman.com\/wp-content\/uploads\/2021\/08\/loading-big-mining-truck-mining-industry_t20_JaAVzl-1024x683.jpg\" alt=\"Geha-Laverman-Ressourcengewinnung\" \/><\/figure><\/div>\t\t\t<\/div>\n\t\t\t\t\t\t\t\n\t\t\t\t\t\t\t\t\t<\/div>\n\t\t\t\t\t\t<\/div>\n\t\t\t\t<\/div>\n\t\t\t\t\t<\/div>\n\t\t<\/div>\n\t\t\t\t\t<\/div>\n\t\t<\/section>\n\t\t\t\t<\/div>","protected":false},"excerpt":{"rendered":"<p>GRONDSTOFWINNING Bij grondstofwinning werken machines onder extreme omstandigheden. Bij graafwerktuigen is de materiaalkwaliteit van de gemonteerde slijtdelen van cruciaal belang. Immers de betrouwbaarheid en levensduur wegen sterk mee in de bepaling van de kostprijs van de gewonnen grondstof. Geha Laverman is een prima partner in deze branche. Het levert hoog kwalitatieve slijtvaste onderdelen voor veel [&hellip;]<\/p>\n","protected":false},"author":1,"featured_media":0,"parent":3514,"menu_order":0,"comment_status":"closed","ping_status":"closed","template":"","meta":{"footnotes":""},"class_list":["post-3559","page","type-page","status-publish","hentry"],"yoast_head":"<!-- This site is optimized with the Yoast SEO Premium plugin v27.1 (Yoast SEO v27.1.1) - https:\/\/yoast.com\/product\/yoast-seo-premium-wordpress\/ -->\n<title>GRONDSTOFWINNING - Geha Laverman<\/title>\n<meta name=\"robots\" content=\"index, follow, max-snippet:-1, max-image-preview:large, max-video-preview:-1\" \/>\n<link rel=\"canonical\" href=\"https:\/\/www.geha-laverman.com\/de\/branchen\/rohstoff-gewinnung\/\" \/>\n<meta property=\"og:locale\" content=\"de_DE\" \/>\n<meta property=\"og:type\" content=\"article\" \/>\n<meta property=\"og:title\" content=\"GRONDSTOFWINNING\" \/>\n<meta property=\"og:description\" content=\"GRONDSTOFWINNING Bij grondstofwinning werken machines onder extreme omstandigheden. Bij graafwerktuigen is de materiaalkwaliteit van de gemonteerde\" \/>\n<meta property=\"og:url\" content=\"https:\/\/www.geha-laverman.com\/de\/branchen\/rohstoff-gewinnung\/\" \/>\n<meta property=\"og:site_name\" content=\"Geha Laverman\" \/>\n<meta property=\"article:modified_time\" content=\"2021-09-05T11:51:53+00:00\" \/>\n<meta property=\"og:image\" content=\"https:\/\/www.geha-laverman.com\/wp-content\/uploads\/2021\/08\/earth-mover-in-a-porphyry-rock-quarry-mining-industry-quarry_t20_x6AwzQ.jpg\" \/>\n<meta name=\"twitter:card\" content=\"summary_large_image\" \/>\n<meta name=\"twitter:label1\" content=\"Est. reading time\" \/>\n\t<meta name=\"twitter:data1\" content=\"2 minutes\" \/>\n<script type=\"application\/ld+json\" class=\"yoast-schema-graph\">{\"@context\":\"https:\/\/schema.org\",\"@graph\":[{\"@type\":\"WebPage\",\"@id\":\"https:\/\/www.geha-laverman.com\/branches\/grondstofwinning\/\",\"url\":\"https:\/\/www.geha-laverman.com\/branches\/grondstofwinning\/\",\"name\":\"GRONDSTOFWINNING - Geha Laverman\",\"isPartOf\":{\"@id\":\"https:\/\/www.geha-laverman.com\/#website\"},\"primaryImageOfPage\":{\"@id\":\"https:\/\/www.geha-laverman.com\/branches\/grondstofwinning\/#primaryimage\"},\"image\":{\"@id\":\"https:\/\/www.geha-laverman.com\/branches\/grondstofwinning\/#primaryimage\"},\"thumbnailUrl\":\"https:\/\/www.geha-laverman.com\/wp-content\/uploads\/2021\/08\/earth-mover-in-a-porphyry-rock-quarry-mining-industry-quarry_t20_x6AwzQ.jpg\",\"datePublished\":\"2021-08-17T20:02:52+00:00\",\"dateModified\":\"2021-09-05T11:51:53+00:00\",\"breadcrumb\":{\"@id\":\"https:\/\/www.geha-laverman.com\/branches\/grondstofwinning\/#breadcrumb\"},\"inLanguage\":\"de-DE\",\"potentialAction\":[{\"@type\":\"ReadAction\",\"target\":[\"https:\/\/www.geha-laverman.com\/branches\/grondstofwinning\/\"]}]},{\"@type\":\"ImageObject\",\"inLanguage\":\"de-DE\",\"@id\":\"https:\/\/www.geha-laverman.com\/branches\/grondstofwinning\/#primaryimage\",\"url\":\"https:\/\/www.geha-laverman.com\/wp-content\/uploads\/2021\/08\/earth-mover-in-a-porphyry-rock-quarry-mining-industry-quarry_t20_x6AwzQ.jpg\",\"contentUrl\":\"https:\/\/www.geha-laverman.com\/wp-content\/uploads\/2021\/08\/earth-mover-in-a-porphyry-rock-quarry-mining-industry-quarry_t20_x6AwzQ.jpg\"},{\"@type\":\"BreadcrumbList\",\"@id\":\"https:\/\/www.geha-laverman.com\/branches\/grondstofwinning\/#breadcrumb\",\"itemListElement\":[{\"@type\":\"ListItem\",\"position\":1,\"name\":\"Home\",\"item\":\"https:\/\/www.geha-laverman.com\/\"},{\"@type\":\"ListItem\",\"position\":2,\"name\":\"Branches\",\"item\":\"https:\/\/www.geha-laverman.com\/branches\/\"},{\"@type\":\"ListItem\",\"position\":3,\"name\":\"GRONDSTOFWINNING\"}]},{\"@type\":\"WebSite\",\"@id\":\"https:\/\/www.geha-laverman.com\/#website\",\"url\":\"https:\/\/www.geha-laverman.com\/\",\"name\":\"Geha Laverman\",\"description\":\"| Hardox Wearparts Center\",\"publisher\":{\"@id\":\"https:\/\/www.geha-laverman.com\/#organization\"},\"potentialAction\":[{\"@type\":\"SearchAction\",\"target\":{\"@type\":\"EntryPoint\",\"urlTemplate\":\"https:\/\/www.geha-laverman.com\/?s={search_term_string}\"},\"query-input\":{\"@type\":\"PropertyValueSpecification\",\"valueRequired\":true,\"valueName\":\"search_term_string\"}}],\"inLanguage\":\"de-DE\"},{\"@type\":\"Organization\",\"@id\":\"https:\/\/www.geha-laverman.com\/#organization\",\"name\":\"Geha Laverman\",\"url\":\"https:\/\/www.geha-laverman.com\/\",\"logo\":{\"@type\":\"ImageObject\",\"inLanguage\":\"de-DE\",\"@id\":\"https:\/\/www.geha-laverman.com\/#\/schema\/logo\/image\/\",\"url\":\"https:\/\/www.geha-laverman.com\/wp-content\/uploads\/2021\/05\/GehaLavermanLogo-1.svg\",\"contentUrl\":\"https:\/\/www.geha-laverman.com\/wp-content\/uploads\/2021\/05\/GehaLavermanLogo-1.svg\",\"width\":271,\"height\":119,\"caption\":\"Geha Laverman\"},\"image\":{\"@id\":\"https:\/\/www.geha-laverman.com\/#\/schema\/logo\/image\/\"}}]}<\/script>\n<!-- \/ Yoast SEO Premium plugin. -->","yoast_head_json":{"title":"ROHSTOFFGEWINNUNG - Geha Laverman","robots":{"index":"index","follow":"follow","max-snippet":"max-snippet:-1","max-image-preview":"max-image-preview:large","max-video-preview":"max-video-preview:-1"},"canonical":"https:\/\/www.geha-laverman.com\/de\/branchen\/rohstoff-gewinnung\/","og_locale":"de_DE","og_type":"article","og_title":"GRONDSTOFWINNING","og_description":"GRONDSTOFWINNING Bij grondstofwinning werken machines onder extreme omstandigheden. Bij graafwerktuigen is de materiaalkwaliteit van de gemonteerde","og_url":"https:\/\/www.geha-laverman.com\/de\/branchen\/rohstoff-gewinnung\/","og_site_name":"Geha Laverman","article_modified_time":"2021-09-05T11:51:53+00:00","og_image":[{"url":"https:\/\/www.geha-laverman.com\/wp-content\/uploads\/2021\/08\/earth-mover-in-a-porphyry-rock-quarry-mining-industry-quarry_t20_x6AwzQ.jpg","type":"","width":"","height":""}],"twitter_card":"summary_large_image","twitter_misc":{"Est. reading time":"2 minutes"},"schema":{"@context":"https:\/\/schema.org","@graph":[{"@type":"WebPage","@id":"https:\/\/www.geha-laverman.com\/branches\/grondstofwinning\/","url":"https:\/\/www.geha-laverman.com\/branches\/grondstofwinning\/","name":"ROHSTOFFGEWINNUNG - Geha Laverman","isPartOf":{"@id":"https:\/\/www.geha-laverman.com\/#website"},"primaryImageOfPage":{"@id":"https:\/\/www.geha-laverman.com\/branches\/grondstofwinning\/#primaryimage"},"image":{"@id":"https:\/\/www.geha-laverman.com\/branches\/grondstofwinning\/#primaryimage"},"thumbnailUrl":"https:\/\/www.geha-laverman.com\/wp-content\/uploads\/2021\/08\/earth-mover-in-a-porphyry-rock-quarry-mining-industry-quarry_t20_x6AwzQ.jpg","datePublished":"2021-08-17T20:02:52+00:00","dateModified":"2021-09-05T11:51:53+00:00","breadcrumb":{"@id":"https:\/\/www.geha-laverman.com\/branches\/grondstofwinning\/#breadcrumb"},"inLanguage":"de-DE","potentialAction":[{"@type":"ReadAction","target":["https:\/\/www.geha-laverman.com\/branches\/grondstofwinning\/"]}]},{"@type":"ImageObject","inLanguage":"de-DE","@id":"https:\/\/www.geha-laverman.com\/branches\/grondstofwinning\/#primaryimage","url":"https:\/\/www.geha-laverman.com\/wp-content\/uploads\/2021\/08\/earth-mover-in-a-porphyry-rock-quarry-mining-industry-quarry_t20_x6AwzQ.jpg","contentUrl":"https:\/\/www.geha-laverman.com\/wp-content\/uploads\/2021\/08\/earth-mover-in-a-porphyry-rock-quarry-mining-industry-quarry_t20_x6AwzQ.jpg"},{"@type":"BreadcrumbList","@id":"https:\/\/www.geha-laverman.com\/branches\/grondstofwinning\/#breadcrumb","itemListElement":[{"@type":"ListItem","position":1,"name":"Home","item":"https:\/\/www.geha-laverman.com\/"},{"@type":"ListItem","position":2,"name":"Branches","item":"https:\/\/www.geha-laverman.com\/branches\/"},{"@type":"ListItem","position":3,"name":"GRONDSTOFWINNING"}]},{"@type":"WebSite","@id":"https:\/\/www.geha-laverman.com\/#website","url":"https:\/\/www.geha-laverman.com\/","name":"Geha Laverman","description":"| Hardox Wearparts Center","publisher":{"@id":"https:\/\/www.geha-laverman.com\/#organization"},"potentialAction":[{"@type":"SearchAction","target":{"@type":"EntryPoint","urlTemplate":"https:\/\/www.geha-laverman.com\/?s={search_term_string}"},"query-input":{"@type":"PropertyValueSpecification","valueRequired":true,"valueName":"search_term_string"}}],"inLanguage":"de-DE"},{"@type":"Organization","@id":"https:\/\/www.geha-laverman.com\/#organization","name":"Geha Laverman","url":"https:\/\/www.geha-laverman.com\/","logo":{"@type":"ImageObject","inLanguage":"de-DE","@id":"https:\/\/www.geha-laverman.com\/#\/schema\/logo\/image\/","url":"https:\/\/www.geha-laverman.com\/wp-content\/uploads\/2021\/05\/GehaLavermanLogo-1.svg","contentUrl":"https:\/\/www.geha-laverman.com\/wp-content\/uploads\/2021\/05\/GehaLavermanLogo-1.svg","width":271,"height":119,"caption":"Geha Laverman"},"image":{"@id":"https:\/\/www.geha-laverman.com\/#\/schema\/logo\/image\/"}}]}},"_links":{"self":[{"href":"https:\/\/www.geha-laverman.com\/de\/wp-json\/wp\/v2\/pages\/3559","targetHints":{"allow":["GET"]}}],"collection":[{"href":"https:\/\/www.geha-laverman.com\/de\/wp-json\/wp\/v2\/pages"}],"about":[{"href":"https:\/\/www.geha-laverman.com\/de\/wp-json\/wp\/v2\/types\/page"}],"author":[{"embeddable":true,"href":"https:\/\/www.geha-laverman.com\/de\/wp-json\/wp\/v2\/users\/1"}],"replies":[{"embeddable":true,"href":"https:\/\/www.geha-laverman.com\/de\/wp-json\/wp\/v2\/comments?post=3559"}],"version-history":[{"count":10,"href":"https:\/\/www.geha-laverman.com\/de\/wp-json\/wp\/v2\/pages\/3559\/revisions"}],"predecessor-version":[{"id":3978,"href":"https:\/\/www.geha-laverman.com\/de\/wp-json\/wp\/v2\/pages\/3559\/revisions\/3978"}],"up":[{"embeddable":true,"href":"https:\/\/www.geha-laverman.com\/de\/wp-json\/wp\/v2\/pages\/3514"}],"wp:attachment":[{"href":"https:\/\/www.geha-laverman.com\/de\/wp-json\/wp\/v2\/media?parent=3559"}],"curies":[{"name":"wp","href":"https:\/\/api.w.org\/{rel}","templated":true}]}}