{"id":2566,"date":"2021-05-25T15:51:05","date_gmt":"2021-05-25T13:51:05","guid":{"rendered":"http:\/\/simply-delicious.nl\/?page_id=2566"},"modified":"2025-09-04T13:24:20","modified_gmt":"2025-09-04T11:24:20","slug":"geschichte","status":"publish","type":"page","link":"https:\/\/www.geha-laverman.com\/de\/geschiedenis\/","title":{"rendered":"Geschichte"},"content":{"rendered":"<div data-elementor-type=\"wp-page\" data-elementor-id=\"2566\" class=\"elementor elementor-2566\" data-elementor-post-type=\"page\">\n\t\t\t\t\t\t<section class=\"elementor-section elementor-top-section elementor-element elementor-element-fa8d4ce elementor-section-boxed elementor-section-height-default elementor-section-height-default\" data-id=\"fa8d4ce\" data-element_type=\"section\" data-e-type=\"section\" data-settings=\"{&quot;jet_parallax_layout_list&quot;:[]}\">\n\t\t\t\t\t\t<div class=\"elementor-container elementor-column-gap-default\">\n\t\t\t\t\t<div class=\"elementor-column elementor-col-100 elementor-top-column elementor-element elementor-element-94f2ae2\" data-id=\"94f2ae2\" data-element_type=\"column\" data-e-type=\"column\">\n\t\t\t<div class=\"elementor-widget-wrap elementor-element-populated\">\n\t\t\t\t\t\t<div class=\"elementor-element elementor-element-7a73cfd elementor-widget elementor-widget-heading\" data-id=\"7a73cfd\" data-element_type=\"widget\" data-e-type=\"widget\" data-widget_type=\"heading.default\">\n\t\t\t\t<div class=\"elementor-widget-container\">\n\t\t\t\t\t<h2 class=\"elementor-heading-title elementor-size-default\">Von der technischen Handelsvertretung zum Partner f\u00fcr Verschlei\u00dfteile<\/h2>\t\t\t\t<\/div>\n\t\t\t\t<\/div>\n\t\t\t\t<div class=\"elementor-element elementor-element-67bfa83 elementor-widget elementor-widget-text-editor\" data-id=\"67bfa83\" data-element_type=\"widget\" data-e-type=\"widget\" data-widget_type=\"text-editor.default\">\n\t\t\t\t<div class=\"elementor-widget-container\">\n\t\t\t\t\t\t\t\t\t<p>F\u00fcr Geha begann alles 1952 in der Keizersgracht in Amsterdam. Dort handelte der Gr\u00fcnder Gerard Hinse mit Bremsbel\u00e4gen und Ketten. Nach der Flutkatastrophe von 1953 war es hilfreich, Ausr\u00fcstungen und Ersatzteile f\u00fcr Seilbagger und Bulldozer schnell liefern zu k\u00f6nnen.\nAnfang der sechziger Jahre bezog Geha ein neues Gesch\u00e4ftsgeb\u00e4ude in Sloten. 1991 siedelte sie sich schlie\u00dflich an ihrem jetzigen Standort in Zaandam an. Auf Initiative des heutigen CEO Theo van Schie, der seit 1980 im Unternehmen t\u00e4tig ist, wurde 1998 die erste Brennschneidmaschine installiert. <br \/>Auf Initiative des damaligen Gesch\u00e4ftsf\u00fchrers Theo van Schie, der seit 1980 im Unternehmen t\u00e4tig ist, wurde 1998 die erste Autogenschneidmaschine installiert. <br \/>Nicht ohne Erfolg.<\/p>\t\t\t\t\t\t\t\t<\/div>\n\t\t\t\t<\/div>\n\t\t\t\t<div class=\"elementor-element elementor-element-9e89d46 elementor-widget elementor-widget-gallery\" data-id=\"9e89d46\" data-element_type=\"widget\" data-e-type=\"widget\" data-settings=\"{&quot;columns&quot;:9,&quot;aspect_ratio&quot;:&quot;1:1&quot;,&quot;lazyload&quot;:&quot;yes&quot;,&quot;gallery_layout&quot;:&quot;grid&quot;,&quot;columns_tablet&quot;:2,&quot;columns_mobile&quot;:1,&quot;gap&quot;:{&quot;unit&quot;:&quot;px&quot;,&quot;size&quot;:10,&quot;sizes&quot;:[]},&quot;gap_tablet&quot;:{&quot;unit&quot;:&quot;px&quot;,&quot;size&quot;:10,&quot;sizes&quot;:[]},&quot;gap_mobile&quot;:{&quot;unit&quot;:&quot;px&quot;,&quot;size&quot;:10,&quot;sizes&quot;:[]},&quot;overlay_background&quot;:&quot;yes&quot;,&quot;content_hover_animation&quot;:&quot;fade-in&quot;}\" data-widget_type=\"gallery.default\">\n\t\t\t\t<div class=\"elementor-widget-container\">\n\t\t\t\t\t\t\t<div class=\"elementor-gallery__container\">\n\t\t\t\t\t\t\t<div class=\"e-gallery-item elementor-gallery-item elementor-animated-content\">\n\t\t\t\t\t<div class=\"e-gallery-image elementor-gallery-item__image\" data-thumbnail=\"https:\/\/www.geha-laverman.com\/wp-content\/uploads\/2021\/05\/gehaschiedenis-bagger-300x300-1.jpg\" data-width=\"300\" data-height=\"300\" aria-label=\"\" role=\"img\" ><\/div>\n\t\t\t\t\t\t\t\t\t\t\t<div class=\"elementor-gallery-item__overlay\"><\/div>\n\t\t\t\t\t\t\t\t\t\t\t\t\t\t<\/div>\n\t\t\t\t\t\t\t<div class=\"e-gallery-item elementor-gallery-item elementor-animated-content\">\n\t\t\t\t\t<div class=\"e-gallery-image elementor-gallery-item__image\" data-thumbnail=\"https:\/\/www.geha-laverman.com\/wp-content\/uploads\/2021\/05\/gehaschiedenis-beurs-300x300-1.jpg\" data-width=\"300\" data-height=\"300\" aria-label=\"\" role=\"img\" ><\/div>\n\t\t\t\t\t\t\t\t\t\t\t<div class=\"elementor-gallery-item__overlay\"><\/div>\n\t\t\t\t\t\t\t\t\t\t\t\t\t\t<\/div>\n\t\t\t\t\t\t\t<div class=\"e-gallery-item elementor-gallery-item elementor-animated-content\">\n\t\t\t\t\t<div class=\"e-gallery-image elementor-gallery-item__image\" data-thumbnail=\"https:\/\/www.geha-laverman.com\/wp-content\/uploads\/2021\/05\/gehaschiedenis-dragline-300x300-1.jpg\" data-width=\"300\" data-height=\"300\" aria-label=\"\" role=\"img\" ><\/div>\n\t\t\t\t\t\t\t\t\t\t\t<div class=\"elementor-gallery-item__overlay\"><\/div>\n\t\t\t\t\t\t\t\t\t\t\t\t\t\t<\/div>\n\t\t\t\t\t\t\t<div class=\"e-gallery-item elementor-gallery-item elementor-animated-content\">\n\t\t\t\t\t<div class=\"e-gallery-image elementor-gallery-item__image\" data-thumbnail=\"https:\/\/www.geha-laverman.com\/wp-content\/uploads\/2021\/05\/gehaschiedenis-geha-sloten-300x300-1.jpg\" data-width=\"300\" data-height=\"300\" aria-label=\"\" role=\"img\" ><\/div>\n\t\t\t\t\t\t\t\t\t\t\t<div class=\"elementor-gallery-item__overlay\"><\/div>\n\t\t\t\t\t\t\t\t\t\t\t\t\t\t<\/div>\n\t\t\t\t\t\t\t<div class=\"e-gallery-item elementor-gallery-item elementor-animated-content\">\n\t\t\t\t\t<div class=\"e-gallery-image elementor-gallery-item__image\" data-thumbnail=\"https:\/\/www.geha-laverman.com\/wp-content\/uploads\/2021\/05\/gehaschiedenis-grindemmer.jpg\" data-width=\"269\" data-height=\"269\" aria-label=\"\" role=\"img\" ><\/div>\n\t\t\t\t\t\t\t\t\t\t\t<div class=\"elementor-gallery-item__overlay\"><\/div>\n\t\t\t\t\t\t\t\t\t\t\t\t\t\t<\/div>\n\t\t\t\t\t\t\t<div class=\"e-gallery-item elementor-gallery-item elementor-animated-content\">\n\t\t\t\t\t<div class=\"e-gallery-image elementor-gallery-item__image\" data-thumbnail=\"https:\/\/www.geha-laverman.com\/wp-content\/uploads\/2021\/05\/gehaschiedenis-hinse-300x300-1.jpg\" data-width=\"300\" data-height=\"300\" aria-label=\"\" role=\"img\" ><\/div>\n\t\t\t\t\t\t\t\t\t\t\t<div class=\"elementor-gallery-item__overlay\"><\/div>\n\t\t\t\t\t\t\t\t\t\t\t\t\t\t<\/div>\n\t\t\t\t\t\t\t<div class=\"e-gallery-item elementor-gallery-item elementor-animated-content\">\n\t\t\t\t\t<div class=\"e-gallery-image elementor-gallery-item__image\" data-thumbnail=\"https:\/\/www.geha-laverman.com\/wp-content\/uploads\/2021\/05\/gehaschiedenis-kantelbak-300x300-1.jpg\" data-width=\"300\" data-height=\"300\" aria-label=\"\" role=\"img\" ><\/div>\n\t\t\t\t\t\t\t\t\t\t\t<div class=\"elementor-gallery-item__overlay\"><\/div>\n\t\t\t\t\t\t\t\t\t\t\t\t\t\t<\/div>\n\t\t\t\t\t\t\t<div class=\"e-gallery-item elementor-gallery-item elementor-animated-content\">\n\t\t\t\t\t<div class=\"e-gallery-image elementor-gallery-item__image\" data-thumbnail=\"https:\/\/www.geha-laverman.com\/wp-content\/uploads\/2021\/05\/gehaschiedenis-keet-300x300-1.jpg\" data-width=\"300\" data-height=\"300\" aria-label=\"\" role=\"img\" ><\/div>\n\t\t\t\t\t\t\t\t\t\t\t<div class=\"elementor-gallery-item__overlay\"><\/div>\n\t\t\t\t\t\t\t\t\t\t\t\t\t\t<\/div>\n\t\t\t\t\t\t\t<div class=\"e-gallery-item elementor-gallery-item elementor-animated-content\">\n\t\t\t\t\t<div class=\"e-gallery-image elementor-gallery-item__image\" data-thumbnail=\"https:\/\/www.geha-laverman.com\/wp-content\/uploads\/2021\/05\/gehaschiedenis-krant-laverman.jpg\" data-width=\"187\" data-height=\"187\" aria-label=\"\" role=\"img\" ><\/div>\n\t\t\t\t\t\t\t\t\t\t\t<div class=\"elementor-gallery-item__overlay\"><\/div>\n\t\t\t\t\t\t\t\t\t\t\t\t\t\t<\/div>\n\t\t\t\t\t<\/div>\n\t\t\t\t\t<\/div>\n\t\t\t\t<\/div>\n\t\t\t\t<div class=\"elementor-element elementor-element-666250c elementor-widget elementor-widget-text-editor\" data-id=\"666250c\" data-element_type=\"widget\" data-e-type=\"widget\" data-widget_type=\"text-editor.default\">\n\t\t\t\t<div class=\"elementor-widget-container\">\n\t\t\t\t\t\t\t\t\t<p>Mit mehr als 1800 Kunden, von der Agrarwirtschaft bis hin zu Offshore-Unternehmen, ist Geha heute der Lieferant von verschlei\u00dffesten Produkten aus Hardox-Materialien. In Zaandam verf\u00fcgt das Unternehmen \u00fcber mehr als 8000 Quadratmeter Arbeitsfl\u00e4che, auf denen t\u00e4glich 37 Fachleute arbeiten.<\/p><p>1949 gr\u00fcndete Doekle Laverman in Zandvoort sein Technisches Handelsb\u00fcro f\u00fcr Industrie- und Bauwesen. K\u00fcmmerte sich das Unternehmen zun\u00e4chst um die Konstruktion und den Bau von Fahrzeugen und Materialien f\u00fcr die Steinindustrie, konzentrierte sich Laverman sp\u00e4ter auf Bauteile. Damals beriet Laverman die niederl\u00e4ndische Eisenbahn (Nederlandse Spoorwegen) \u00fcber das Schienenbettmaterial.<\/p><p>Nach einer \u00dcbernahme im Jahr 1986 trat Laverman als Aktion\u00e4r zur\u00fcck und konzentrierte sich unter der F\u00fchrung von Henk Wille zunehmend auf die Lieferung von Komponenten f\u00fcr rohstoffverarbeitende Anlagen. Da die erfolgreiche Vertretung von Magotteaux und Ludwig Krieger eine wesentlich gr\u00f6\u00dfere Lagerfl\u00e4che erforderte, zog Laverman nach Alphen aan den Rijn. In der Zeit 1998 bis 2008 verf\u00fcgte Laverman auch noch \u00fcber eine eigene Fabrik f\u00fcr F\u00f6rderb\u00e4nder  in Borne, in der Provinz Overijssel.<\/p>\t\t\t\t\t\t\t\t<\/div>\n\t\t\t\t<\/div>\n\t\t\t\t<div class=\"elementor-element elementor-element-1e95404 elementor-widget elementor-widget-gallery\" data-id=\"1e95404\" data-element_type=\"widget\" data-e-type=\"widget\" data-settings=\"{&quot;columns&quot;:9,&quot;aspect_ratio&quot;:&quot;1:1&quot;,&quot;lazyload&quot;:&quot;yes&quot;,&quot;gallery_layout&quot;:&quot;grid&quot;,&quot;columns_tablet&quot;:2,&quot;columns_mobile&quot;:1,&quot;gap&quot;:{&quot;unit&quot;:&quot;px&quot;,&quot;size&quot;:10,&quot;sizes&quot;:[]},&quot;gap_tablet&quot;:{&quot;unit&quot;:&quot;px&quot;,&quot;size&quot;:10,&quot;sizes&quot;:[]},&quot;gap_mobile&quot;:{&quot;unit&quot;:&quot;px&quot;,&quot;size&quot;:10,&quot;sizes&quot;:[]},&quot;overlay_background&quot;:&quot;yes&quot;,&quot;content_hover_animation&quot;:&quot;fade-in&quot;}\" data-widget_type=\"gallery.default\">\n\t\t\t\t<div class=\"elementor-widget-container\">\n\t\t\t\t\t\t\t<div class=\"elementor-gallery__container\">\n\t\t\t\t\t\t\t<div class=\"e-gallery-item elementor-gallery-item elementor-animated-content\">\n\t\t\t\t\t<div class=\"e-gallery-image elementor-gallery-item__image\" data-thumbnail=\"https:\/\/www.geha-laverman.com\/wp-content\/uploads\/2021\/05\/gehaschiedenis-rups-300x300-1.jpg\" data-width=\"300\" data-height=\"300\" aria-label=\"\" role=\"img\" ><\/div>\n\t\t\t\t\t\t\t\t\t\t\t<div class=\"elementor-gallery-item__overlay\"><\/div>\n\t\t\t\t\t\t\t\t\t\t\t\t\t\t<\/div>\n\t\t\t\t\t\t\t<div class=\"e-gallery-item elementor-gallery-item elementor-animated-content\">\n\t\t\t\t\t<div class=\"e-gallery-image elementor-gallery-item__image\" data-thumbnail=\"https:\/\/www.geha-laverman.com\/wp-content\/uploads\/2021\/05\/gehaschiedenis-merwede.jpg\" data-width=\"194\" data-height=\"194\" aria-label=\"\" role=\"img\" ><\/div>\n\t\t\t\t\t\t\t\t\t\t\t<div class=\"elementor-gallery-item__overlay\"><\/div>\n\t\t\t\t\t\t\t\t\t\t\t\t\t\t<\/div>\n\t\t\t\t\t\t\t<div class=\"e-gallery-item elementor-gallery-item elementor-animated-content\">\n\t\t\t\t\t<div class=\"e-gallery-image elementor-gallery-item__image\" data-thumbnail=\"https:\/\/www.geha-laverman.com\/wp-content\/uploads\/2021\/05\/gehaschiedenis-scan-202x300-1.jpg\" data-width=\"202\" data-height=\"300\" aria-label=\"\" role=\"img\" ><\/div>\n\t\t\t\t\t\t\t\t\t\t\t<div class=\"elementor-gallery-item__overlay\"><\/div>\n\t\t\t\t\t\t\t\t\t\t\t\t\t\t<\/div>\n\t\t\t\t\t\t\t<div class=\"e-gallery-item elementor-gallery-item elementor-animated-content\">\n\t\t\t\t\t<div class=\"e-gallery-image elementor-gallery-item__image\" data-thumbnail=\"https:\/\/www.geha-laverman.com\/wp-content\/uploads\/2021\/05\/gehaschiedenis-scan-224x300-1.jpg\" data-width=\"224\" data-height=\"300\" aria-label=\"\" role=\"img\" ><\/div>\n\t\t\t\t\t\t\t\t\t\t\t<div class=\"elementor-gallery-item__overlay\"><\/div>\n\t\t\t\t\t\t\t\t\t\t\t\t\t\t<\/div>\n\t\t\t\t\t\t\t<div class=\"e-gallery-item elementor-gallery-item elementor-animated-content\">\n\t\t\t\t\t<div class=\"e-gallery-image elementor-gallery-item__image\" data-thumbnail=\"https:\/\/www.geha-laverman.com\/wp-content\/uploads\/2021\/05\/gehaschiedenis-sloten-300x300-1.jpg\" data-width=\"300\" data-height=\"300\" aria-label=\"\" role=\"img\" ><\/div>\n\t\t\t\t\t\t\t\t\t\t\t<div class=\"elementor-gallery-item__overlay\"><\/div>\n\t\t\t\t\t\t\t\t\t\t\t\t\t\t<\/div>\n\t\t\t\t\t\t\t<div class=\"e-gallery-item elementor-gallery-item elementor-animated-content\">\n\t\t\t\t\t<div class=\"e-gallery-image elementor-gallery-item__image\" data-thumbnail=\"https:\/\/www.geha-laverman.com\/wp-content\/uploads\/2021\/05\/gehaschiedenis-trein-300x300-1.jpg\" data-width=\"300\" data-height=\"300\" aria-label=\"\" role=\"img\" ><\/div>\n\t\t\t\t\t\t\t\t\t\t\t<div class=\"elementor-gallery-item__overlay\"><\/div>\n\t\t\t\t\t\t\t\t\t\t\t\t\t\t<\/div>\n\t\t\t\t\t\t\t<div class=\"e-gallery-item elementor-gallery-item elementor-animated-content\">\n\t\t\t\t\t<div class=\"e-gallery-image elementor-gallery-item__image\" data-thumbnail=\"https:\/\/www.geha-laverman.com\/wp-content\/uploads\/2021\/05\/gehaschiedenis-vlag-300x300-1.jpg\" data-width=\"300\" data-height=\"300\" aria-label=\"\" role=\"img\" ><\/div>\n\t\t\t\t\t\t\t\t\t\t\t<div class=\"elementor-gallery-item__overlay\"><\/div>\n\t\t\t\t\t\t\t\t\t\t\t\t\t\t<\/div>\n\t\t\t\t\t\t\t<div class=\"e-gallery-item elementor-gallery-item elementor-animated-content\">\n\t\t\t\t\t<div class=\"e-gallery-image elementor-gallery-item__image\" data-thumbnail=\"https:\/\/www.geha-laverman.com\/wp-content\/uploads\/2021\/05\/gehaschiedenis-vruchten.jpg\" data-width=\"210\" data-height=\"210\" aria-label=\"\" role=\"img\" ><\/div>\n\t\t\t\t\t\t\t\t\t\t\t<div class=\"elementor-gallery-item__overlay\"><\/div>\n\t\t\t\t\t\t\t\t\t\t\t\t\t\t<\/div>\n\t\t\t\t\t\t\t<div class=\"e-gallery-item elementor-gallery-item elementor-animated-content\">\n\t\t\t\t\t<div class=\"e-gallery-image elementor-gallery-item__image\" data-thumbnail=\"https:\/\/www.geha-laverman.com\/wp-content\/uploads\/2021\/05\/gehaschiedenis-water-300x300-1.jpg\" data-width=\"300\" data-height=\"300\" aria-label=\"\" role=\"img\" ><\/div>\n\t\t\t\t\t\t\t\t\t\t\t<div class=\"elementor-gallery-item__overlay\"><\/div>\n\t\t\t\t\t\t\t\t\t\t\t\t\t\t<\/div>\n\t\t\t\t\t<\/div>\n\t\t\t\t\t<\/div>\n\t\t\t\t<\/div>\n\t\t\t\t<div class=\"elementor-element elementor-element-2683a96 elementor-widget elementor-widget-text-editor\" data-id=\"2683a96\" data-element_type=\"widget\" data-e-type=\"widget\" data-widget_type=\"text-editor.default\">\n\t\t\t\t<div class=\"elementor-widget-container\">\n\t\t\t\t\t\t\t\t\tIm Jahr 2001 zog Laverman an seinen heutigen Standort am Distributieweg in Alphen um. Damals verf\u00fcgte das Unternehmen \u00fcber 15 hundert Quadratmeter B\u00fcro- und Lagerfl\u00e4che und besch\u00e4ftigte 17 Mitarbeiter, darunter Paul de Grijs und Erik Bloot als Gesch\u00e4ftsf\u00fchrer und Gesellschafter.\n\nMitte 2013 beschlossen Geha und Laverman, ihre Kr\u00e4fte zu b\u00fcndeln und zusammenzuarbeiten. Geha Laverman BV wurde so zum gr\u00f6\u00dften Hardox\u00a9\ufe0f Wearparts Centre der Welt. Inzwischen hat die schwedische SSAB alle Anteile erworben, und Piet van Breukelen steht an der Spitze von Geha Laverman.<br><br>\nIm Jahr 2025 wurde der gro\u00dfe Bestand an Gussteilen von den R\u00e4umlichkeiten in Alphen a\/d Rijn\nan einen neuen Lagerstandort in der Kleinen Tocht in Zaandam.  Damit endet die\n\u00c4ra von Geha-Laverman in Alphen a\/d Rijn zu Ende, und diese Niederlassung wurde geschlossen.\t\t\t\t\t\t\t\t<\/div>\n\t\t\t\t<\/div>\n\t\t\t\t\t<\/div>\n\t\t<\/div>\n\t\t\t\t\t<\/div>\n\t\t<\/section>\n\t\t\t\t<\/div>","protected":false},"excerpt":{"rendered":"<p>Van technisch handelsbureau tot partners in slijtvaste onderdelen Voor Geha begon het allemaal in 1952 op de Amsterdamse Keizersgracht. Oprichter Gerard Hinse handelde daar in remvoeringen en kettingen. Na de Watersnoodramp van 1953 was het behulpzaam met het snel kunnen leveren van materieel en reservedelen voor draglines en bulldozers. Begin zestiger jaren verhuisde Geha naar [&hellip;]<\/p>\n","protected":false},"author":1,"featured_media":0,"parent":0,"menu_order":0,"comment_status":"closed","ping_status":"closed","template":"","meta":{"footnotes":""},"class_list":["post-2566","page","type-page","status-publish","hentry"],"yoast_head":"<!-- This site is optimized with the Yoast SEO Premium plugin v27.1 (Yoast SEO v27.1.1) - https:\/\/yoast.com\/product\/yoast-seo-premium-wordpress\/ -->\n<title>Geschiedenis - Geha Laverman<\/title>\n<meta name=\"robots\" content=\"index, follow, max-snippet:-1, max-image-preview:large, max-video-preview:-1\" \/>\n<link rel=\"canonical\" href=\"https:\/\/www.geha-laverman.com\/de\/geschichte\/\" \/>\n<meta property=\"og:locale\" content=\"de_DE\" \/>\n<meta property=\"og:type\" content=\"article\" \/>\n<meta property=\"og:title\" content=\"Geschiedenis\" \/>\n<meta property=\"og:description\" content=\"Van technisch handelsbureau tot partners in slijtvaste onderdelen Voor Geha begon het allemaal in 1952 op de Amsterdamse Keizersgracht. Oprichter Gerard\" \/>\n<meta property=\"og:url\" content=\"https:\/\/www.geha-laverman.com\/de\/geschichte\/\" \/>\n<meta property=\"og:site_name\" content=\"Geha Laverman\" \/>\n<meta property=\"article:modified_time\" content=\"2025-09-04T11:24:20+00:00\" \/>\n<meta name=\"twitter:card\" content=\"summary_large_image\" \/>\n<meta name=\"twitter:label1\" content=\"Est. reading time\" \/>\n\t<meta name=\"twitter:data1\" content=\"2 minutes\" \/>\n<script type=\"application\/ld+json\" class=\"yoast-schema-graph\">{\"@context\":\"https:\/\/schema.org\",\"@graph\":[{\"@type\":\"WebPage\",\"@id\":\"https:\/\/www.geha-laverman.com\/geschiedenis\/\",\"url\":\"https:\/\/www.geha-laverman.com\/geschiedenis\/\",\"name\":\"Geschiedenis - Geha Laverman\",\"isPartOf\":{\"@id\":\"https:\/\/www.geha-laverman.com\/#website\"},\"datePublished\":\"2021-05-25T13:51:05+00:00\",\"dateModified\":\"2025-09-04T11:24:20+00:00\",\"breadcrumb\":{\"@id\":\"https:\/\/www.geha-laverman.com\/geschiedenis\/#breadcrumb\"},\"inLanguage\":\"de-DE\",\"potentialAction\":[{\"@type\":\"ReadAction\",\"target\":[\"https:\/\/www.geha-laverman.com\/geschiedenis\/\"]}]},{\"@type\":\"BreadcrumbList\",\"@id\":\"https:\/\/www.geha-laverman.com\/geschiedenis\/#breadcrumb\",\"itemListElement\":[{\"@type\":\"ListItem\",\"position\":1,\"name\":\"Home\",\"item\":\"https:\/\/www.geha-laverman.com\/\"},{\"@type\":\"ListItem\",\"position\":2,\"name\":\"Geschiedenis\"}]},{\"@type\":\"WebSite\",\"@id\":\"https:\/\/www.geha-laverman.com\/#website\",\"url\":\"https:\/\/www.geha-laverman.com\/\",\"name\":\"Geha Laverman\",\"description\":\"| Hardox Wearparts Center\",\"publisher\":{\"@id\":\"https:\/\/www.geha-laverman.com\/#organization\"},\"potentialAction\":[{\"@type\":\"SearchAction\",\"target\":{\"@type\":\"EntryPoint\",\"urlTemplate\":\"https:\/\/www.geha-laverman.com\/?s={search_term_string}\"},\"query-input\":{\"@type\":\"PropertyValueSpecification\",\"valueRequired\":true,\"valueName\":\"search_term_string\"}}],\"inLanguage\":\"de-DE\"},{\"@type\":\"Organization\",\"@id\":\"https:\/\/www.geha-laverman.com\/#organization\",\"name\":\"Geha Laverman\",\"url\":\"https:\/\/www.geha-laverman.com\/\",\"logo\":{\"@type\":\"ImageObject\",\"inLanguage\":\"de-DE\",\"@id\":\"https:\/\/www.geha-laverman.com\/#\/schema\/logo\/image\/\",\"url\":\"https:\/\/www.geha-laverman.com\/wp-content\/uploads\/2021\/05\/GehaLavermanLogo-1.svg\",\"contentUrl\":\"https:\/\/www.geha-laverman.com\/wp-content\/uploads\/2021\/05\/GehaLavermanLogo-1.svg\",\"width\":271,\"height\":119,\"caption\":\"Geha Laverman\"},\"image\":{\"@id\":\"https:\/\/www.geha-laverman.com\/#\/schema\/logo\/image\/\"}}]}<\/script>\n<!-- \/ Yoast SEO Premium plugin. -->","yoast_head_json":{"title":"Geschichte - Geha Laverman","robots":{"index":"index","follow":"follow","max-snippet":"max-snippet:-1","max-image-preview":"max-image-preview:large","max-video-preview":"max-video-preview:-1"},"canonical":"https:\/\/www.geha-laverman.com\/de\/geschichte\/","og_locale":"de_DE","og_type":"article","og_title":"Geschiedenis","og_description":"Van technisch handelsbureau tot partners in slijtvaste onderdelen Voor Geha begon het allemaal in 1952 op de Amsterdamse Keizersgracht. Oprichter Gerard","og_url":"https:\/\/www.geha-laverman.com\/de\/geschichte\/","og_site_name":"Geha Laverman","article_modified_time":"2025-09-04T11:24:20+00:00","twitter_card":"summary_large_image","twitter_misc":{"Est. reading time":"2 minutes"},"schema":{"@context":"https:\/\/schema.org","@graph":[{"@type":"WebPage","@id":"https:\/\/www.geha-laverman.com\/geschiedenis\/","url":"https:\/\/www.geha-laverman.com\/geschiedenis\/","name":"Geschichte - Geha Laverman","isPartOf":{"@id":"https:\/\/www.geha-laverman.com\/#website"},"datePublished":"2021-05-25T13:51:05+00:00","dateModified":"2025-09-04T11:24:20+00:00","breadcrumb":{"@id":"https:\/\/www.geha-laverman.com\/geschiedenis\/#breadcrumb"},"inLanguage":"de-DE","potentialAction":[{"@type":"ReadAction","target":["https:\/\/www.geha-laverman.com\/geschiedenis\/"]}]},{"@type":"BreadcrumbList","@id":"https:\/\/www.geha-laverman.com\/geschiedenis\/#breadcrumb","itemListElement":[{"@type":"ListItem","position":1,"name":"Home","item":"https:\/\/www.geha-laverman.com\/"},{"@type":"ListItem","position":2,"name":"Geschiedenis"}]},{"@type":"WebSite","@id":"https:\/\/www.geha-laverman.com\/#website","url":"https:\/\/www.geha-laverman.com\/","name":"Geha Laverman","description":"| Hardox Wearparts Center","publisher":{"@id":"https:\/\/www.geha-laverman.com\/#organization"},"potentialAction":[{"@type":"SearchAction","target":{"@type":"EntryPoint","urlTemplate":"https:\/\/www.geha-laverman.com\/?s={search_term_string}"},"query-input":{"@type":"PropertyValueSpecification","valueRequired":true,"valueName":"search_term_string"}}],"inLanguage":"de-DE"},{"@type":"Organization","@id":"https:\/\/www.geha-laverman.com\/#organization","name":"Geha Laverman","url":"https:\/\/www.geha-laverman.com\/","logo":{"@type":"ImageObject","inLanguage":"de-DE","@id":"https:\/\/www.geha-laverman.com\/#\/schema\/logo\/image\/","url":"https:\/\/www.geha-laverman.com\/wp-content\/uploads\/2021\/05\/GehaLavermanLogo-1.svg","contentUrl":"https:\/\/www.geha-laverman.com\/wp-content\/uploads\/2021\/05\/GehaLavermanLogo-1.svg","width":271,"height":119,"caption":"Geha Laverman"},"image":{"@id":"https:\/\/www.geha-laverman.com\/#\/schema\/logo\/image\/"}}]}},"_links":{"self":[{"href":"https:\/\/www.geha-laverman.com\/de\/wp-json\/wp\/v2\/pages\/2566","targetHints":{"allow":["GET"]}}],"collection":[{"href":"https:\/\/www.geha-laverman.com\/de\/wp-json\/wp\/v2\/pages"}],"about":[{"href":"https:\/\/www.geha-laverman.com\/de\/wp-json\/wp\/v2\/types\/page"}],"author":[{"embeddable":true,"href":"https:\/\/www.geha-laverman.com\/de\/wp-json\/wp\/v2\/users\/1"}],"replies":[{"embeddable":true,"href":"https:\/\/www.geha-laverman.com\/de\/wp-json\/wp\/v2\/comments?post=2566"}],"version-history":[{"count":21,"href":"https:\/\/www.geha-laverman.com\/de\/wp-json\/wp\/v2\/pages\/2566\/revisions"}],"predecessor-version":[{"id":6020,"href":"https:\/\/www.geha-laverman.com\/de\/wp-json\/wp\/v2\/pages\/2566\/revisions\/6020"}],"wp:attachment":[{"href":"https:\/\/www.geha-laverman.com\/de\/wp-json\/wp\/v2\/media?parent=2566"}],"curies":[{"name":"wp","href":"https:\/\/api.w.org\/{rel}","templated":true}]}}